{"id":11894,"date":"2023-06-21T19:51:55","date_gmt":"2023-06-21T17:51:55","guid":{"rendered":"https:\/\/www.tktranslate.pl\/offer\/zasilki-z-zagranicy\/"},"modified":"2023-10-30T13:07:22","modified_gmt":"2023-10-30T12:07:22","slug":"foreign-family-benefits","status":"publish","type":"page","link":"https:\/\/www.tktranslate.pl\/en\/offer\/foreign-family-benefits\/","title":{"rendered":"Foreign family benefits"},"content":{"rendered":"\t\t<div data-elementor-type=\"wp-page\" data-elementor-id=\"11894\" class=\"elementor elementor-11894\">\n\t\t\t\t\t\t<section class=\" elementor-section elementor-top-section elementor-element elementor-element-2655016 elementor-section-boxed elementor-section-height-default elementor-section-height-default smart-sticky-default\" data-id=\"2655016\" data-element_type=\"section\" data-e-type=\"section\">\r\n\t\t\t\t\t\t\t\t<div class=\"elementor-container elementor-column-gap-default\">\r\n\t\t\t\t\r\n\t\t\t\t\t\t\t\t<div class=\" elementor-column elementor-col-100 elementor-top-column elementor-element elementor-element-22a4910 \" data-id=\"22a4910\" data-element_type=\"column\" data-e-type=\"column\">\r\n\r\n\t\t\t\t\r\n\t\t\t\t<div class=\"elementor-widget-wrap elementor-element-populated\">\r\n\t\t\t\t\t\t\t\t\t\t\r\n\t\t\t\t\t\t<div class=\"elementor-element elementor-element-8d12e3d elementor-widget elementor-widget-udesign_widget_heading\" data-id=\"8d12e3d\" data-element_type=\"widget\" data-e-type=\"widget\" data-widget_type=\"udesign_widget_heading.default\">\n\t\t\t\t<div class=\"elementor-widget-container\">\n\t\t\t\t\t<div class=\"title-wrapper  title-cross title-center\"><h2 class=\"title elementor-heading-title\">Choose country<\/h2><\/div>\t\t\t\t<\/div>\n\t\t\t\t<\/div>\n\t\t\t\t\t\t<\/div>\r\n\t\t\t\t<\/div>\r\n\t\t\t\t\t\t\t\t<\/div>\r\n\t\t\t<\/section>\r\n\t\t\t\t\t<section class=\" elementor-section elementor-top-section elementor-element elementor-element-2d96e36 elementor-section-boxed elementor-section-height-default elementor-section-height-default smart-sticky-default\" data-id=\"2d96e36\" data-element_type=\"section\" data-e-type=\"section\">\r\n\t\t\t\t\t\t\t\t<!-- Start .elementor-container -->\r\n\t\t\t\t\t<div class=\"elementor-container elementor-column-gap-no\">\r\n\t\t\t\t\t<!-- Start Slider Wrapper -->\r\n\t\t\t\t\t<div class=\" row cols-lg-2 cols-md-2 cols-sm-1 cols-1 cols-xl-2  gutter-lg slider-wrapper\"  data-slider-options=\"{&quot;spaceBetween&quot;:30,&quot;effect&quot;:&quot;slide&quot;,&quot;slidesPerView&quot;:2,&quot;breakpoints&quot;:{&quot;2401&quot;:{&quot;slidesPerView&quot;:2},&quot;1440&quot;:{&quot;slidesPerView&quot;:2},&quot;1200&quot;:{&quot;slidesPerView&quot;:2},&quot;992&quot;:{&quot;slidesPerView&quot;:2},&quot;768&quot;:{&quot;slidesPerView&quot;:2},&quot;576&quot;:{&quot;slidesPerView&quot;:1},&quot;0&quot;:{&quot;slidesPerView&quot;:1}},&quot;statusClass&quot;:&quot;slider-dots-default&quot;}\">\r\n\t\t\t\t\t\t\t\t\t<div class=\" elementor-column elementor-col-50 elementor-top-column elementor-element elementor-element-4c6d7f8 \" data-id=\"4c6d7f8\" data-element_type=\"column\" data-e-type=\"column\">\r\n\r\n\t\t\t\t\r\n\t\t\t\t<div class=\"elementor-widget-wrap elementor-element-populated\">\r\n\t\t\t\t\t\t\t\t\t\t\r\n\t\t\t\t\t\t<div class=\"elementor-element elementor-element-532dbb3 cs-image-box elementor-invisible elementor-widget elementor-widget-udesign_widget_imagebox\" data-id=\"532dbb3\" data-element_type=\"widget\" data-e-type=\"widget\" data-settings=\"{&quot;_animation&quot;:&quot;fadeInLeftShorter&quot;}\" data-widget_type=\"udesign_widget_imagebox.default\">\n\t\t\t\t<div class=\"elementor-widget-container\">\n\t\t\t\t\t<div class=\"image-box position-top\"><figure class=\"has-link\"><img fetchpriority=\"high\" decoding=\"async\" width=\"300\" height=\"200\" src=\"https:\/\/www.tktranslate.pl\/wp-content\/uploads\/2023\/06\/tktranslate-flaga-niemcy-de-300x200.jpg\" class=\"attachment-medium size-medium wp-image-9159\" alt=\"\" \/><a href=\"\/en\/offer\/foreign-family-benefits\/german-family-benefits\" aria-label=\"Image\"><\/a><\/figure><div class=\"image-box-content\"><h3 class=\"title\"><a href=\"\/en\/offer\/foreign-family-benefits\/german-family-benefits\" aria-label=\"Image\">German family benefits<\/a><\/h3><a class=\"btn btn-outline btn-md btn-ellipse btn-dark btn-icon btn-icon-right\" href=\"\/en\/offer\/foreign-family-benefits\/german-family-benefits\" ><span >More<\/span><i class=\"  u-icon-long-arrow-right\"><\/i><\/a><\/div><\/div>\t\t\t\t<\/div>\n\t\t\t\t<\/div>\n\t\t\t\t\t\t<\/div>\r\n\t\t\t\t<\/div>\r\n\t\t\t\t\t\t\t\t\t<div class=\" elementor-column elementor-col-50 elementor-top-column elementor-element elementor-element-4e0b29c \" data-id=\"4e0b29c\" data-element_type=\"column\" data-e-type=\"column\">\r\n\r\n\t\t\t\t\r\n\t\t\t\t<div class=\"elementor-widget-wrap elementor-element-populated\">\r\n\t\t\t\t\t\t\t\t\t\t\r\n\t\t\t\t\t\t<div class=\"elementor-element elementor-element-ae27c60 cs-image-box elementor-invisible elementor-widget elementor-widget-udesign_widget_imagebox\" data-id=\"ae27c60\" data-element_type=\"widget\" data-e-type=\"widget\" data-settings=\"{&quot;_animation&quot;:&quot;fadeInLeftShorter&quot;}\" data-widget_type=\"udesign_widget_imagebox.default\">\n\t\t\t\t<div class=\"elementor-widget-container\">\n\t\t\t\t\t<div class=\"image-box position-top\"><figure class=\"has-link\"><img decoding=\"async\" width=\"300\" height=\"200\" src=\"https:\/\/www.tktranslate.pl\/wp-content\/uploads\/2023\/06\/tktranslate-flaga-austria-300x200.jpg\" class=\"attachment-medium size-medium wp-image-9155\" alt=\"\" \/><a href=\"\/en\/offer\/foreign-family-benefits\/austrian-family-benefits\" aria-label=\"Image\"><\/a><\/figure><div class=\"image-box-content\"><h3 class=\"title\"><a href=\"\/en\/offer\/foreign-family-benefits\/austrian-family-benefits\" aria-label=\"Image\">Austrian family benefits<\/a><\/h3><a class=\"btn btn-outline btn-md btn-ellipse btn-dark btn-icon btn-icon-right\" href=\"\/en\/offer\/foreign-family-benefits\/austrian-family-benefits\" ><span >More<\/span><i class=\"  u-icon-long-arrow-right\"><\/i><\/a><\/div><\/div>\t\t\t\t<\/div>\n\t\t\t\t<\/div>\n\t\t\t\t\t\t<\/div>\r\n\t\t\t\t<\/div>\r\n\t\t\t\t\t\t\t\t\t<\/div><!-- End Slider Wrapper & .elementor-row -->\r\n\t\t\t\t<\/div><!-- End .elementor-container -->\r\n\t\t\t\t\t\t\t\t<\/section>\r\n\t\t\t\t\t\t<\/div>\n\t\t","protected":false},"excerpt":{"rendered":"<p>Choose country German family benefits More Austrian family benefits More<\/p>\n","protected":false},"author":1,"featured_media":0,"parent":11770,"menu_order":0,"comment_status":"closed","ping_status":"closed","template":"","meta":{"_acf_changed":false,"footnotes":""},"class_list":["post-11894","page","type-page","status-publish","hentry"],"acf":[],"yoast_head":"<!-- This site is optimized with the Yoast SEO plugin v26.9 - https:\/\/yoast.com\/product\/yoast-seo-wordpress\/ -->\n<title>Foreign family benefits - TKTRANSLATE Biuro T\u0142umacze\u0144 Krosno<\/title>\n<meta name=\"robots\" content=\"index, follow, max-snippet:-1, max-image-preview:large, max-video-preview:-1\" \/>\n<link rel=\"canonical\" href=\"https:\/\/www.tktranslate.pl\/oferta\/zasilki-z-zagranicy\/\" \/>\n<meta property=\"og:locale\" content=\"en_US\" \/>\n<meta property=\"og:type\" content=\"article\" \/>\n<meta property=\"og:title\" content=\"Foreign family benefits - TKTRANSLATE Biuro T\u0142umacze\u0144 Krosno\" \/>\n<meta property=\"og:description\" content=\"Choose country German family benefits More Austrian family benefits More\" \/>\n<meta property=\"og:url\" content=\"https:\/\/www.tktranslate.pl\/oferta\/zasilki-z-zagranicy\/\" \/>\n<meta property=\"og:site_name\" content=\"TKTRANSLATE Biuro T\u0142umacze\u0144 Krosno\" \/>\n<meta property=\"article:modified_time\" content=\"2023-10-30T12:07:22+00:00\" \/>\n<meta property=\"og:image\" content=\"https:\/\/www.tktranslate.pl\/wp-content\/uploads\/2023\/06\/tktranslate-flaga-niemcy-de-300x200.jpg\" \/>\n<meta name=\"twitter:card\" content=\"summary_large_image\" \/>\n<meta name=\"twitter:label1\" content=\"Est. reading time\" \/>\n\t<meta name=\"twitter:data1\" content=\"1 minute\" \/>\n<script type=\"application\/ld+json\" class=\"yoast-schema-graph\">{\"@context\":\"https:\/\/schema.org\",\"@graph\":[{\"@type\":\"WebPage\",\"@id\":\"https:\/\/www.tktranslate.pl\/oferta\/zasilki-z-zagranicy\/\",\"url\":\"https:\/\/www.tktranslate.pl\/oferta\/zasilki-z-zagranicy\/\",\"name\":\"Foreign family benefits - TKTRANSLATE Biuro T\u0142umacze\u0144 Krosno\",\"isPartOf\":{\"@id\":\"https:\/\/www.tktranslate.pl\/#website\"},\"primaryImageOfPage\":{\"@id\":\"https:\/\/www.tktranslate.pl\/oferta\/zasilki-z-zagranicy\/#primaryimage\"},\"image\":{\"@id\":\"https:\/\/www.tktranslate.pl\/oferta\/zasilki-z-zagranicy\/#primaryimage\"},\"thumbnailUrl\":\"https:\/\/www.tktranslate.pl\/wp-content\/uploads\/2023\/06\/tktranslate-flaga-niemcy-de-300x200.jpg\",\"datePublished\":\"2023-06-21T17:51:55+00:00\",\"dateModified\":\"2023-10-30T12:07:22+00:00\",\"breadcrumb\":{\"@id\":\"https:\/\/www.tktranslate.pl\/oferta\/zasilki-z-zagranicy\/#breadcrumb\"},\"inLanguage\":\"en-US\",\"potentialAction\":[{\"@type\":\"ReadAction\",\"target\":[\"https:\/\/www.tktranslate.pl\/oferta\/zasilki-z-zagranicy\/\"]}]},{\"@type\":\"ImageObject\",\"inLanguage\":\"en-US\",\"@id\":\"https:\/\/www.tktranslate.pl\/oferta\/zasilki-z-zagranicy\/#primaryimage\",\"url\":\"https:\/\/www.tktranslate.pl\/wp-content\/uploads\/2023\/06\/tktranslate-flaga-niemcy-de-300x200.jpg\",\"contentUrl\":\"https:\/\/www.tktranslate.pl\/wp-content\/uploads\/2023\/06\/tktranslate-flaga-niemcy-de-300x200.jpg\"},{\"@type\":\"BreadcrumbList\",\"@id\":\"https:\/\/www.tktranslate.pl\/oferta\/zasilki-z-zagranicy\/#breadcrumb\",\"itemListElement\":[{\"@type\":\"ListItem\",\"position\":1,\"name\":\"Strona g\u0142\u00f3wna\",\"item\":\"https:\/\/www.tktranslate.pl\/\"},{\"@type\":\"ListItem\",\"position\":2,\"name\":\"Offer\",\"item\":\"https:\/\/www.tktranslate.pl\/oferta\/\"},{\"@type\":\"ListItem\",\"position\":3,\"name\":\"Foreign family benefits\"}]},{\"@type\":\"WebSite\",\"@id\":\"https:\/\/www.tktranslate.pl\/#website\",\"url\":\"https:\/\/www.tktranslate.pl\/\",\"name\":\"TKTRANSLATE Biuro T\u0142umacze\u0144 Krosno\",\"description\":\"Profesjonalne biuro t\u0142umacze\u0144\",\"publisher\":{\"@id\":\"https:\/\/www.tktranslate.pl\/#organization\"},\"potentialAction\":[{\"@type\":\"SearchAction\",\"target\":{\"@type\":\"EntryPoint\",\"urlTemplate\":\"https:\/\/www.tktranslate.pl\/?s={search_term_string}\"},\"query-input\":{\"@type\":\"PropertyValueSpecification\",\"valueRequired\":true,\"valueName\":\"search_term_string\"}}],\"inLanguage\":\"en-US\"},{\"@type\":\"Organization\",\"@id\":\"https:\/\/www.tktranslate.pl\/#organization\",\"name\":\"TKTRANSLATE Biuro T\u0142umacze\u0144 Krosno\",\"url\":\"https:\/\/www.tktranslate.pl\/\",\"logo\":{\"@type\":\"ImageObject\",\"inLanguage\":\"en-US\",\"@id\":\"https:\/\/www.tktranslate.pl\/#\/schema\/logo\/image\/\",\"url\":\"https:\/\/www.tktranslate.pl\/wp-content\/uploads\/2023\/07\/tr-trnslate-logo-no-bg.png\",\"contentUrl\":\"https:\/\/www.tktranslate.pl\/wp-content\/uploads\/2023\/07\/tr-trnslate-logo-no-bg.png\",\"width\":600,\"height\":108,\"caption\":\"TKTRANSLATE Biuro T\u0142umacze\u0144 Krosno\"},\"image\":{\"@id\":\"https:\/\/www.tktranslate.pl\/#\/schema\/logo\/image\/\"}}]}<\/script>\n<!-- \/ Yoast SEO plugin. -->","yoast_head_json":{"title":"Foreign family benefits - TKTRANSLATE Biuro T\u0142umacze\u0144 Krosno","robots":{"index":"index","follow":"follow","max-snippet":"max-snippet:-1","max-image-preview":"max-image-preview:large","max-video-preview":"max-video-preview:-1"},"canonical":"https:\/\/www.tktranslate.pl\/oferta\/zasilki-z-zagranicy\/","og_locale":"en_US","og_type":"article","og_title":"Foreign family benefits - TKTRANSLATE Biuro T\u0142umacze\u0144 Krosno","og_description":"Choose country German family benefits More Austrian family benefits More","og_url":"https:\/\/www.tktranslate.pl\/oferta\/zasilki-z-zagranicy\/","og_site_name":"TKTRANSLATE Biuro T\u0142umacze\u0144 Krosno","article_modified_time":"2023-10-30T12:07:22+00:00","og_image":[{"url":"https:\/\/www.tktranslate.pl\/wp-content\/uploads\/2023\/06\/tktranslate-flaga-niemcy-de-300x200.jpg","type":"","width":"","height":""}],"twitter_card":"summary_large_image","twitter_misc":{"Est. reading time":"1 minute"},"schema":{"@context":"https:\/\/schema.org","@graph":[{"@type":"WebPage","@id":"https:\/\/www.tktranslate.pl\/oferta\/zasilki-z-zagranicy\/","url":"https:\/\/www.tktranslate.pl\/oferta\/zasilki-z-zagranicy\/","name":"Foreign family benefits - TKTRANSLATE Biuro T\u0142umacze\u0144 Krosno","isPartOf":{"@id":"https:\/\/www.tktranslate.pl\/#website"},"primaryImageOfPage":{"@id":"https:\/\/www.tktranslate.pl\/oferta\/zasilki-z-zagranicy\/#primaryimage"},"image":{"@id":"https:\/\/www.tktranslate.pl\/oferta\/zasilki-z-zagranicy\/#primaryimage"},"thumbnailUrl":"https:\/\/www.tktranslate.pl\/wp-content\/uploads\/2023\/06\/tktranslate-flaga-niemcy-de-300x200.jpg","datePublished":"2023-06-21T17:51:55+00:00","dateModified":"2023-10-30T12:07:22+00:00","breadcrumb":{"@id":"https:\/\/www.tktranslate.pl\/oferta\/zasilki-z-zagranicy\/#breadcrumb"},"inLanguage":"en-US","potentialAction":[{"@type":"ReadAction","target":["https:\/\/www.tktranslate.pl\/oferta\/zasilki-z-zagranicy\/"]}]},{"@type":"ImageObject","inLanguage":"en-US","@id":"https:\/\/www.tktranslate.pl\/oferta\/zasilki-z-zagranicy\/#primaryimage","url":"https:\/\/www.tktranslate.pl\/wp-content\/uploads\/2023\/06\/tktranslate-flaga-niemcy-de-300x200.jpg","contentUrl":"https:\/\/www.tktranslate.pl\/wp-content\/uploads\/2023\/06\/tktranslate-flaga-niemcy-de-300x200.jpg"},{"@type":"BreadcrumbList","@id":"https:\/\/www.tktranslate.pl\/oferta\/zasilki-z-zagranicy\/#breadcrumb","itemListElement":[{"@type":"ListItem","position":1,"name":"Strona g\u0142\u00f3wna","item":"https:\/\/www.tktranslate.pl\/"},{"@type":"ListItem","position":2,"name":"Offer","item":"https:\/\/www.tktranslate.pl\/oferta\/"},{"@type":"ListItem","position":3,"name":"Foreign family benefits"}]},{"@type":"WebSite","@id":"https:\/\/www.tktranslate.pl\/#website","url":"https:\/\/www.tktranslate.pl\/","name":"TKTRANSLATE Biuro T\u0142umacze\u0144 Krosno","description":"Profesjonalne biuro t\u0142umacze\u0144","publisher":{"@id":"https:\/\/www.tktranslate.pl\/#organization"},"potentialAction":[{"@type":"SearchAction","target":{"@type":"EntryPoint","urlTemplate":"https:\/\/www.tktranslate.pl\/?s={search_term_string}"},"query-input":{"@type":"PropertyValueSpecification","valueRequired":true,"valueName":"search_term_string"}}],"inLanguage":"en-US"},{"@type":"Organization","@id":"https:\/\/www.tktranslate.pl\/#organization","name":"TKTRANSLATE Biuro T\u0142umacze\u0144 Krosno","url":"https:\/\/www.tktranslate.pl\/","logo":{"@type":"ImageObject","inLanguage":"en-US","@id":"https:\/\/www.tktranslate.pl\/#\/schema\/logo\/image\/","url":"https:\/\/www.tktranslate.pl\/wp-content\/uploads\/2023\/07\/tr-trnslate-logo-no-bg.png","contentUrl":"https:\/\/www.tktranslate.pl\/wp-content\/uploads\/2023\/07\/tr-trnslate-logo-no-bg.png","width":600,"height":108,"caption":"TKTRANSLATE Biuro T\u0142umacze\u0144 Krosno"},"image":{"@id":"https:\/\/www.tktranslate.pl\/#\/schema\/logo\/image\/"}}]}},"_links":{"self":[{"href":"https:\/\/www.tktranslate.pl\/en\/wp-json\/wp\/v2\/pages\/11894","targetHints":{"allow":["GET"]}}],"collection":[{"href":"https:\/\/www.tktranslate.pl\/en\/wp-json\/wp\/v2\/pages"}],"about":[{"href":"https:\/\/www.tktranslate.pl\/en\/wp-json\/wp\/v2\/types\/page"}],"author":[{"embeddable":true,"href":"https:\/\/www.tktranslate.pl\/en\/wp-json\/wp\/v2\/users\/1"}],"replies":[{"embeddable":true,"href":"https:\/\/www.tktranslate.pl\/en\/wp-json\/wp\/v2\/comments?post=11894"}],"version-history":[{"count":10,"href":"https:\/\/www.tktranslate.pl\/en\/wp-json\/wp\/v2\/pages\/11894\/revisions"}],"predecessor-version":[{"id":11908,"href":"https:\/\/www.tktranslate.pl\/en\/wp-json\/wp\/v2\/pages\/11894\/revisions\/11908"}],"up":[{"embeddable":true,"href":"https:\/\/www.tktranslate.pl\/en\/wp-json\/wp\/v2\/pages\/11770"}],"wp:attachment":[{"href":"https:\/\/www.tktranslate.pl\/en\/wp-json\/wp\/v2\/media?parent=11894"}],"curies":[{"name":"wp","href":"https:\/\/api.w.org\/{rel}","templated":true}]}}