{"id":11853,"date":"2023-06-21T15:59:28","date_gmt":"2023-06-21T13:59:28","guid":{"rendered":"https:\/\/www.tktranslate.pl\/offer\/tlumaczenia-ustne\/"},"modified":"2023-10-30T12:54:50","modified_gmt":"2023-10-30T11:54:50","slug":"interpreting","status":"publish","type":"page","link":"https:\/\/www.tktranslate.pl\/en\/offer\/interpreting\/","title":{"rendered":"Interpreting"},"content":{"rendered":"\t\t<div data-elementor-type=\"wp-page\" data-elementor-id=\"11853\" class=\"elementor elementor-11853\">\n\t\t\t\t\t\t<section class=\" elementor-section elementor-top-section elementor-element elementor-element-2e41c98 elementor-section-content-middle elementor-section-boxed elementor-section-height-default elementor-section-height-default smart-sticky-default\" data-id=\"2e41c98\" data-element_type=\"section\" data-e-type=\"section\">\r\n\t\t\t\t\t\t\t\t<div class=\"elementor-container container-fluid elementor-column-gap-default\">\r\n\t\t\t\t\r\n\t\t\t\t\t\t\t\t<div class=\" elementor-column elementor-col-50 elementor-top-column elementor-element elementor-element-b94de49 elementor-hidden-mobile \" data-id=\"b94de49\" data-element_type=\"column\" data-e-type=\"column\">\r\n\r\n\t\t\t\t\r\n\t\t\t\t<div class=\"elementor-widget-wrap elementor-element-populated\">\r\n\t\t\t\t\t\t\t\t\t\t\r\n\t\t\t\t\t\t<div class=\"elementor-element elementor-element-55413c6 elementor-widget elementor-widget-image\" data-id=\"55413c6\" data-element_type=\"widget\" data-e-type=\"widget\" data-widget_type=\"image.default\">\n\t\t\t\t<div class=\"elementor-widget-container\">\n\t\t\t\t\t\t\t\t\t\t\t\t\t\t\t<img fetchpriority=\"high\" decoding=\"async\" width=\"1024\" height=\"683\" src=\"https:\/\/www.tktranslate.pl\/wp-content\/uploads\/2023\/06\/tk-translate-tlumaczenia-ustne.jpg\" class=\"attachment-full size-full wp-image-8643\" alt=\"\" srcset=\"https:\/\/www.tktranslate.pl\/wp-content\/uploads\/2023\/06\/tk-translate-tlumaczenia-ustne.jpg 1024w, https:\/\/www.tktranslate.pl\/wp-content\/uploads\/2023\/06\/tk-translate-tlumaczenia-ustne-768x512.jpg 768w\" sizes=\"(max-width: 1024px) 100vw, 1024px\" \/>\t\t\t\t\t\t\t\t\t\t\t\t\t\t\t<\/div>\n\t\t\t\t<\/div>\n\t\t\t\t\t\t<\/div>\r\n\t\t\t\t<\/div>\r\n\t\t\t\t\t\t\t\t\t<div class=\" elementor-column elementor-col-50 elementor-top-column elementor-element elementor-element-d5607ec \" data-id=\"d5607ec\" data-element_type=\"column\" data-e-type=\"column\">\r\n\r\n\t\t\t\t\r\n\t\t\t\t<div class=\"elementor-widget-wrap elementor-element-populated\">\r\n\t\t\t\t\t\t\t\t\t\t\r\n\t\t\t\t\t\t<section class=\" elementor-section elementor-inner-section elementor-element elementor-element-afe3484 elementor-section-boxed elementor-section-height-default elementor-section-height-default smart-sticky-default\" data-id=\"afe3484\" data-element_type=\"section\" data-e-type=\"section\">\r\n\t\t\t\t\t\t\t\t<div class=\"elementor-container elementor-column-gap-default\">\r\n\t\t\t\t\r\n\t\t\t\t\t\t\t\t<div class=\" elementor-column elementor-col-100 elementor-inner-column elementor-element elementor-element-7b410de \" data-id=\"7b410de\" data-element_type=\"column\" data-e-type=\"column\">\r\n\r\n\t\t\t\t\r\n\t\t\t\t<div class=\"elementor-widget-wrap elementor-element-populated\">\r\n\t\t\t\t\t\t\t\t\t\t\r\n\t\t\t\t\t\t<div class=\"elementor-element elementor-element-06190cd elementor-invisible elementor-widget elementor-widget-udesign_widget_heading\" data-id=\"06190cd\" data-element_type=\"widget\" data-e-type=\"widget\" data-settings=\"{&quot;_animation&quot;:&quot;fadeInLeftShorter&quot;,&quot;_animation_mobile&quot;:&quot;fadeInLeft&quot;}\" data-widget_type=\"udesign_widget_heading.default\">\n\t\t\t\t<div class=\"elementor-widget-container\">\n\t\t\t\t\t<div class=\"title-wrapper  title-underline title-underline2 title-left title-md-left\"><h2 class=\"title elementor-heading-title\">Professional interpreting services<\/h2><\/div>\t\t\t\t<\/div>\n\t\t\t\t<\/div>\n\t\t\t\t<div class=\"elementor-element elementor-element-83ec898 elementor-widget elementor-widget-text-editor\" data-id=\"83ec898\" data-element_type=\"widget\" data-e-type=\"widget\" data-widget_type=\"text-editor.default\">\n\t\t\t\t<div class=\"elementor-widget-container\">\n\t\t\t\t\t\t\t\t\t<p>In addition to translations, our translation agency also offers specialized interpreting services.<\/p><p>We have experienced interpreters specialized in various industries such as law, marketing, construction, advertising, energy, IT, politics and many others. We offer interpreting services throughout Poland and Europe.<\/p><p>We provide simultaneous and consecutive interpreting for all types of conferences, congresses, seminars, training courses, foreign trips, business meetings, business negotiations and legal proceedings, etc.<\/p>\t\t\t\t\t\t\t\t<\/div>\n\t\t\t\t<\/div>\n\t\t\t\t\t\t<\/div>\r\n\t\t\t\t<\/div>\r\n\t\t\t\t\t\t\t\t<\/div>\r\n\t\t\t<\/section>\r\n\t\t\t\t\t\t\t<\/div>\r\n\t\t\t\t<\/div>\r\n\t\t\t\t\t\t\t\t<\/div>\r\n\t\t\t<\/section>\r\n\t\t\t\t\t<section class=\" elementor-section elementor-top-section elementor-element elementor-element-37b5d4b elementor-section-content-middle elementor-reverse-mobile elementor-section-boxed elementor-section-height-default elementor-section-height-default smart-sticky-default\" data-id=\"37b5d4b\" data-element_type=\"section\" data-e-type=\"section\">\r\n\t\t\t\t\t\t\t\t<div class=\"elementor-container container-fluid elementor-column-gap-default\">\r\n\t\t\t\t\r\n\t\t\t\t\t\t\t\t<div class=\" elementor-column elementor-col-50 elementor-top-column elementor-element elementor-element-68ece6f \" data-id=\"68ece6f\" data-element_type=\"column\" data-e-type=\"column\">\r\n\r\n\t\t\t\t\r\n\t\t\t\t<div class=\"elementor-widget-wrap elementor-element-populated\">\r\n\t\t\t\t\t\t\t\t\t\t\r\n\t\t\t\t\t\t<div class=\"elementor-element elementor-element-c4979d4 elementor-invisible elementor-widget elementor-widget-udesign_widget_heading\" data-id=\"c4979d4\" data-element_type=\"widget\" data-e-type=\"widget\" data-settings=\"{&quot;_animation&quot;:&quot;fadeInLeftShorter&quot;,&quot;_animation_mobile&quot;:&quot;fadeInLeft&quot;}\" data-widget_type=\"udesign_widget_heading.default\">\n\t\t\t\t<div class=\"elementor-widget-container\">\n\t\t\t\t\t<div class=\"title-wrapper  title-underline title-underline2 title-left title-md-left\"><h2 class=\"title elementor-heading-title\">Simultaneous interpreting<\/h2><\/div>\t\t\t\t<\/div>\n\t\t\t\t<\/div>\n\t\t\t\t<div class=\"elementor-element elementor-element-2d7f54e elementor-widget elementor-widget-text-editor\" data-id=\"2d7f54e\" data-element_type=\"widget\" data-e-type=\"widget\" data-widget_type=\"text-editor.default\">\n\t\t\t\t<div class=\"elementor-widget-container\">\n\t\t\t\t\t\t\t\t\t<p>One type of interpreting is simultaneous interpreting, i.e. parallel interpreting. The interpreter listens to the statement and simultaneously translates it into the target language. This type of translation is usually carried out in a soundproof booth by two interpreters who work alternately. The interpreting is most often used at conferences and congresses.<\/p><p>In addition to cabin interpreting, the simultaneous interpreting also includes so-called whispered translations, which do not require any special equipment. The interpreter translates statements in a quiet voice for several people, usually 1 or 2 conference participants.<\/p>\t\t\t\t\t\t\t\t<\/div>\n\t\t\t\t<\/div>\n\t\t\t\t\t\t<\/div>\r\n\t\t\t\t<\/div>\r\n\t\t\t\t\t\t\t\t\t<div class=\" elementor-column elementor-col-50 elementor-top-column elementor-element elementor-element-dc901a5 elementor-hidden-mobile \" data-id=\"dc901a5\" data-element_type=\"column\" data-e-type=\"column\">\r\n\r\n\t\t\t\t\r\n\t\t\t\t<div class=\"elementor-widget-wrap elementor-element-populated\">\r\n\t\t\t\t\t\t\t\t\t\t\r\n\t\t\t\t\t\t<div class=\"elementor-element elementor-element-7db2432 elementor-widget elementor-widget-image\" data-id=\"7db2432\" data-element_type=\"widget\" data-e-type=\"widget\" data-widget_type=\"image.default\">\n\t\t\t\t<div class=\"elementor-widget-container\">\n\t\t\t\t\t\t\t\t\t\t\t\t\t\t\t<img decoding=\"async\" width=\"788\" height=\"525\" src=\"https:\/\/www.tktranslate.pl\/wp-content\/uploads\/2023\/06\/788_788_resize_q90_tlumaczenie-konsekutywne-a-symultaniczne.jpg\" class=\"attachment-full size-full wp-image-8821\" alt=\"\" srcset=\"https:\/\/www.tktranslate.pl\/wp-content\/uploads\/2023\/06\/788_788_resize_q90_tlumaczenie-konsekutywne-a-symultaniczne.jpg 788w, https:\/\/www.tktranslate.pl\/wp-content\/uploads\/2023\/06\/788_788_resize_q90_tlumaczenie-konsekutywne-a-symultaniczne-768x512.jpg 768w\" sizes=\"(max-width: 788px) 100vw, 788px\" \/>\t\t\t\t\t\t\t\t\t\t\t\t\t\t\t<\/div>\n\t\t\t\t<\/div>\n\t\t\t\t\t\t<\/div>\r\n\t\t\t\t<\/div>\r\n\t\t\t\t\t\t\t\t<\/div>\r\n\t\t\t<\/section>\r\n\t\t\t\t\t<section class=\" elementor-section elementor-top-section elementor-element elementor-element-a438b55 elementor-section-content-middle elementor-section-boxed elementor-section-height-default elementor-section-height-default smart-sticky-default\" data-id=\"a438b55\" data-element_type=\"section\" data-e-type=\"section\">\r\n\t\t\t\t\t\t\t\t<div class=\"elementor-container container-fluid elementor-column-gap-default\">\r\n\t\t\t\t\r\n\t\t\t\t\t\t\t\t<div class=\" elementor-column elementor-col-50 elementor-top-column elementor-element elementor-element-f004964 elementor-hidden-mobile \" data-id=\"f004964\" data-element_type=\"column\" data-e-type=\"column\">\r\n\r\n\t\t\t\t\r\n\t\t\t\t<div class=\"elementor-widget-wrap elementor-element-populated\">\r\n\t\t\t\t\t\t\t\t\t\t\r\n\t\t\t\t\t\t<div class=\"elementor-element elementor-element-8df89bd elementor-widget elementor-widget-image\" data-id=\"8df89bd\" data-element_type=\"widget\" data-e-type=\"widget\" data-widget_type=\"image.default\">\n\t\t\t\t<div class=\"elementor-widget-container\">\n\t\t\t\t\t\t\t\t\t\t\t\t\t\t\t<img decoding=\"async\" width=\"1024\" height=\"683\" src=\"https:\/\/www.tktranslate.pl\/wp-content\/uploads\/2023\/06\/tk-translate-33.jpg\" class=\"attachment-full size-full wp-image-9129\" alt=\"\" srcset=\"https:\/\/www.tktranslate.pl\/wp-content\/uploads\/2023\/06\/tk-translate-33.jpg 1024w, https:\/\/www.tktranslate.pl\/wp-content\/uploads\/2023\/06\/tk-translate-33-768x512.jpg 768w\" sizes=\"(max-width: 1024px) 100vw, 1024px\" \/>\t\t\t\t\t\t\t\t\t\t\t\t\t\t\t<\/div>\n\t\t\t\t<\/div>\n\t\t\t\t\t\t<\/div>\r\n\t\t\t\t<\/div>\r\n\t\t\t\t\t\t\t\t\t<div class=\" elementor-column elementor-col-50 elementor-top-column elementor-element elementor-element-31ed4b8 \" data-id=\"31ed4b8\" data-element_type=\"column\" data-e-type=\"column\">\r\n\r\n\t\t\t\t\r\n\t\t\t\t<div class=\"elementor-widget-wrap elementor-element-populated\">\r\n\t\t\t\t\t\t\t\t\t\t\r\n\t\t\t\t\t\t<div class=\"elementor-element elementor-element-714c54a elementor-invisible elementor-widget elementor-widget-udesign_widget_heading\" data-id=\"714c54a\" data-element_type=\"widget\" data-e-type=\"widget\" data-settings=\"{&quot;_animation&quot;:&quot;fadeInLeftShorter&quot;,&quot;_animation_mobile&quot;:&quot;fadeInLeft&quot;}\" data-widget_type=\"udesign_widget_heading.default\">\n\t\t\t\t<div class=\"elementor-widget-container\">\n\t\t\t\t\t<div class=\"title-wrapper  title-underline title-underline2 title-left title-md-left\"><h2 class=\"title elementor-heading-title\">Consecutive interpreting<\/h2><\/div>\t\t\t\t<\/div>\n\t\t\t\t<\/div>\n\t\t\t\t<div class=\"elementor-element elementor-element-7e1a4ea elementor-widget elementor-widget-text-editor\" data-id=\"7e1a4ea\" data-element_type=\"widget\" data-e-type=\"widget\" data-widget_type=\"text-editor.default\">\n\t\t\t\t<div class=\"elementor-widget-container\">\n\t\t\t\t\t\t\t\t\t<p>The second type of interpreting is the so-called follow-up translation. In this case, the interpretation takes place after the end of the statement. During the speech, the interpreter takes notes and later translates into the target language on this basis.<\/p><p>The consecutive interpreting is most often used in training courses, seminars and conferences of various types.<\/p>\t\t\t\t\t\t\t\t<\/div>\n\t\t\t\t<\/div>\n\t\t\t\t\t\t<\/div>\r\n\t\t\t\t<\/div>\r\n\t\t\t\t\t\t\t\t<\/div>\r\n\t\t\t<\/section>\r\n\t\t\t\t\t<section class=\" elementor-section elementor-top-section elementor-element elementor-element-26853e0 wyslij-zapytanie elementor-section-boxed elementor-section-height-default elementor-section-height-default smart-sticky-default\" data-id=\"26853e0\" data-element_type=\"section\" data-e-type=\"section\">\r\n\t\t\t\t\t\t\t\t<div class=\"elementor-container elementor-column-gap-default\">\r\n\t\t\t\t\r\n\t\t\t\t\t\t\t\t<div class=\" elementor-column elementor-col-50 elementor-top-column elementor-element elementor-element-fa677d3 \" data-id=\"fa677d3\" data-element_type=\"column\" data-e-type=\"column\">\r\n\r\n\t\t\t\t\r\n\t\t\t\t<div class=\"elementor-widget-wrap elementor-element-populated\">\r\n\t\t\t\t\t\t\t\t\t\t\r\n\t\t\t\t\t\t<div class=\"elementor-element elementor-element-d5289df animated-slow elementor-invisible elementor-widget elementor-widget-udesign_widget_heading\" data-id=\"d5289df\" data-element_type=\"widget\" data-e-type=\"widget\" data-settings=\"{&quot;_animation&quot;:&quot;fadeInRightShorter&quot;,&quot;_animation_delay&quot;:200}\" data-widget_type=\"udesign_widget_heading.default\">\n\t\t\t\t<div class=\"elementor-widget-container\">\n\t\t\t\t\t<div class=\"title-wrapper  title-left title-md-center\"><h2 class=\"title elementor-heading-title\">Do you need a professional translation?<\/h2><\/div>\t\t\t\t<\/div>\n\t\t\t\t<\/div>\n\t\t\t\t\t\t<\/div>\r\n\t\t\t\t<\/div>\r\n\t\t\t\t\t\t\t\t\t<div class=\" elementor-column elementor-col-50 elementor-top-column elementor-element elementor-element-7b205cb \" data-id=\"7b205cb\" data-element_type=\"column\" data-e-type=\"column\">\r\n\r\n\t\t\t\t\r\n\t\t\t\t<div class=\"elementor-widget-wrap elementor-element-populated\">\r\n\t\t\t\t\t\t\t\t\t\t\r\n\t\t\t\t\t\t<div class=\"elementor-element elementor-element-9ccfac4 elementor-widget elementor-widget-udesign_widget_button\" data-id=\"9ccfac4\" data-element_type=\"widget\" data-e-type=\"widget\" data-widget_type=\"udesign_widget_button.default\">\n\t\t\t\t<div class=\"elementor-widget-container\">\n\t\t\t\t\t<a class=\"btn btn-outline btn-lg btn-ellipse btn-primary btn-icon btn-icon-right\" href=\"\/en\/free-quote-form\/\" ><span >Request a price quote<\/span><i class=\"  u-icon-long-arrow-right\"><\/i><\/a>\t\t\t\t<\/div>\n\t\t\t\t<\/div>\n\t\t\t\t\t\t<\/div>\r\n\t\t\t\t<\/div>\r\n\t\t\t\t\t\t\t\t<\/div>\r\n\t\t\t<\/section>\r\n\t\t\t\t\t<\/div>\n\t\t","protected":false},"excerpt":{"rendered":"<p>Professional interpreting services In addition to translations, our translation agency also offers specialized interpreting services. We have experienced interpreters specialized [&hellip;]<\/p>\n","protected":false},"author":1,"featured_media":0,"parent":11770,"menu_order":0,"comment_status":"closed","ping_status":"closed","template":"","meta":{"_acf_changed":false,"footnotes":""},"class_list":["post-11853","page","type-page","status-publish","hentry"],"acf":[],"yoast_head":"<!-- This site is optimized with the Yoast SEO plugin v26.9 - https:\/\/yoast.com\/product\/yoast-seo-wordpress\/ -->\n<title>Interpreting - TKTRANSLATE Biuro T\u0142umacze\u0144 Krosno<\/title>\n<meta name=\"robots\" content=\"index, follow, max-snippet:-1, max-image-preview:large, max-video-preview:-1\" \/>\n<link rel=\"canonical\" href=\"https:\/\/www.tktranslate.pl\/oferta\/tlumaczenia-ustne\/\" \/>\n<meta property=\"og:locale\" content=\"en_US\" \/>\n<meta property=\"og:type\" content=\"article\" \/>\n<meta property=\"og:title\" content=\"Interpreting - TKTRANSLATE Biuro T\u0142umacze\u0144 Krosno\" \/>\n<meta property=\"og:description\" content=\"Professional interpreting services In addition to translations, our translation agency also offers specialized interpreting services. We have experienced interpreters specialized [&hellip;]\" \/>\n<meta property=\"og:url\" content=\"https:\/\/www.tktranslate.pl\/oferta\/tlumaczenia-ustne\/\" \/>\n<meta property=\"og:site_name\" content=\"TKTRANSLATE Biuro T\u0142umacze\u0144 Krosno\" \/>\n<meta property=\"article:modified_time\" content=\"2023-10-30T11:54:50+00:00\" \/>\n<meta property=\"og:image\" content=\"https:\/\/www.tktranslate.pl\/wp-content\/uploads\/2023\/06\/tk-translate-tlumaczenia-ustne.jpg\" \/>\n<meta name=\"twitter:card\" content=\"summary_large_image\" \/>\n<meta name=\"twitter:label1\" content=\"Est. reading time\" \/>\n\t<meta name=\"twitter:data1\" content=\"2 minutes\" \/>\n<script type=\"application\/ld+json\" class=\"yoast-schema-graph\">{\"@context\":\"https:\/\/schema.org\",\"@graph\":[{\"@type\":\"WebPage\",\"@id\":\"https:\/\/www.tktranslate.pl\/oferta\/tlumaczenia-ustne\/\",\"url\":\"https:\/\/www.tktranslate.pl\/oferta\/tlumaczenia-ustne\/\",\"name\":\"Interpreting - TKTRANSLATE Biuro T\u0142umacze\u0144 Krosno\",\"isPartOf\":{\"@id\":\"https:\/\/www.tktranslate.pl\/#website\"},\"primaryImageOfPage\":{\"@id\":\"https:\/\/www.tktranslate.pl\/oferta\/tlumaczenia-ustne\/#primaryimage\"},\"image\":{\"@id\":\"https:\/\/www.tktranslate.pl\/oferta\/tlumaczenia-ustne\/#primaryimage\"},\"thumbnailUrl\":\"https:\/\/www.tktranslate.pl\/wp-content\/uploads\/2023\/06\/tk-translate-tlumaczenia-ustne.jpg\",\"datePublished\":\"2023-06-21T13:59:28+00:00\",\"dateModified\":\"2023-10-30T11:54:50+00:00\",\"breadcrumb\":{\"@id\":\"https:\/\/www.tktranslate.pl\/oferta\/tlumaczenia-ustne\/#breadcrumb\"},\"inLanguage\":\"en-US\",\"potentialAction\":[{\"@type\":\"ReadAction\",\"target\":[\"https:\/\/www.tktranslate.pl\/oferta\/tlumaczenia-ustne\/\"]}]},{\"@type\":\"ImageObject\",\"inLanguage\":\"en-US\",\"@id\":\"https:\/\/www.tktranslate.pl\/oferta\/tlumaczenia-ustne\/#primaryimage\",\"url\":\"https:\/\/www.tktranslate.pl\/wp-content\/uploads\/2023\/06\/tk-translate-tlumaczenia-ustne.jpg\",\"contentUrl\":\"https:\/\/www.tktranslate.pl\/wp-content\/uploads\/2023\/06\/tk-translate-tlumaczenia-ustne.jpg\"},{\"@type\":\"BreadcrumbList\",\"@id\":\"https:\/\/www.tktranslate.pl\/oferta\/tlumaczenia-ustne\/#breadcrumb\",\"itemListElement\":[{\"@type\":\"ListItem\",\"position\":1,\"name\":\"Strona g\u0142\u00f3wna\",\"item\":\"https:\/\/www.tktranslate.pl\/\"},{\"@type\":\"ListItem\",\"position\":2,\"name\":\"Offer\",\"item\":\"https:\/\/www.tktranslate.pl\/oferta\/\"},{\"@type\":\"ListItem\",\"position\":3,\"name\":\"Interpreting\"}]},{\"@type\":\"WebSite\",\"@id\":\"https:\/\/www.tktranslate.pl\/#website\",\"url\":\"https:\/\/www.tktranslate.pl\/\",\"name\":\"TKTRANSLATE Biuro T\u0142umacze\u0144 Krosno\",\"description\":\"Profesjonalne biuro t\u0142umacze\u0144\",\"publisher\":{\"@id\":\"https:\/\/www.tktranslate.pl\/#organization\"},\"potentialAction\":[{\"@type\":\"SearchAction\",\"target\":{\"@type\":\"EntryPoint\",\"urlTemplate\":\"https:\/\/www.tktranslate.pl\/?s={search_term_string}\"},\"query-input\":{\"@type\":\"PropertyValueSpecification\",\"valueRequired\":true,\"valueName\":\"search_term_string\"}}],\"inLanguage\":\"en-US\"},{\"@type\":\"Organization\",\"@id\":\"https:\/\/www.tktranslate.pl\/#organization\",\"name\":\"TKTRANSLATE Biuro T\u0142umacze\u0144 Krosno\",\"url\":\"https:\/\/www.tktranslate.pl\/\",\"logo\":{\"@type\":\"ImageObject\",\"inLanguage\":\"en-US\",\"@id\":\"https:\/\/www.tktranslate.pl\/#\/schema\/logo\/image\/\",\"url\":\"https:\/\/www.tktranslate.pl\/wp-content\/uploads\/2023\/07\/tr-trnslate-logo-no-bg.png\",\"contentUrl\":\"https:\/\/www.tktranslate.pl\/wp-content\/uploads\/2023\/07\/tr-trnslate-logo-no-bg.png\",\"width\":600,\"height\":108,\"caption\":\"TKTRANSLATE Biuro T\u0142umacze\u0144 Krosno\"},\"image\":{\"@id\":\"https:\/\/www.tktranslate.pl\/#\/schema\/logo\/image\/\"}}]}<\/script>\n<!-- \/ Yoast SEO plugin. -->","yoast_head_json":{"title":"Interpreting - TKTRANSLATE Biuro T\u0142umacze\u0144 Krosno","robots":{"index":"index","follow":"follow","max-snippet":"max-snippet:-1","max-image-preview":"max-image-preview:large","max-video-preview":"max-video-preview:-1"},"canonical":"https:\/\/www.tktranslate.pl\/oferta\/tlumaczenia-ustne\/","og_locale":"en_US","og_type":"article","og_title":"Interpreting - TKTRANSLATE Biuro T\u0142umacze\u0144 Krosno","og_description":"Professional interpreting services In addition to translations, our translation agency also offers specialized interpreting services. We have experienced interpreters specialized [&hellip;]","og_url":"https:\/\/www.tktranslate.pl\/oferta\/tlumaczenia-ustne\/","og_site_name":"TKTRANSLATE Biuro T\u0142umacze\u0144 Krosno","article_modified_time":"2023-10-30T11:54:50+00:00","og_image":[{"url":"https:\/\/www.tktranslate.pl\/wp-content\/uploads\/2023\/06\/tk-translate-tlumaczenia-ustne.jpg","type":"","width":"","height":""}],"twitter_card":"summary_large_image","twitter_misc":{"Est. reading time":"2 minutes"},"schema":{"@context":"https:\/\/schema.org","@graph":[{"@type":"WebPage","@id":"https:\/\/www.tktranslate.pl\/oferta\/tlumaczenia-ustne\/","url":"https:\/\/www.tktranslate.pl\/oferta\/tlumaczenia-ustne\/","name":"Interpreting - TKTRANSLATE Biuro T\u0142umacze\u0144 Krosno","isPartOf":{"@id":"https:\/\/www.tktranslate.pl\/#website"},"primaryImageOfPage":{"@id":"https:\/\/www.tktranslate.pl\/oferta\/tlumaczenia-ustne\/#primaryimage"},"image":{"@id":"https:\/\/www.tktranslate.pl\/oferta\/tlumaczenia-ustne\/#primaryimage"},"thumbnailUrl":"https:\/\/www.tktranslate.pl\/wp-content\/uploads\/2023\/06\/tk-translate-tlumaczenia-ustne.jpg","datePublished":"2023-06-21T13:59:28+00:00","dateModified":"2023-10-30T11:54:50+00:00","breadcrumb":{"@id":"https:\/\/www.tktranslate.pl\/oferta\/tlumaczenia-ustne\/#breadcrumb"},"inLanguage":"en-US","potentialAction":[{"@type":"ReadAction","target":["https:\/\/www.tktranslate.pl\/oferta\/tlumaczenia-ustne\/"]}]},{"@type":"ImageObject","inLanguage":"en-US","@id":"https:\/\/www.tktranslate.pl\/oferta\/tlumaczenia-ustne\/#primaryimage","url":"https:\/\/www.tktranslate.pl\/wp-content\/uploads\/2023\/06\/tk-translate-tlumaczenia-ustne.jpg","contentUrl":"https:\/\/www.tktranslate.pl\/wp-content\/uploads\/2023\/06\/tk-translate-tlumaczenia-ustne.jpg"},{"@type":"BreadcrumbList","@id":"https:\/\/www.tktranslate.pl\/oferta\/tlumaczenia-ustne\/#breadcrumb","itemListElement":[{"@type":"ListItem","position":1,"name":"Strona g\u0142\u00f3wna","item":"https:\/\/www.tktranslate.pl\/"},{"@type":"ListItem","position":2,"name":"Offer","item":"https:\/\/www.tktranslate.pl\/oferta\/"},{"@type":"ListItem","position":3,"name":"Interpreting"}]},{"@type":"WebSite","@id":"https:\/\/www.tktranslate.pl\/#website","url":"https:\/\/www.tktranslate.pl\/","name":"TKTRANSLATE Biuro T\u0142umacze\u0144 Krosno","description":"Profesjonalne biuro t\u0142umacze\u0144","publisher":{"@id":"https:\/\/www.tktranslate.pl\/#organization"},"potentialAction":[{"@type":"SearchAction","target":{"@type":"EntryPoint","urlTemplate":"https:\/\/www.tktranslate.pl\/?s={search_term_string}"},"query-input":{"@type":"PropertyValueSpecification","valueRequired":true,"valueName":"search_term_string"}}],"inLanguage":"en-US"},{"@type":"Organization","@id":"https:\/\/www.tktranslate.pl\/#organization","name":"TKTRANSLATE Biuro T\u0142umacze\u0144 Krosno","url":"https:\/\/www.tktranslate.pl\/","logo":{"@type":"ImageObject","inLanguage":"en-US","@id":"https:\/\/www.tktranslate.pl\/#\/schema\/logo\/image\/","url":"https:\/\/www.tktranslate.pl\/wp-content\/uploads\/2023\/07\/tr-trnslate-logo-no-bg.png","contentUrl":"https:\/\/www.tktranslate.pl\/wp-content\/uploads\/2023\/07\/tr-trnslate-logo-no-bg.png","width":600,"height":108,"caption":"TKTRANSLATE Biuro T\u0142umacze\u0144 Krosno"},"image":{"@id":"https:\/\/www.tktranslate.pl\/#\/schema\/logo\/image\/"}}]}},"_links":{"self":[{"href":"https:\/\/www.tktranslate.pl\/en\/wp-json\/wp\/v2\/pages\/11853","targetHints":{"allow":["GET"]}}],"collection":[{"href":"https:\/\/www.tktranslate.pl\/en\/wp-json\/wp\/v2\/pages"}],"about":[{"href":"https:\/\/www.tktranslate.pl\/en\/wp-json\/wp\/v2\/types\/page"}],"author":[{"embeddable":true,"href":"https:\/\/www.tktranslate.pl\/en\/wp-json\/wp\/v2\/users\/1"}],"replies":[{"embeddable":true,"href":"https:\/\/www.tktranslate.pl\/en\/wp-json\/wp\/v2\/comments?post=11853"}],"version-history":[{"count":4,"href":"https:\/\/www.tktranslate.pl\/en\/wp-json\/wp\/v2\/pages\/11853\/revisions"}],"predecessor-version":[{"id":11871,"href":"https:\/\/www.tktranslate.pl\/en\/wp-json\/wp\/v2\/pages\/11853\/revisions\/11871"}],"up":[{"embeddable":true,"href":"https:\/\/www.tktranslate.pl\/en\/wp-json\/wp\/v2\/pages\/11770"}],"wp:attachment":[{"href":"https:\/\/www.tktranslate.pl\/en\/wp-json\/wp\/v2\/media?parent=11853"}],"curies":[{"name":"wp","href":"https:\/\/api.w.org\/{rel}","templated":true}]}}