{"id":12181,"date":"2023-06-22T18:52:19","date_gmt":"2023-06-22T16:52:19","guid":{"rendered":"https:\/\/www.tktranslate.pl\/angebot\/ubersetzung\/tlumaczenie-dokumentow-samochodowych\/"},"modified":"2023-10-31T13:34:13","modified_gmt":"2023-10-31T12:34:13","slug":"ubersetzung-von-fahrzeugpapieren","status":"publish","type":"page","link":"https:\/\/www.tktranslate.pl\/de\/angebot\/ubersetzung\/ubersetzung-von-fahrzeugpapieren\/","title":{"rendered":"\u00dcbersetzung von Fahrzeugpapieren"},"content":{"rendered":"\t\t<div data-elementor-type=\"wp-page\" data-elementor-id=\"12181\" class=\"elementor elementor-12181\">\n\t\t\t\t\t\t<section class=\" elementor-section elementor-top-section elementor-element elementor-element-011dd61 elementor-section-content-middle elementor-hidden-desktop elementor-hidden-laptop elementor-hidden-tablet_extra elementor-hidden-tablet elementor-hidden-mobile elementor-section-boxed elementor-section-height-default elementor-section-height-default smart-sticky-default\" data-id=\"011dd61\" data-element_type=\"section\" data-e-type=\"section\">\r\n\t\t\t\t\t\t\t\t<div class=\"elementor-container container-fluid elementor-column-gap-default\">\r\n\t\t\t\t\r\n\t\t\t\t\t\t\t\t<div class=\" elementor-column elementor-col-50 elementor-top-column elementor-element elementor-element-e57f940 \" data-id=\"e57f940\" data-element_type=\"column\" data-e-type=\"column\">\r\n\r\n\t\t\t\t\r\n\t\t\t\t<div class=\"elementor-widget-wrap elementor-element-populated\">\r\n\t\t\t\t\t\t\t\t\t\t\r\n\t\t\t\t\t\t<div class=\"elementor-element elementor-element-63a4b50 elementor-widget elementor-widget-image\" data-id=\"63a4b50\" data-element_type=\"widget\" data-e-type=\"widget\" data-widget_type=\"image.default\">\n\t\t\t\t<div class=\"elementor-widget-container\">\n\t\t\t\t\t\t\t\t\t\t\t\t\t\t\t<img fetchpriority=\"high\" decoding=\"async\" width=\"788\" height=\"525\" src=\"https:\/\/www.tktranslate.pl\/wp-content\/uploads\/2023\/06\/788_788_resize_q90_soka-bau-to-niemiecka-instytucja-ktora-nie-ma-swojego-odpowiednika-w-polsce.jpg\" class=\"attachment-full size-full wp-image-8739\" alt=\"\" srcset=\"https:\/\/www.tktranslate.pl\/wp-content\/uploads\/2023\/06\/788_788_resize_q90_soka-bau-to-niemiecka-instytucja-ktora-nie-ma-swojego-odpowiednika-w-polsce.jpg 788w, https:\/\/www.tktranslate.pl\/wp-content\/uploads\/2023\/06\/788_788_resize_q90_soka-bau-to-niemiecka-instytucja-ktora-nie-ma-swojego-odpowiednika-w-polsce-768x512.jpg 768w\" sizes=\"(max-width: 788px) 100vw, 788px\" \/>\t\t\t\t\t\t\t\t\t\t\t\t\t\t\t<\/div>\n\t\t\t\t<\/div>\n\t\t\t\t\t\t<\/div>\r\n\t\t\t\t<\/div>\r\n\t\t\t\t\t\t\t\t\t<div class=\" elementor-column elementor-col-50 elementor-top-column elementor-element elementor-element-4d7eab9 \" data-id=\"4d7eab9\" data-element_type=\"column\" data-e-type=\"column\">\r\n\r\n\t\t\t\t\r\n\t\t\t\t<div class=\"elementor-widget-wrap elementor-element-populated\">\r\n\t\t\t\t\t\t\t\t\t\t\r\n\t\t\t\t\t\t<section class=\" elementor-section elementor-inner-section elementor-element elementor-element-ce1a69c elementor-section-boxed elementor-section-height-default elementor-section-height-default smart-sticky-default\" data-id=\"ce1a69c\" data-element_type=\"section\" data-e-type=\"section\">\r\n\t\t\t\t\t\t\t\t<div class=\"elementor-container elementor-column-gap-default\">\r\n\t\t\t\t\r\n\t\t\t\t\t\t\t\t<div class=\" elementor-column elementor-col-100 elementor-inner-column elementor-element elementor-element-f7c3d2e \" data-id=\"f7c3d2e\" data-element_type=\"column\" data-e-type=\"column\">\r\n\r\n\t\t\t\t\r\n\t\t\t\t<div class=\"elementor-widget-wrap elementor-element-populated\">\r\n\t\t\t\t\t\t\t\t\t\t\r\n\t\t\t\t\t\t<div class=\"elementor-element elementor-element-5ab952c elementor-widget elementor-widget-udesign_widget_heading\" data-id=\"5ab952c\" data-element_type=\"widget\" data-e-type=\"widget\" data-widget_type=\"udesign_widget_heading.default\">\n\t\t\t\t<div class=\"elementor-widget-container\">\n\t\t\t\t\t<div class=\"title-wrapper  title-left\"><h2 class=\"title elementor-heading-title\">Zwrot ekwiwalentu za niewykorzystany urlop w Niemczech<\/h2><\/div>\t\t\t\t<\/div>\n\t\t\t\t<\/div>\n\t\t\t\t<div class=\"elementor-element elementor-element-4acf39c elementor-widget elementor-widget-text-editor\" data-id=\"4acf39c\" data-element_type=\"widget\" data-e-type=\"widget\" data-widget_type=\"text-editor.default\">\n\t\t\t\t<div class=\"elementor-widget-container\">\n\t\t\t\t\t\t\t\t\t<p>Pracowa\u0142e\u015b w Niemczech w bran\u017cy budowlanej i chcia\u0142by\u015b odzyska\u0107 ekwiwalent za niewykorzystany urlop z SOKA-Bau?<\/p><p>Pomo\u017cemy Ci w wype\u0142nieniu wniosku i zebraniu potrzebnych dokument\u00f3w.<\/p><p>W sprawie szczeg\u00f3\u0142\u00f3w zapraszamy do naszego biura lub prosimy o kontakt telefoniczny <a href=\"tel:+48134932575\"><span class=\"elementor-icon-list-text\">+48 13 493 25 75<\/span><\/a> lub mailowy: <a href=\"mailto:biuro@tktranslate.pl\" aria-label=\"Mail to\"><span class=\"elementor-icon-list-text\">biuro@tktranslate.pl<\/span><\/a>.<\/p>\t\t\t\t\t\t\t\t<\/div>\n\t\t\t\t<\/div>\n\t\t\t\t\t\t<\/div>\r\n\t\t\t\t<\/div>\r\n\t\t\t\t\t\t\t\t<\/div>\r\n\t\t\t<\/section>\r\n\t\t\t\t\t\t\t<\/div>\r\n\t\t\t\t<\/div>\r\n\t\t\t\t\t\t\t\t<\/div>\r\n\t\t\t<\/section>\r\n\t\t\t\t\t<section class=\" elementor-section elementor-top-section elementor-element elementor-element-413095a elementor-section-boxed elementor-section-height-default elementor-section-height-default smart-sticky-default\" data-id=\"413095a\" data-element_type=\"section\" data-e-type=\"section\">\r\n\t\t\t\t\t\t\t\t<div class=\"elementor-container elementor-column-gap-default\">\r\n\t\t\t\t\r\n\t\t\t\t\t\t\t\t<div class=\" elementor-column elementor-col-100 elementor-top-column elementor-element elementor-element-85b6d01 \" data-id=\"85b6d01\" data-element_type=\"column\" data-e-type=\"column\">\r\n\r\n\t\t\t\t\r\n\t\t\t\t<div class=\"elementor-widget-wrap elementor-element-populated\">\r\n\t\t\t\t\t\t\t\t\t\t\r\n\t\t\t\t\t\t<div class=\"elementor-element elementor-element-d179f13 elementor-widget elementor-widget-text-editor\" data-id=\"d179f13\" data-element_type=\"widget\" data-e-type=\"widget\" data-widget_type=\"text-editor.default\">\n\t\t\t\t<div class=\"elementor-widget-container\">\n\t\t\t\t\t\t\t\t\t<p>ANGEBOT!<br \/>Beglaubigte \u00dcbersetzung von Fahrzeugpapieren aus DEUTSCHLAND und \u00d6STERREICH \u2013 KOMPLETT 35 PLN brutto<\/p><p><strong>FAHRZEUGDOKUMENTE AUS DEUTSCHLAND\/\u00d6STERREICH:<\/strong><\/p><p>Zulassungsbescheinigung Teil I<br \/>Zulassungsbescheinigung Teil II<\/p><p><strong>Preis: 35 PLN<\/strong><\/p><p>+ Kaufvertrag bzw. Rechnung<\/p><p><strong>Preis: 30 PLN<\/strong><\/p><p>Wir \u00fcbersetzen vor Ort<\/p><p>PROBIEREN SIE UNS!\u00a0<\/p>\t\t\t\t\t\t\t\t<\/div>\n\t\t\t\t<\/div>\n\t\t\t\t\t\t<\/div>\r\n\t\t\t\t<\/div>\r\n\t\t\t\t\t\t\t\t<\/div>\r\n\t\t\t<\/section>\r\n\t\t\t\t\t<section class=\" elementor-section elementor-top-section elementor-element elementor-element-9297f82 wyslij-zapytanie elementor-section-boxed elementor-section-height-default elementor-section-height-default smart-sticky-default\" data-id=\"9297f82\" data-element_type=\"section\" data-e-type=\"section\">\r\n\t\t\t\t\t\t\t\t<div class=\"elementor-container elementor-column-gap-default\">\r\n\t\t\t\t\r\n\t\t\t\t\t\t\t\t<div class=\" elementor-column elementor-col-50 elementor-top-column elementor-element elementor-element-14b08cc \" data-id=\"14b08cc\" data-element_type=\"column\" data-e-type=\"column\">\r\n\r\n\t\t\t\t\r\n\t\t\t\t<div class=\"elementor-widget-wrap elementor-element-populated\">\r\n\t\t\t\t\t\t\t\t\t\t\r\n\t\t\t\t\t\t<div class=\"elementor-element elementor-element-b469a3f animated-slow elementor-invisible elementor-widget elementor-widget-udesign_widget_heading\" data-id=\"b469a3f\" data-element_type=\"widget\" data-e-type=\"widget\" data-settings=\"{&quot;_animation&quot;:&quot;fadeInRightShorter&quot;,&quot;_animation_delay&quot;:200}\" data-widget_type=\"udesign_widget_heading.default\">\n\t\t\t\t<div class=\"elementor-widget-container\">\n\t\t\t\t\t<div class=\"title-wrapper  title-left title-md-center\"><h2 class=\"title elementor-heading-title\">Ben\u00f6tigen Sie eine professionelle \u00dcbersetzung?<\/h2><\/div>\t\t\t\t<\/div>\n\t\t\t\t<\/div>\n\t\t\t\t\t\t<\/div>\r\n\t\t\t\t<\/div>\r\n\t\t\t\t\t\t\t\t\t<div class=\" elementor-column elementor-col-50 elementor-top-column elementor-element elementor-element-bf1d317 \" data-id=\"bf1d317\" data-element_type=\"column\" data-e-type=\"column\">\r\n\r\n\t\t\t\t\r\n\t\t\t\t<div class=\"elementor-widget-wrap elementor-element-populated\">\r\n\t\t\t\t\t\t\t\t\t\t\r\n\t\t\t\t\t\t<div class=\"elementor-element elementor-element-0c0d1aa elementor-widget elementor-widget-udesign_widget_button\" data-id=\"0c0d1aa\" data-element_type=\"widget\" data-e-type=\"widget\" data-widget_type=\"udesign_widget_button.default\">\n\t\t\t\t<div class=\"elementor-widget-container\">\n\t\t\t\t\t<a class=\"btn btn-outline btn-lg btn-ellipse btn-primary btn-icon btn-icon-right\" href=\"\/de\/kostenloses-angebotsformular\/\" ><span >Anfrage absenden<\/span><i class=\"  u-icon-long-arrow-right\"><\/i><\/a>\t\t\t\t<\/div>\n\t\t\t\t<\/div>\n\t\t\t\t\t\t<\/div>\r\n\t\t\t\t<\/div>\r\n\t\t\t\t\t\t\t\t<\/div>\r\n\t\t\t<\/section>\r\n\t\t\t\t\t<\/div>\n\t\t","protected":false},"excerpt":{"rendered":"<p>Zwrot ekwiwalentu za niewykorzystany urlop w Niemczech Pracowa\u0142e\u015b w Niemczech w bran\u017cy budowlanej i chcia\u0142by\u015b odzyska\u0107 ekwiwalent za niewykorzystany urlop [&hellip;]<\/p>\n","protected":false},"author":1,"featured_media":0,"parent":11786,"menu_order":0,"comment_status":"closed","ping_status":"closed","template":"","meta":{"_acf_changed":false,"footnotes":""},"class_list":["post-12181","page","type-page","status-publish","hentry"],"acf":[],"yoast_head":"<!-- This site is optimized with the Yoast SEO plugin v26.9 - https:\/\/yoast.com\/product\/yoast-seo-wordpress\/ -->\n<title>\u00dcbersetzung von Fahrzeugpapieren - TKTRANSLATE Biuro T\u0142umacze\u0144 Krosno<\/title>\n<meta name=\"robots\" content=\"index, follow, max-snippet:-1, max-image-preview:large, max-video-preview:-1\" \/>\n<link rel=\"canonical\" href=\"https:\/\/www.tktranslate.pl\/oferta\/tlumaczenia-pisemne\/tlumaczenie-dokumentow-samochodowych\/\" \/>\n<meta property=\"og:locale\" content=\"de_DE\" \/>\n<meta property=\"og:type\" content=\"article\" \/>\n<meta property=\"og:title\" content=\"\u00dcbersetzung von Fahrzeugpapieren - TKTRANSLATE Biuro T\u0142umacze\u0144 Krosno\" \/>\n<meta property=\"og:description\" content=\"Zwrot ekwiwalentu za niewykorzystany urlop w Niemczech Pracowa\u0142e\u015b w Niemczech w bran\u017cy budowlanej i chcia\u0142by\u015b odzyska\u0107 ekwiwalent za niewykorzystany urlop [&hellip;]\" \/>\n<meta property=\"og:url\" content=\"https:\/\/www.tktranslate.pl\/oferta\/tlumaczenia-pisemne\/tlumaczenie-dokumentow-samochodowych\/\" \/>\n<meta property=\"og:site_name\" content=\"TKTRANSLATE Biuro T\u0142umacze\u0144 Krosno\" \/>\n<meta property=\"article:modified_time\" content=\"2023-10-31T12:34:13+00:00\" \/>\n<meta property=\"og:image\" content=\"https:\/\/www.tktranslate.pl\/wp-content\/uploads\/2023\/06\/788_788_resize_q90_soka-bau-to-niemiecka-instytucja-ktora-nie-ma-swojego-odpowiednika-w-polsce.jpg\" \/>\n<meta name=\"twitter:card\" content=\"summary_large_image\" \/>\n<meta name=\"twitter:label1\" content=\"Gesch\u00e4tzte Lesezeit\" \/>\n\t<meta name=\"twitter:data1\" content=\"1\u00a0Minute\" \/>\n<script type=\"application\/ld+json\" class=\"yoast-schema-graph\">{\"@context\":\"https:\/\/schema.org\",\"@graph\":[{\"@type\":\"WebPage\",\"@id\":\"https:\/\/www.tktranslate.pl\/oferta\/tlumaczenia-pisemne\/tlumaczenie-dokumentow-samochodowych\/\",\"url\":\"https:\/\/www.tktranslate.pl\/oferta\/tlumaczenia-pisemne\/tlumaczenie-dokumentow-samochodowych\/\",\"name\":\"\u00dcbersetzung von Fahrzeugpapieren - TKTRANSLATE Biuro T\u0142umacze\u0144 Krosno\",\"isPartOf\":{\"@id\":\"https:\/\/www.tktranslate.pl\/#website\"},\"primaryImageOfPage\":{\"@id\":\"https:\/\/www.tktranslate.pl\/oferta\/tlumaczenia-pisemne\/tlumaczenie-dokumentow-samochodowych\/#primaryimage\"},\"image\":{\"@id\":\"https:\/\/www.tktranslate.pl\/oferta\/tlumaczenia-pisemne\/tlumaczenie-dokumentow-samochodowych\/#primaryimage\"},\"thumbnailUrl\":\"https:\/\/www.tktranslate.pl\/wp-content\/uploads\/2023\/06\/788_788_resize_q90_soka-bau-to-niemiecka-instytucja-ktora-nie-ma-swojego-odpowiednika-w-polsce.jpg\",\"datePublished\":\"2023-06-22T16:52:19+00:00\",\"dateModified\":\"2023-10-31T12:34:13+00:00\",\"breadcrumb\":{\"@id\":\"https:\/\/www.tktranslate.pl\/oferta\/tlumaczenia-pisemne\/tlumaczenie-dokumentow-samochodowych\/#breadcrumb\"},\"inLanguage\":\"de\",\"potentialAction\":[{\"@type\":\"ReadAction\",\"target\":[\"https:\/\/www.tktranslate.pl\/oferta\/tlumaczenia-pisemne\/tlumaczenie-dokumentow-samochodowych\/\"]}]},{\"@type\":\"ImageObject\",\"inLanguage\":\"de\",\"@id\":\"https:\/\/www.tktranslate.pl\/oferta\/tlumaczenia-pisemne\/tlumaczenie-dokumentow-samochodowych\/#primaryimage\",\"url\":\"https:\/\/www.tktranslate.pl\/wp-content\/uploads\/2023\/06\/788_788_resize_q90_soka-bau-to-niemiecka-instytucja-ktora-nie-ma-swojego-odpowiednika-w-polsce.jpg\",\"contentUrl\":\"https:\/\/www.tktranslate.pl\/wp-content\/uploads\/2023\/06\/788_788_resize_q90_soka-bau-to-niemiecka-instytucja-ktora-nie-ma-swojego-odpowiednika-w-polsce.jpg\"},{\"@type\":\"BreadcrumbList\",\"@id\":\"https:\/\/www.tktranslate.pl\/oferta\/tlumaczenia-pisemne\/tlumaczenie-dokumentow-samochodowych\/#breadcrumb\",\"itemListElement\":[{\"@type\":\"ListItem\",\"position\":1,\"name\":\"Strona g\u0142\u00f3wna\",\"item\":\"https:\/\/www.tktranslate.pl\/\"},{\"@type\":\"ListItem\",\"position\":2,\"name\":\"Angebot\",\"item\":\"https:\/\/www.tktranslate.pl\/oferta\/\"},{\"@type\":\"ListItem\",\"position\":3,\"name\":\"\u00dcbersetzung\",\"item\":\"https:\/\/www.tktranslate.pl\/oferta\/tlumaczenia-pisemne\/\"},{\"@type\":\"ListItem\",\"position\":4,\"name\":\"\u00dcbersetzung von Fahrzeugpapieren\"}]},{\"@type\":\"WebSite\",\"@id\":\"https:\/\/www.tktranslate.pl\/#website\",\"url\":\"https:\/\/www.tktranslate.pl\/\",\"name\":\"TKTRANSLATE Biuro T\u0142umacze\u0144 Krosno\",\"description\":\"Profesjonalne biuro t\u0142umacze\u0144\",\"publisher\":{\"@id\":\"https:\/\/www.tktranslate.pl\/#organization\"},\"potentialAction\":[{\"@type\":\"SearchAction\",\"target\":{\"@type\":\"EntryPoint\",\"urlTemplate\":\"https:\/\/www.tktranslate.pl\/?s={search_term_string}\"},\"query-input\":{\"@type\":\"PropertyValueSpecification\",\"valueRequired\":true,\"valueName\":\"search_term_string\"}}],\"inLanguage\":\"de\"},{\"@type\":\"Organization\",\"@id\":\"https:\/\/www.tktranslate.pl\/#organization\",\"name\":\"TKTRANSLATE Biuro T\u0142umacze\u0144 Krosno\",\"url\":\"https:\/\/www.tktranslate.pl\/\",\"logo\":{\"@type\":\"ImageObject\",\"inLanguage\":\"de\",\"@id\":\"https:\/\/www.tktranslate.pl\/#\/schema\/logo\/image\/\",\"url\":\"https:\/\/www.tktranslate.pl\/wp-content\/uploads\/2023\/07\/tr-trnslate-logo-no-bg.png\",\"contentUrl\":\"https:\/\/www.tktranslate.pl\/wp-content\/uploads\/2023\/07\/tr-trnslate-logo-no-bg.png\",\"width\":600,\"height\":108,\"caption\":\"TKTRANSLATE Biuro T\u0142umacze\u0144 Krosno\"},\"image\":{\"@id\":\"https:\/\/www.tktranslate.pl\/#\/schema\/logo\/image\/\"}}]}<\/script>\n<!-- \/ Yoast SEO plugin. -->","yoast_head_json":{"title":"\u00dcbersetzung von Fahrzeugpapieren - TKTRANSLATE Biuro T\u0142umacze\u0144 Krosno","robots":{"index":"index","follow":"follow","max-snippet":"max-snippet:-1","max-image-preview":"max-image-preview:large","max-video-preview":"max-video-preview:-1"},"canonical":"https:\/\/www.tktranslate.pl\/oferta\/tlumaczenia-pisemne\/tlumaczenie-dokumentow-samochodowych\/","og_locale":"de_DE","og_type":"article","og_title":"\u00dcbersetzung von Fahrzeugpapieren - TKTRANSLATE Biuro T\u0142umacze\u0144 Krosno","og_description":"Zwrot ekwiwalentu za niewykorzystany urlop w Niemczech Pracowa\u0142e\u015b w Niemczech w bran\u017cy budowlanej i chcia\u0142by\u015b odzyska\u0107 ekwiwalent za niewykorzystany urlop [&hellip;]","og_url":"https:\/\/www.tktranslate.pl\/oferta\/tlumaczenia-pisemne\/tlumaczenie-dokumentow-samochodowych\/","og_site_name":"TKTRANSLATE Biuro T\u0142umacze\u0144 Krosno","article_modified_time":"2023-10-31T12:34:13+00:00","og_image":[{"url":"https:\/\/www.tktranslate.pl\/wp-content\/uploads\/2023\/06\/788_788_resize_q90_soka-bau-to-niemiecka-instytucja-ktora-nie-ma-swojego-odpowiednika-w-polsce.jpg","type":"","width":"","height":""}],"twitter_card":"summary_large_image","twitter_misc":{"Gesch\u00e4tzte Lesezeit":"1\u00a0Minute"},"schema":{"@context":"https:\/\/schema.org","@graph":[{"@type":"WebPage","@id":"https:\/\/www.tktranslate.pl\/oferta\/tlumaczenia-pisemne\/tlumaczenie-dokumentow-samochodowych\/","url":"https:\/\/www.tktranslate.pl\/oferta\/tlumaczenia-pisemne\/tlumaczenie-dokumentow-samochodowych\/","name":"\u00dcbersetzung von Fahrzeugpapieren - TKTRANSLATE Biuro T\u0142umacze\u0144 Krosno","isPartOf":{"@id":"https:\/\/www.tktranslate.pl\/#website"},"primaryImageOfPage":{"@id":"https:\/\/www.tktranslate.pl\/oferta\/tlumaczenia-pisemne\/tlumaczenie-dokumentow-samochodowych\/#primaryimage"},"image":{"@id":"https:\/\/www.tktranslate.pl\/oferta\/tlumaczenia-pisemne\/tlumaczenie-dokumentow-samochodowych\/#primaryimage"},"thumbnailUrl":"https:\/\/www.tktranslate.pl\/wp-content\/uploads\/2023\/06\/788_788_resize_q90_soka-bau-to-niemiecka-instytucja-ktora-nie-ma-swojego-odpowiednika-w-polsce.jpg","datePublished":"2023-06-22T16:52:19+00:00","dateModified":"2023-10-31T12:34:13+00:00","breadcrumb":{"@id":"https:\/\/www.tktranslate.pl\/oferta\/tlumaczenia-pisemne\/tlumaczenie-dokumentow-samochodowych\/#breadcrumb"},"inLanguage":"de","potentialAction":[{"@type":"ReadAction","target":["https:\/\/www.tktranslate.pl\/oferta\/tlumaczenia-pisemne\/tlumaczenie-dokumentow-samochodowych\/"]}]},{"@type":"ImageObject","inLanguage":"de","@id":"https:\/\/www.tktranslate.pl\/oferta\/tlumaczenia-pisemne\/tlumaczenie-dokumentow-samochodowych\/#primaryimage","url":"https:\/\/www.tktranslate.pl\/wp-content\/uploads\/2023\/06\/788_788_resize_q90_soka-bau-to-niemiecka-instytucja-ktora-nie-ma-swojego-odpowiednika-w-polsce.jpg","contentUrl":"https:\/\/www.tktranslate.pl\/wp-content\/uploads\/2023\/06\/788_788_resize_q90_soka-bau-to-niemiecka-instytucja-ktora-nie-ma-swojego-odpowiednika-w-polsce.jpg"},{"@type":"BreadcrumbList","@id":"https:\/\/www.tktranslate.pl\/oferta\/tlumaczenia-pisemne\/tlumaczenie-dokumentow-samochodowych\/#breadcrumb","itemListElement":[{"@type":"ListItem","position":1,"name":"Strona g\u0142\u00f3wna","item":"https:\/\/www.tktranslate.pl\/"},{"@type":"ListItem","position":2,"name":"Angebot","item":"https:\/\/www.tktranslate.pl\/oferta\/"},{"@type":"ListItem","position":3,"name":"\u00dcbersetzung","item":"https:\/\/www.tktranslate.pl\/oferta\/tlumaczenia-pisemne\/"},{"@type":"ListItem","position":4,"name":"\u00dcbersetzung von Fahrzeugpapieren"}]},{"@type":"WebSite","@id":"https:\/\/www.tktranslate.pl\/#website","url":"https:\/\/www.tktranslate.pl\/","name":"TKTRANSLATE Biuro T\u0142umacze\u0144 Krosno","description":"Profesjonalne biuro t\u0142umacze\u0144","publisher":{"@id":"https:\/\/www.tktranslate.pl\/#organization"},"potentialAction":[{"@type":"SearchAction","target":{"@type":"EntryPoint","urlTemplate":"https:\/\/www.tktranslate.pl\/?s={search_term_string}"},"query-input":{"@type":"PropertyValueSpecification","valueRequired":true,"valueName":"search_term_string"}}],"inLanguage":"de"},{"@type":"Organization","@id":"https:\/\/www.tktranslate.pl\/#organization","name":"TKTRANSLATE Biuro T\u0142umacze\u0144 Krosno","url":"https:\/\/www.tktranslate.pl\/","logo":{"@type":"ImageObject","inLanguage":"de","@id":"https:\/\/www.tktranslate.pl\/#\/schema\/logo\/image\/","url":"https:\/\/www.tktranslate.pl\/wp-content\/uploads\/2023\/07\/tr-trnslate-logo-no-bg.png","contentUrl":"https:\/\/www.tktranslate.pl\/wp-content\/uploads\/2023\/07\/tr-trnslate-logo-no-bg.png","width":600,"height":108,"caption":"TKTRANSLATE Biuro T\u0142umacze\u0144 Krosno"},"image":{"@id":"https:\/\/www.tktranslate.pl\/#\/schema\/logo\/image\/"}}]}},"_links":{"self":[{"href":"https:\/\/www.tktranslate.pl\/de\/wp-json\/wp\/v2\/pages\/12181","targetHints":{"allow":["GET"]}}],"collection":[{"href":"https:\/\/www.tktranslate.pl\/de\/wp-json\/wp\/v2\/pages"}],"about":[{"href":"https:\/\/www.tktranslate.pl\/de\/wp-json\/wp\/v2\/types\/page"}],"author":[{"embeddable":true,"href":"https:\/\/www.tktranslate.pl\/de\/wp-json\/wp\/v2\/users\/1"}],"replies":[{"embeddable":true,"href":"https:\/\/www.tktranslate.pl\/de\/wp-json\/wp\/v2\/comments?post=12181"}],"version-history":[{"count":4,"href":"https:\/\/www.tktranslate.pl\/de\/wp-json\/wp\/v2\/pages\/12181\/revisions"}],"predecessor-version":[{"id":12185,"href":"https:\/\/www.tktranslate.pl\/de\/wp-json\/wp\/v2\/pages\/12181\/revisions\/12185"}],"up":[{"embeddable":true,"href":"https:\/\/www.tktranslate.pl\/de\/wp-json\/wp\/v2\/pages\/11786"}],"wp:attachment":[{"href":"https:\/\/www.tktranslate.pl\/de\/wp-json\/wp\/v2\/media?parent=12181"}],"curies":[{"name":"wp","href":"https:\/\/api.w.org\/{rel}","templated":true}]}}