{"id":12161,"date":"2023-06-22T18:19:29","date_gmt":"2023-06-22T16:19:29","guid":{"rendered":"https:\/\/www.tktranslate.pl\/jezyki\/"},"modified":"2023-10-31T12:46:07","modified_gmt":"2023-10-31T11:46:07","slug":"sprachen","status":"publish","type":"page","link":"https:\/\/www.tktranslate.pl\/de\/sprachen\/","title":{"rendered":"Sprachen"},"content":{"rendered":"\t\t<div data-elementor-type=\"wp-page\" data-elementor-id=\"12161\" class=\"elementor elementor-12161\">\n\t\t\t\t\t\t<section class=\" elementor-section elementor-top-section elementor-element elementor-element-624797f alpha-section-stretched elementor-section-boxed elementor-section-height-default elementor-section-height-default smart-sticky-default\" style=\"background-color:#f4f4f4;\" data-lazy=\"https:\/\/www.tktranslate.pl\/wp-content\/uploads\/2023\/06\/tktranslate-mapa-swiata.png\" data-id=\"624797f\" data-element_type=\"section\" data-e-type=\"section\" data-settings=\"{&quot;background_background&quot;:&quot;classic&quot;}\">\r\n\t\t\t\t\t\t\t<div class=\"elementor-background-overlay\"><\/div>\r\n\t\t\t\t\t\t\t\t\t<div class=\"elementor-container elementor-column-gap-default\">\r\n\t\t\t\t\r\n\t\t\t\t\t\t\t\t<div class=\" elementor-column elementor-col-100 elementor-top-column elementor-element elementor-element-4bed592 \" data-id=\"4bed592\" data-element_type=\"column\" data-e-type=\"column\">\r\n\r\n\t\t\t\t\r\n\t\t\t\t<div class=\"elementor-widget-wrap elementor-element-populated\">\r\n\t\t\t\t\t\t\t\t\t\t\r\n\t\t\t\t\t\t<div class=\"elementor-element elementor-element-f97fe91 elementor-widget elementor-widget-udesign_widget_heading\" data-id=\"f97fe91\" data-element_type=\"widget\" data-e-type=\"widget\" data-widget_type=\"udesign_widget_heading.default\">\n\t\t\t\t<div class=\"elementor-widget-container\">\n\t\t\t\t\t<div class=\"title-wrapper  title-center\"><h2 class=\"title elementor-heading-title\">Wir bieten unsere \u00dcbersetzungen und Dolmetscherdienste unter anderem in den folgenden Sprachen an:<\/h2><\/div>\t\t\t\t<\/div>\n\t\t\t\t<\/div>\n\t\t\t\t<div class=\"elementor-element elementor-element-3feb6b8 elementor-widget elementor-widget-text-editor\" data-id=\"3feb6b8\" data-element_type=\"widget\" data-e-type=\"widget\" data-widget_type=\"text-editor.default\">\n\t\t\t\t<div class=\"elementor-widget-container\">\n\t\t\t\t\t\t\t\t\t<div class=\"columns2\">\n<ul>\n \t<li>Englisch<\/li>\n \t<li>Deutsch<\/li>\n \t<li>Franz\u00f6sisch<\/li>\n \t<li>Italienisch<\/li>\n \t<li>Niederl\u00e4ndisch\/Fl\u00e4misch<\/li>\n \t<li>Spanisch<\/li>\n \t<li>Portugiesisch<\/li>\n \t<li>Russisch<\/li>\n \t<li>Ukrainisch<\/li>\n \t<li>Ungarisch<\/li>\n \t<li>T\u00fcrkisch<\/li>\n \t<li>Schwedisch<\/li>\n \t<li>Norwegisch<\/li>\n \t<li>D\u00e4nisch<\/li>\n \t<li>Tschechisch<\/li>\n \t<li>Slowakisch<\/li>\n \t<li>Slowenisch<\/li>\n \t<li>Serbisch<\/li>\n \t<li>Bulgarisch<\/li>\n \t<li>Wei\u00dfrussisch<\/li>\n \t<li>Kroatisch<\/li>\n \t<li>Estnisch<\/li>\n \t<li>Litauisch<\/li>\n \t<li>Lettisch<\/li>\n \t<li>Finnisch<\/li>\n \t<li>Griechisch<\/li>\n \t<li>Isl\u00e4ndisch<\/li>\n<\/ul>\nund viele andere.\n\n<\/div>\t\t\t\t\t\t\t\t<\/div>\n\t\t\t\t<\/div>\n\t\t\t\t\t\t<\/div>\r\n\t\t\t\t<\/div>\r\n\t\t\t\t\t\t\t\t<\/div>\r\n\t\t\t<\/section>\r\n\t\t\t\t\t<\/div>\n\t\t","protected":false},"excerpt":{"rendered":"<p>Wir bieten unsere \u00dcbersetzungen und Dolmetscherdienste unter anderem in den folgenden Sprachen an: Englisch Deutsch Franz\u00f6sisch Italienisch Niederl\u00e4ndisch\/Fl\u00e4misch Spanisch Portugiesisch [&hellip;]<\/p>\n","protected":false},"author":1,"featured_media":0,"parent":0,"menu_order":0,"comment_status":"closed","ping_status":"closed","template":"","meta":{"_acf_changed":false,"footnotes":""},"class_list":["post-12161","page","type-page","status-publish","hentry"],"acf":[],"yoast_head":"<!-- This site is optimized with the Yoast SEO plugin v26.9 - https:\/\/yoast.com\/product\/yoast-seo-wordpress\/ -->\n<title>Sprachen - TKTRANSLATE Biuro T\u0142umacze\u0144 Krosno<\/title>\n<meta name=\"robots\" content=\"index, follow, max-snippet:-1, max-image-preview:large, max-video-preview:-1\" \/>\n<link rel=\"canonical\" href=\"https:\/\/www.tktranslate.pl\/jezyki\/\" \/>\n<meta property=\"og:locale\" content=\"de_DE\" \/>\n<meta property=\"og:type\" content=\"article\" \/>\n<meta property=\"og:title\" content=\"Sprachen - TKTRANSLATE Biuro T\u0142umacze\u0144 Krosno\" \/>\n<meta property=\"og:description\" content=\"Wir bieten unsere \u00dcbersetzungen und Dolmetscherdienste unter anderem in den folgenden Sprachen an: Englisch Deutsch Franz\u00f6sisch Italienisch Niederl\u00e4ndisch\/Fl\u00e4misch Spanisch Portugiesisch [&hellip;]\" \/>\n<meta property=\"og:url\" content=\"https:\/\/www.tktranslate.pl\/jezyki\/\" \/>\n<meta property=\"og:site_name\" content=\"TKTRANSLATE Biuro T\u0142umacze\u0144 Krosno\" \/>\n<meta property=\"article:modified_time\" content=\"2023-10-31T11:46:07+00:00\" \/>\n<meta name=\"twitter:card\" content=\"summary_large_image\" \/>\n<meta name=\"twitter:label1\" content=\"Gesch\u00e4tzte Lesezeit\" \/>\n\t<meta name=\"twitter:data1\" content=\"1\u00a0Minute\" \/>\n<script type=\"application\/ld+json\" class=\"yoast-schema-graph\">{\"@context\":\"https:\/\/schema.org\",\"@graph\":[{\"@type\":\"WebPage\",\"@id\":\"https:\/\/www.tktranslate.pl\/jezyki\/\",\"url\":\"https:\/\/www.tktranslate.pl\/jezyki\/\",\"name\":\"Sprachen - TKTRANSLATE Biuro T\u0142umacze\u0144 Krosno\",\"isPartOf\":{\"@id\":\"https:\/\/www.tktranslate.pl\/#website\"},\"datePublished\":\"2023-06-22T16:19:29+00:00\",\"dateModified\":\"2023-10-31T11:46:07+00:00\",\"breadcrumb\":{\"@id\":\"https:\/\/www.tktranslate.pl\/jezyki\/#breadcrumb\"},\"inLanguage\":\"de\",\"potentialAction\":[{\"@type\":\"ReadAction\",\"target\":[\"https:\/\/www.tktranslate.pl\/jezyki\/\"]}]},{\"@type\":\"BreadcrumbList\",\"@id\":\"https:\/\/www.tktranslate.pl\/jezyki\/#breadcrumb\",\"itemListElement\":[{\"@type\":\"ListItem\",\"position\":1,\"name\":\"Strona g\u0142\u00f3wna\",\"item\":\"https:\/\/www.tktranslate.pl\/\"},{\"@type\":\"ListItem\",\"position\":2,\"name\":\"Sprachen\"}]},{\"@type\":\"WebSite\",\"@id\":\"https:\/\/www.tktranslate.pl\/#website\",\"url\":\"https:\/\/www.tktranslate.pl\/\",\"name\":\"TKTRANSLATE Biuro T\u0142umacze\u0144 Krosno\",\"description\":\"Profesjonalne biuro t\u0142umacze\u0144\",\"publisher\":{\"@id\":\"https:\/\/www.tktranslate.pl\/#organization\"},\"potentialAction\":[{\"@type\":\"SearchAction\",\"target\":{\"@type\":\"EntryPoint\",\"urlTemplate\":\"https:\/\/www.tktranslate.pl\/?s={search_term_string}\"},\"query-input\":{\"@type\":\"PropertyValueSpecification\",\"valueRequired\":true,\"valueName\":\"search_term_string\"}}],\"inLanguage\":\"de\"},{\"@type\":\"Organization\",\"@id\":\"https:\/\/www.tktranslate.pl\/#organization\",\"name\":\"TKTRANSLATE Biuro T\u0142umacze\u0144 Krosno\",\"url\":\"https:\/\/www.tktranslate.pl\/\",\"logo\":{\"@type\":\"ImageObject\",\"inLanguage\":\"de\",\"@id\":\"https:\/\/www.tktranslate.pl\/#\/schema\/logo\/image\/\",\"url\":\"https:\/\/www.tktranslate.pl\/wp-content\/uploads\/2023\/07\/tr-trnslate-logo-no-bg.png\",\"contentUrl\":\"https:\/\/www.tktranslate.pl\/wp-content\/uploads\/2023\/07\/tr-trnslate-logo-no-bg.png\",\"width\":600,\"height\":108,\"caption\":\"TKTRANSLATE Biuro T\u0142umacze\u0144 Krosno\"},\"image\":{\"@id\":\"https:\/\/www.tktranslate.pl\/#\/schema\/logo\/image\/\"}}]}<\/script>\n<!-- \/ Yoast SEO plugin. -->","yoast_head_json":{"title":"Sprachen - TKTRANSLATE Biuro T\u0142umacze\u0144 Krosno","robots":{"index":"index","follow":"follow","max-snippet":"max-snippet:-1","max-image-preview":"max-image-preview:large","max-video-preview":"max-video-preview:-1"},"canonical":"https:\/\/www.tktranslate.pl\/jezyki\/","og_locale":"de_DE","og_type":"article","og_title":"Sprachen - TKTRANSLATE Biuro T\u0142umacze\u0144 Krosno","og_description":"Wir bieten unsere \u00dcbersetzungen und Dolmetscherdienste unter anderem in den folgenden Sprachen an: Englisch Deutsch Franz\u00f6sisch Italienisch Niederl\u00e4ndisch\/Fl\u00e4misch Spanisch Portugiesisch [&hellip;]","og_url":"https:\/\/www.tktranslate.pl\/jezyki\/","og_site_name":"TKTRANSLATE Biuro T\u0142umacze\u0144 Krosno","article_modified_time":"2023-10-31T11:46:07+00:00","twitter_card":"summary_large_image","twitter_misc":{"Gesch\u00e4tzte Lesezeit":"1\u00a0Minute"},"schema":{"@context":"https:\/\/schema.org","@graph":[{"@type":"WebPage","@id":"https:\/\/www.tktranslate.pl\/jezyki\/","url":"https:\/\/www.tktranslate.pl\/jezyki\/","name":"Sprachen - TKTRANSLATE Biuro T\u0142umacze\u0144 Krosno","isPartOf":{"@id":"https:\/\/www.tktranslate.pl\/#website"},"datePublished":"2023-06-22T16:19:29+00:00","dateModified":"2023-10-31T11:46:07+00:00","breadcrumb":{"@id":"https:\/\/www.tktranslate.pl\/jezyki\/#breadcrumb"},"inLanguage":"de","potentialAction":[{"@type":"ReadAction","target":["https:\/\/www.tktranslate.pl\/jezyki\/"]}]},{"@type":"BreadcrumbList","@id":"https:\/\/www.tktranslate.pl\/jezyki\/#breadcrumb","itemListElement":[{"@type":"ListItem","position":1,"name":"Strona g\u0142\u00f3wna","item":"https:\/\/www.tktranslate.pl\/"},{"@type":"ListItem","position":2,"name":"Sprachen"}]},{"@type":"WebSite","@id":"https:\/\/www.tktranslate.pl\/#website","url":"https:\/\/www.tktranslate.pl\/","name":"TKTRANSLATE Biuro T\u0142umacze\u0144 Krosno","description":"Profesjonalne biuro t\u0142umacze\u0144","publisher":{"@id":"https:\/\/www.tktranslate.pl\/#organization"},"potentialAction":[{"@type":"SearchAction","target":{"@type":"EntryPoint","urlTemplate":"https:\/\/www.tktranslate.pl\/?s={search_term_string}"},"query-input":{"@type":"PropertyValueSpecification","valueRequired":true,"valueName":"search_term_string"}}],"inLanguage":"de"},{"@type":"Organization","@id":"https:\/\/www.tktranslate.pl\/#organization","name":"TKTRANSLATE Biuro T\u0142umacze\u0144 Krosno","url":"https:\/\/www.tktranslate.pl\/","logo":{"@type":"ImageObject","inLanguage":"de","@id":"https:\/\/www.tktranslate.pl\/#\/schema\/logo\/image\/","url":"https:\/\/www.tktranslate.pl\/wp-content\/uploads\/2023\/07\/tr-trnslate-logo-no-bg.png","contentUrl":"https:\/\/www.tktranslate.pl\/wp-content\/uploads\/2023\/07\/tr-trnslate-logo-no-bg.png","width":600,"height":108,"caption":"TKTRANSLATE Biuro T\u0142umacze\u0144 Krosno"},"image":{"@id":"https:\/\/www.tktranslate.pl\/#\/schema\/logo\/image\/"}}]}},"_links":{"self":[{"href":"https:\/\/www.tktranslate.pl\/de\/wp-json\/wp\/v2\/pages\/12161","targetHints":{"allow":["GET"]}}],"collection":[{"href":"https:\/\/www.tktranslate.pl\/de\/wp-json\/wp\/v2\/pages"}],"about":[{"href":"https:\/\/www.tktranslate.pl\/de\/wp-json\/wp\/v2\/types\/page"}],"author":[{"embeddable":true,"href":"https:\/\/www.tktranslate.pl\/de\/wp-json\/wp\/v2\/users\/1"}],"replies":[{"embeddable":true,"href":"https:\/\/www.tktranslate.pl\/de\/wp-json\/wp\/v2\/comments?post=12161"}],"version-history":[{"count":4,"href":"https:\/\/www.tktranslate.pl\/de\/wp-json\/wp\/v2\/pages\/12161\/revisions"}],"predecessor-version":[{"id":12166,"href":"https:\/\/www.tktranslate.pl\/de\/wp-json\/wp\/v2\/pages\/12161\/revisions\/12166"}],"wp:attachment":[{"href":"https:\/\/www.tktranslate.pl\/de\/wp-json\/wp\/v2\/media?parent=12161"}],"curies":[{"name":"wp","href":"https:\/\/api.w.org\/{rel}","templated":true}]}}