{"id":11973,"date":"2023-07-26T14:57:24","date_gmt":"2023-07-26T12:57:24","guid":{"rendered":"https:\/\/www.tktranslate.pl\/angebot\/auslandische-familienleistungen\/zasilki-z-austrii\/"},"modified":"2023-10-30T14:14:09","modified_gmt":"2023-10-30T13:14:09","slug":"osterreichische-familienleistungen","status":"publish","type":"page","link":"https:\/\/www.tktranslate.pl\/de\/angebot\/auslandische-familienleistungen\/osterreichische-familienleistungen\/","title":{"rendered":"\u00d6sterreichische Familienleistungen"},"content":{"rendered":"\t\t<div data-elementor-type=\"wp-page\" data-elementor-id=\"11973\" class=\"elementor elementor-11973\">\n\t\t\t\t\t\t<section class=\" elementor-section elementor-top-section elementor-element elementor-element-624797f elementor-section-boxed elementor-section-height-default elementor-section-height-default smart-sticky-default\" data-id=\"624797f\" data-element_type=\"section\" data-e-type=\"section\">\r\n\t\t\t\t\t\t\t\t<div class=\"elementor-container elementor-column-gap-default\">\r\n\t\t\t\t\r\n\t\t\t\t\t\t\t\t<div class=\" elementor-column elementor-col-100 elementor-top-column elementor-element elementor-element-4bed592 \" data-id=\"4bed592\" data-element_type=\"column\" data-e-type=\"column\">\r\n\r\n\t\t\t\t\r\n\t\t\t\t<div class=\"elementor-widget-wrap elementor-element-populated\">\r\n\t\t\t\t\t\t\t\t\t\t\r\n\t\t\t\t\t\t<div class=\"elementor-element elementor-element-370352f elementor-widget elementor-widget-udesign_widget_heading\" data-id=\"370352f\" data-element_type=\"widget\" data-e-type=\"widget\" data-widget_type=\"udesign_widget_heading.default\">\n\t\t\t\t<div class=\"elementor-widget-container\">\n\t\t\t\t\t<div class=\"title-wrapper  title-cross title-center\"><h2 class=\"title elementor-heading-title\">\u00d6sterreichische Familienleistungen<\/h2><\/div>\t\t\t\t<\/div>\n\t\t\t\t<\/div>\n\t\t\t\t\t\t<\/div>\r\n\t\t\t\t<\/div>\r\n\t\t\t\t\t\t\t\t<\/div>\r\n\t\t\t<\/section>\r\n\t\t\t\t\t<section class=\" elementor-section elementor-top-section elementor-element elementor-element-fad7ea0 elementor-section-boxed elementor-section-height-default elementor-section-height-default smart-sticky-default\" data-id=\"fad7ea0\" data-element_type=\"section\" data-e-type=\"section\" data-settings=\"{&quot;background_background&quot;:&quot;classic&quot;}\">\r\n\t\t\t\t\t\t\t\t<div class=\"elementor-container elementor-column-gap-default\">\r\n\t\t\t\t\r\n\t\t\t\t\t\t\t\t<div class=\" elementor-column elementor-col-50 elementor-top-column elementor-element elementor-element-9364518 \" data-id=\"9364518\" data-element_type=\"column\" data-e-type=\"column\">\r\n\r\n\t\t\t\t\r\n\t\t\t\t<div class=\"elementor-widget-wrap elementor-element-populated\">\r\n\t\t\t\t\t\t\t\t\t\t\r\n\t\t\t\t\t\t<div class=\"elementor-element elementor-element-470c3e5 elementor-invisible elementor-widget elementor-widget-udesign_widget_imagebox\" data-id=\"470c3e5\" data-element_type=\"widget\" data-e-type=\"widget\" data-settings=\"{&quot;_animation&quot;:&quot;fadeInUpShorter&quot;}\" data-widget_type=\"udesign_widget_imagebox.default\">\n\t\t\t\t<div class=\"elementor-widget-container\">\n\t\t\t\t\t<div class=\"image-box position-top\"><figure class=\"has-link\"><img fetchpriority=\"high\" decoding=\"async\" width=\"788\" height=\"525\" src=\"https:\/\/www.tktranslate.pl\/wp-content\/uploads\/2023\/06\/788_788_resize_q90_e54d6e1bd171ff9ddc74d11af7c63485e1e61998f11ceb1a.jpg\" class=\"attachment-full size-full wp-image-8809\" alt=\"\" srcset=\"https:\/\/www.tktranslate.pl\/wp-content\/uploads\/2023\/06\/788_788_resize_q90_e54d6e1bd171ff9ddc74d11af7c63485e1e61998f11ceb1a.jpg 788w, https:\/\/www.tktranslate.pl\/wp-content\/uploads\/2023\/06\/788_788_resize_q90_e54d6e1bd171ff9ddc74d11af7c63485e1e61998f11ceb1a-768x512.jpg 768w\" sizes=\"(max-width: 788px) 100vw, 788px\" \/><a href=\"\/de\/angebot\/auslandische-familienleistungen\/osterreichische-familienleistungen-familienbeihilfe\" aria-label=\"Image\"><\/a><\/figure><div class=\"image-box-content\"><h3 class=\"title\"><a href=\"\/de\/angebot\/auslandische-familienleistungen\/osterreichische-familienleistungen-familienbeihilfe\" aria-label=\"Image\">FAMILIENBEIHILFE<\/a><\/h3><p class=\"content\">Die Familienbeihilfe wird in \u00d6sterreich unabh\u00e4ngig von Besch\u00e4ftigung oder Einkommen gew\u00e4hrt. Polnische Staatsb\u00fcrger, die in \u00d6sterreich leben und arbeiten, k\u00f6nnen Familienbeihilfe beantragen. Hierbei handelt es sich um eine Familienleistung, die vom \u00f6sterreichischen Finanzamt \u00d6sterreich gezahlt wird.<\/p><a class=\"btn btn-md btn-primary btn-icon btn-icon-right\" href=\"\/de\/angebot\/auslandische-familienleistungen\/osterreichische-familienleistungen-familienbeihilfe\" ><span >Mehr...<\/span><i class=\"a-icon-long-arrow-right\"><\/i><\/a><\/div><\/div>\t\t\t\t<\/div>\n\t\t\t\t<\/div>\n\t\t\t\t\t\t<\/div>\r\n\t\t\t\t<\/div>\r\n\t\t\t\t\t\t\t\t\t<div class=\" elementor-column elementor-col-50 elementor-top-column elementor-element elementor-element-3335ebc \" data-id=\"3335ebc\" data-element_type=\"column\" data-e-type=\"column\">\r\n\r\n\t\t\t\t\r\n\t\t\t\t<div class=\"elementor-widget-wrap elementor-element-populated\">\r\n\t\t\t\t\t\t\t\t\t\t\r\n\t\t\t\t\t\t<div class=\"elementor-element elementor-element-fe046d1 elementor-invisible elementor-widget elementor-widget-udesign_widget_imagebox\" data-id=\"fe046d1\" data-element_type=\"widget\" data-e-type=\"widget\" data-settings=\"{&quot;_animation&quot;:&quot;fadeInUpShorter&quot;}\" data-widget_type=\"udesign_widget_imagebox.default\">\n\t\t\t\t<div class=\"elementor-widget-container\">\n\t\t\t\t\t<div class=\"image-box position-top\"><figure class=\"has-link\"><img decoding=\"async\" width=\"788\" height=\"525\" src=\"https:\/\/www.tktranslate.pl\/wp-content\/uploads\/2023\/06\/788_788_resize_q90_familienbeihilfe-1.jpg\" class=\"attachment-full size-full wp-image-8845\" alt=\"\" srcset=\"https:\/\/www.tktranslate.pl\/wp-content\/uploads\/2023\/06\/788_788_resize_q90_familienbeihilfe-1.jpg 788w, https:\/\/www.tktranslate.pl\/wp-content\/uploads\/2023\/06\/788_788_resize_q90_familienbeihilfe-1-768x512.jpg 768w\" sizes=\"(max-width: 788px) 100vw, 788px\" \/><a href=\"\/de\/angebot\/auslandische-familienleistungen\/osterreichische-familienleistungen-kinderbetreuungsgeld\" aria-label=\"Image\"><\/a><\/figure><div class=\"image-box-content\"><h3 class=\"title\"><a href=\"\/de\/angebot\/auslandische-familienleistungen\/osterreichische-familienleistungen-kinderbetreuungsgeld\" aria-label=\"Image\">KINDERBETREUUNGSGELD<\/a><\/h3><p class=\"content\">Sie k\u00f6nnen das Kinderbetreuungsgeld f\u00fcr ein Kind beantragen, bis es das dritte Lebensjahr vollendet hat. Die Leistungsdauer kann zwischen 12 und 36 Lebensmonaten Ihres Kindes liegen.<\/p><a class=\"btn btn-md btn-primary btn-icon btn-icon-right\" href=\"\/de\/angebot\/auslandische-familienleistungen\/osterreichische-familienleistungen-kinderbetreuungsgeld\" ><span >Mehr...<\/span><i class=\"a-icon-long-arrow-right\"><\/i><\/a><\/div><\/div>\t\t\t\t<\/div>\n\t\t\t\t<\/div>\n\t\t\t\t\t\t<\/div>\r\n\t\t\t\t<\/div>\r\n\t\t\t\t\t\t\t\t<\/div>\r\n\t\t\t<\/section>\r\n\t\t\t\t\t<section class=\" elementor-section elementor-top-section elementor-element elementor-element-9cbbc83 elementor-section-boxed elementor-section-height-default elementor-section-height-default smart-sticky-default\" data-id=\"9cbbc83\" data-element_type=\"section\" data-e-type=\"section\">\r\n\t\t\t\t\t\t\t\t<div class=\"elementor-container elementor-column-gap-default\">\r\n\t\t\t\t\r\n\t\t\t\t\t\t\t\t<div class=\" elementor-column elementor-col-100 elementor-top-column elementor-element elementor-element-3d68644 \" data-id=\"3d68644\" data-element_type=\"column\" data-e-type=\"column\">\r\n\r\n\t\t\t\t\r\n\t\t\t\t<div class=\"elementor-widget-wrap\">\r\n\t\t\t\t\t\t\t\t\t\t\r\n\t\t\t\t\t\t\t\t<\/div>\r\n\t\t\t\t<\/div>\r\n\t\t\t\t\t\t\t\t<\/div>\r\n\t\t\t<\/section>\r\n\t\t\t\t\t<\/div>\n\t\t","protected":false},"excerpt":{"rendered":"<p>\u00d6sterreichische Familienleistungen FAMILIENBEIHILFE Die Familienbeihilfe wird in \u00d6sterreich unabh\u00e4ngig von Besch\u00e4ftigung oder Einkommen gew\u00e4hrt. Polnische Staatsb\u00fcrger, die in \u00d6sterreich leben [&hellip;]<\/p>\n","protected":false},"author":1,"featured_media":0,"parent":11893,"menu_order":0,"comment_status":"closed","ping_status":"closed","template":"","meta":{"_acf_changed":false,"footnotes":""},"class_list":["post-11973","page","type-page","status-publish","hentry"],"acf":[],"yoast_head":"<!-- This site is optimized with the Yoast SEO plugin v26.9 - https:\/\/yoast.com\/product\/yoast-seo-wordpress\/ -->\n<title>\u00d6sterreichische Familienleistungen - TKTRANSLATE Biuro T\u0142umacze\u0144 Krosno<\/title>\n<meta name=\"robots\" content=\"index, follow, max-snippet:-1, max-image-preview:large, max-video-preview:-1\" \/>\n<link rel=\"canonical\" href=\"https:\/\/www.tktranslate.pl\/oferta\/zasilki-z-zagranicy\/zasilki-z-austrii\/\" \/>\n<meta property=\"og:locale\" content=\"de_DE\" \/>\n<meta property=\"og:type\" content=\"article\" \/>\n<meta property=\"og:title\" content=\"\u00d6sterreichische Familienleistungen - TKTRANSLATE Biuro T\u0142umacze\u0144 Krosno\" \/>\n<meta property=\"og:description\" content=\"\u00d6sterreichische Familienleistungen FAMILIENBEIHILFE Die Familienbeihilfe wird in \u00d6sterreich unabh\u00e4ngig von Besch\u00e4ftigung oder Einkommen gew\u00e4hrt. Polnische Staatsb\u00fcrger, die in \u00d6sterreich leben [&hellip;]\" \/>\n<meta property=\"og:url\" content=\"https:\/\/www.tktranslate.pl\/oferta\/zasilki-z-zagranicy\/zasilki-z-austrii\/\" \/>\n<meta property=\"og:site_name\" content=\"TKTRANSLATE Biuro T\u0142umacze\u0144 Krosno\" \/>\n<meta property=\"article:modified_time\" content=\"2023-10-30T13:14:09+00:00\" \/>\n<meta property=\"og:image\" content=\"https:\/\/www.tktranslate.pl\/wp-content\/uploads\/2023\/06\/788_788_resize_q90_e54d6e1bd171ff9ddc74d11af7c63485e1e61998f11ceb1a.jpg\" \/>\n<meta name=\"twitter:card\" content=\"summary_large_image\" \/>\n<meta name=\"twitter:label1\" content=\"Gesch\u00e4tzte Lesezeit\" \/>\n\t<meta name=\"twitter:data1\" content=\"1\u00a0Minute\" \/>\n<script type=\"application\/ld+json\" class=\"yoast-schema-graph\">{\"@context\":\"https:\/\/schema.org\",\"@graph\":[{\"@type\":\"WebPage\",\"@id\":\"https:\/\/www.tktranslate.pl\/oferta\/zasilki-z-zagranicy\/zasilki-z-austrii\/\",\"url\":\"https:\/\/www.tktranslate.pl\/oferta\/zasilki-z-zagranicy\/zasilki-z-austrii\/\",\"name\":\"\u00d6sterreichische Familienleistungen - TKTRANSLATE Biuro T\u0142umacze\u0144 Krosno\",\"isPartOf\":{\"@id\":\"https:\/\/www.tktranslate.pl\/#website\"},\"primaryImageOfPage\":{\"@id\":\"https:\/\/www.tktranslate.pl\/oferta\/zasilki-z-zagranicy\/zasilki-z-austrii\/#primaryimage\"},\"image\":{\"@id\":\"https:\/\/www.tktranslate.pl\/oferta\/zasilki-z-zagranicy\/zasilki-z-austrii\/#primaryimage\"},\"thumbnailUrl\":\"https:\/\/www.tktranslate.pl\/wp-content\/uploads\/2023\/06\/788_788_resize_q90_e54d6e1bd171ff9ddc74d11af7c63485e1e61998f11ceb1a.jpg\",\"datePublished\":\"2023-07-26T12:57:24+00:00\",\"dateModified\":\"2023-10-30T13:14:09+00:00\",\"breadcrumb\":{\"@id\":\"https:\/\/www.tktranslate.pl\/oferta\/zasilki-z-zagranicy\/zasilki-z-austrii\/#breadcrumb\"},\"inLanguage\":\"de\",\"potentialAction\":[{\"@type\":\"ReadAction\",\"target\":[\"https:\/\/www.tktranslate.pl\/oferta\/zasilki-z-zagranicy\/zasilki-z-austrii\/\"]}]},{\"@type\":\"ImageObject\",\"inLanguage\":\"de\",\"@id\":\"https:\/\/www.tktranslate.pl\/oferta\/zasilki-z-zagranicy\/zasilki-z-austrii\/#primaryimage\",\"url\":\"https:\/\/www.tktranslate.pl\/wp-content\/uploads\/2023\/06\/788_788_resize_q90_e54d6e1bd171ff9ddc74d11af7c63485e1e61998f11ceb1a.jpg\",\"contentUrl\":\"https:\/\/www.tktranslate.pl\/wp-content\/uploads\/2023\/06\/788_788_resize_q90_e54d6e1bd171ff9ddc74d11af7c63485e1e61998f11ceb1a.jpg\"},{\"@type\":\"BreadcrumbList\",\"@id\":\"https:\/\/www.tktranslate.pl\/oferta\/zasilki-z-zagranicy\/zasilki-z-austrii\/#breadcrumb\",\"itemListElement\":[{\"@type\":\"ListItem\",\"position\":1,\"name\":\"Strona g\u0142\u00f3wna\",\"item\":\"https:\/\/www.tktranslate.pl\/\"},{\"@type\":\"ListItem\",\"position\":2,\"name\":\"Angebot\",\"item\":\"https:\/\/www.tktranslate.pl\/oferta\/\"},{\"@type\":\"ListItem\",\"position\":3,\"name\":\"Ausl\u00e4ndische Familienleistungen\",\"item\":\"https:\/\/www.tktranslate.pl\/oferta\/zasilki-z-zagranicy\/\"},{\"@type\":\"ListItem\",\"position\":4,\"name\":\"\u00d6sterreichische Familienleistungen\"}]},{\"@type\":\"WebSite\",\"@id\":\"https:\/\/www.tktranslate.pl\/#website\",\"url\":\"https:\/\/www.tktranslate.pl\/\",\"name\":\"TKTRANSLATE Biuro T\u0142umacze\u0144 Krosno\",\"description\":\"Profesjonalne biuro t\u0142umacze\u0144\",\"publisher\":{\"@id\":\"https:\/\/www.tktranslate.pl\/#organization\"},\"potentialAction\":[{\"@type\":\"SearchAction\",\"target\":{\"@type\":\"EntryPoint\",\"urlTemplate\":\"https:\/\/www.tktranslate.pl\/?s={search_term_string}\"},\"query-input\":{\"@type\":\"PropertyValueSpecification\",\"valueRequired\":true,\"valueName\":\"search_term_string\"}}],\"inLanguage\":\"de\"},{\"@type\":\"Organization\",\"@id\":\"https:\/\/www.tktranslate.pl\/#organization\",\"name\":\"TKTRANSLATE Biuro T\u0142umacze\u0144 Krosno\",\"url\":\"https:\/\/www.tktranslate.pl\/\",\"logo\":{\"@type\":\"ImageObject\",\"inLanguage\":\"de\",\"@id\":\"https:\/\/www.tktranslate.pl\/#\/schema\/logo\/image\/\",\"url\":\"https:\/\/www.tktranslate.pl\/wp-content\/uploads\/2023\/07\/tr-trnslate-logo-no-bg.png\",\"contentUrl\":\"https:\/\/www.tktranslate.pl\/wp-content\/uploads\/2023\/07\/tr-trnslate-logo-no-bg.png\",\"width\":600,\"height\":108,\"caption\":\"TKTRANSLATE Biuro T\u0142umacze\u0144 Krosno\"},\"image\":{\"@id\":\"https:\/\/www.tktranslate.pl\/#\/schema\/logo\/image\/\"}}]}<\/script>\n<!-- \/ Yoast SEO plugin. -->","yoast_head_json":{"title":"\u00d6sterreichische Familienleistungen - TKTRANSLATE Biuro T\u0142umacze\u0144 Krosno","robots":{"index":"index","follow":"follow","max-snippet":"max-snippet:-1","max-image-preview":"max-image-preview:large","max-video-preview":"max-video-preview:-1"},"canonical":"https:\/\/www.tktranslate.pl\/oferta\/zasilki-z-zagranicy\/zasilki-z-austrii\/","og_locale":"de_DE","og_type":"article","og_title":"\u00d6sterreichische Familienleistungen - TKTRANSLATE Biuro T\u0142umacze\u0144 Krosno","og_description":"\u00d6sterreichische Familienleistungen FAMILIENBEIHILFE Die Familienbeihilfe wird in \u00d6sterreich unabh\u00e4ngig von Besch\u00e4ftigung oder Einkommen gew\u00e4hrt. Polnische Staatsb\u00fcrger, die in \u00d6sterreich leben [&hellip;]","og_url":"https:\/\/www.tktranslate.pl\/oferta\/zasilki-z-zagranicy\/zasilki-z-austrii\/","og_site_name":"TKTRANSLATE Biuro T\u0142umacze\u0144 Krosno","article_modified_time":"2023-10-30T13:14:09+00:00","og_image":[{"url":"https:\/\/www.tktranslate.pl\/wp-content\/uploads\/2023\/06\/788_788_resize_q90_e54d6e1bd171ff9ddc74d11af7c63485e1e61998f11ceb1a.jpg","type":"","width":"","height":""}],"twitter_card":"summary_large_image","twitter_misc":{"Gesch\u00e4tzte Lesezeit":"1\u00a0Minute"},"schema":{"@context":"https:\/\/schema.org","@graph":[{"@type":"WebPage","@id":"https:\/\/www.tktranslate.pl\/oferta\/zasilki-z-zagranicy\/zasilki-z-austrii\/","url":"https:\/\/www.tktranslate.pl\/oferta\/zasilki-z-zagranicy\/zasilki-z-austrii\/","name":"\u00d6sterreichische Familienleistungen - TKTRANSLATE Biuro T\u0142umacze\u0144 Krosno","isPartOf":{"@id":"https:\/\/www.tktranslate.pl\/#website"},"primaryImageOfPage":{"@id":"https:\/\/www.tktranslate.pl\/oferta\/zasilki-z-zagranicy\/zasilki-z-austrii\/#primaryimage"},"image":{"@id":"https:\/\/www.tktranslate.pl\/oferta\/zasilki-z-zagranicy\/zasilki-z-austrii\/#primaryimage"},"thumbnailUrl":"https:\/\/www.tktranslate.pl\/wp-content\/uploads\/2023\/06\/788_788_resize_q90_e54d6e1bd171ff9ddc74d11af7c63485e1e61998f11ceb1a.jpg","datePublished":"2023-07-26T12:57:24+00:00","dateModified":"2023-10-30T13:14:09+00:00","breadcrumb":{"@id":"https:\/\/www.tktranslate.pl\/oferta\/zasilki-z-zagranicy\/zasilki-z-austrii\/#breadcrumb"},"inLanguage":"de","potentialAction":[{"@type":"ReadAction","target":["https:\/\/www.tktranslate.pl\/oferta\/zasilki-z-zagranicy\/zasilki-z-austrii\/"]}]},{"@type":"ImageObject","inLanguage":"de","@id":"https:\/\/www.tktranslate.pl\/oferta\/zasilki-z-zagranicy\/zasilki-z-austrii\/#primaryimage","url":"https:\/\/www.tktranslate.pl\/wp-content\/uploads\/2023\/06\/788_788_resize_q90_e54d6e1bd171ff9ddc74d11af7c63485e1e61998f11ceb1a.jpg","contentUrl":"https:\/\/www.tktranslate.pl\/wp-content\/uploads\/2023\/06\/788_788_resize_q90_e54d6e1bd171ff9ddc74d11af7c63485e1e61998f11ceb1a.jpg"},{"@type":"BreadcrumbList","@id":"https:\/\/www.tktranslate.pl\/oferta\/zasilki-z-zagranicy\/zasilki-z-austrii\/#breadcrumb","itemListElement":[{"@type":"ListItem","position":1,"name":"Strona g\u0142\u00f3wna","item":"https:\/\/www.tktranslate.pl\/"},{"@type":"ListItem","position":2,"name":"Angebot","item":"https:\/\/www.tktranslate.pl\/oferta\/"},{"@type":"ListItem","position":3,"name":"Ausl\u00e4ndische Familienleistungen","item":"https:\/\/www.tktranslate.pl\/oferta\/zasilki-z-zagranicy\/"},{"@type":"ListItem","position":4,"name":"\u00d6sterreichische Familienleistungen"}]},{"@type":"WebSite","@id":"https:\/\/www.tktranslate.pl\/#website","url":"https:\/\/www.tktranslate.pl\/","name":"TKTRANSLATE Biuro T\u0142umacze\u0144 Krosno","description":"Profesjonalne biuro t\u0142umacze\u0144","publisher":{"@id":"https:\/\/www.tktranslate.pl\/#organization"},"potentialAction":[{"@type":"SearchAction","target":{"@type":"EntryPoint","urlTemplate":"https:\/\/www.tktranslate.pl\/?s={search_term_string}"},"query-input":{"@type":"PropertyValueSpecification","valueRequired":true,"valueName":"search_term_string"}}],"inLanguage":"de"},{"@type":"Organization","@id":"https:\/\/www.tktranslate.pl\/#organization","name":"TKTRANSLATE Biuro T\u0142umacze\u0144 Krosno","url":"https:\/\/www.tktranslate.pl\/","logo":{"@type":"ImageObject","inLanguage":"de","@id":"https:\/\/www.tktranslate.pl\/#\/schema\/logo\/image\/","url":"https:\/\/www.tktranslate.pl\/wp-content\/uploads\/2023\/07\/tr-trnslate-logo-no-bg.png","contentUrl":"https:\/\/www.tktranslate.pl\/wp-content\/uploads\/2023\/07\/tr-trnslate-logo-no-bg.png","width":600,"height":108,"caption":"TKTRANSLATE Biuro T\u0142umacze\u0144 Krosno"},"image":{"@id":"https:\/\/www.tktranslate.pl\/#\/schema\/logo\/image\/"}}]}},"_links":{"self":[{"href":"https:\/\/www.tktranslate.pl\/de\/wp-json\/wp\/v2\/pages\/11973","targetHints":{"allow":["GET"]}}],"collection":[{"href":"https:\/\/www.tktranslate.pl\/de\/wp-json\/wp\/v2\/pages"}],"about":[{"href":"https:\/\/www.tktranslate.pl\/de\/wp-json\/wp\/v2\/types\/page"}],"author":[{"embeddable":true,"href":"https:\/\/www.tktranslate.pl\/de\/wp-json\/wp\/v2\/users\/1"}],"replies":[{"embeddable":true,"href":"https:\/\/www.tktranslate.pl\/de\/wp-json\/wp\/v2\/comments?post=11973"}],"version-history":[{"count":8,"href":"https:\/\/www.tktranslate.pl\/de\/wp-json\/wp\/v2\/pages\/11973\/revisions"}],"predecessor-version":[{"id":11986,"href":"https:\/\/www.tktranslate.pl\/de\/wp-json\/wp\/v2\/pages\/11973\/revisions\/11986"}],"up":[{"embeddable":true,"href":"https:\/\/www.tktranslate.pl\/de\/wp-json\/wp\/v2\/pages\/11893"}],"wp:attachment":[{"href":"https:\/\/www.tktranslate.pl\/de\/wp-json\/wp\/v2\/media?parent=11973"}],"curies":[{"name":"wp","href":"https:\/\/api.w.org\/{rel}","templated":true}]}}