{"id":11968,"date":"2023-06-22T16:38:51","date_gmt":"2023-06-22T14:38:51","guid":{"rendered":"https:\/\/www.tktranslate.pl\/angebot\/auslandische-familienleistungen\/zasilek-z-niemiec-kinderzuschlag\/"},"modified":"2023-10-30T14:02:41","modified_gmt":"2023-10-30T13:02:41","slug":"deutsche-familienleistungen-kinderzuschlag","status":"publish","type":"page","link":"https:\/\/www.tktranslate.pl\/de\/angebot\/auslandische-familienleistungen\/deutsche-familienleistungen-kinderzuschlag\/","title":{"rendered":"Deutsche Familienleistungen &#8211; Kinderzuschlag"},"content":{"rendered":"\t\t<div data-elementor-type=\"wp-page\" data-elementor-id=\"11968\" class=\"elementor elementor-11968\">\n\t\t\t\t\t\t<section class=\" elementor-section elementor-top-section elementor-element elementor-element-2e41c98 elementor-section-content-middle elementor-section-boxed elementor-section-height-default elementor-section-height-default smart-sticky-default\" data-id=\"2e41c98\" data-element_type=\"section\" data-e-type=\"section\">\r\n\t\t\t\t\t\t\t\t<div class=\"elementor-container container-fluid elementor-column-gap-default\">\r\n\t\t\t\t\r\n\t\t\t\t\t\t\t\t<div class=\" elementor-column elementor-col-50 elementor-top-column elementor-element elementor-element-b94de49 elementor-hidden-mobile \" data-id=\"b94de49\" data-element_type=\"column\" data-e-type=\"column\">\r\n\r\n\t\t\t\t\r\n\t\t\t\t<div class=\"elementor-widget-wrap elementor-element-populated\">\r\n\t\t\t\t\t\t\t\t\t\t\r\n\t\t\t\t\t\t<div class=\"elementor-element elementor-element-55413c6 elementor-widget elementor-widget-image\" data-id=\"55413c6\" data-element_type=\"widget\" data-e-type=\"widget\" data-widget_type=\"image.default\">\n\t\t\t\t<div class=\"elementor-widget-container\">\n\t\t\t\t\t\t\t\t\t\t\t\t\t\t\t<img fetchpriority=\"high\" decoding=\"async\" width=\"788\" height=\"525\" src=\"https:\/\/www.tktranslate.pl\/wp-content\/uploads\/2023\/06\/788_788_resize_q90_26-kindergeld-2020.jpg\" class=\"attachment-full size-full wp-image-8795\" alt=\"\" srcset=\"https:\/\/www.tktranslate.pl\/wp-content\/uploads\/2023\/06\/788_788_resize_q90_26-kindergeld-2020.jpg 788w, https:\/\/www.tktranslate.pl\/wp-content\/uploads\/2023\/06\/788_788_resize_q90_26-kindergeld-2020-768x512.jpg 768w\" sizes=\"(max-width: 788px) 100vw, 788px\" \/>\t\t\t\t\t\t\t\t\t\t\t\t\t\t\t<\/div>\n\t\t\t\t<\/div>\n\t\t\t\t\t\t<\/div>\r\n\t\t\t\t<\/div>\r\n\t\t\t\t\t\t\t\t\t<div class=\" elementor-column elementor-col-50 elementor-top-column elementor-element elementor-element-d5607ec \" data-id=\"d5607ec\" data-element_type=\"column\" data-e-type=\"column\">\r\n\r\n\t\t\t\t\r\n\t\t\t\t<div class=\"elementor-widget-wrap elementor-element-populated\">\r\n\t\t\t\t\t\t\t\t\t\t\r\n\t\t\t\t\t\t<section class=\" elementor-section elementor-inner-section elementor-element elementor-element-afe3484 elementor-section-boxed elementor-section-height-default elementor-section-height-default smart-sticky-default\" data-id=\"afe3484\" data-element_type=\"section\" data-e-type=\"section\">\r\n\t\t\t\t\t\t\t\t<div class=\"elementor-container elementor-column-gap-default\">\r\n\t\t\t\t\r\n\t\t\t\t\t\t\t\t<div class=\" elementor-column elementor-col-100 elementor-inner-column elementor-element elementor-element-7b410de \" data-id=\"7b410de\" data-element_type=\"column\" data-e-type=\"column\">\r\n\r\n\t\t\t\t\r\n\t\t\t\t<div class=\"elementor-widget-wrap elementor-element-populated\">\r\n\t\t\t\t\t\t\t\t\t\t\r\n\t\t\t\t\t\t<div class=\"elementor-element elementor-element-0f72db5 elementor-invisible elementor-widget elementor-widget-udesign_widget_heading\" data-id=\"0f72db5\" data-element_type=\"widget\" data-e-type=\"widget\" data-settings=\"{&quot;_animation&quot;:&quot;fadeInLeftShorter&quot;,&quot;_animation_mobile&quot;:&quot;fadeInLeft&quot;}\" data-widget_type=\"udesign_widget_heading.default\">\n\t\t\t\t<div class=\"elementor-widget-container\">\n\t\t\t\t\t<div class=\"title-wrapper  title-underline title-underline2 title-left title-md-left\"><h2 class=\"title elementor-heading-title\">Kinderzuschlag<\/h2><\/div>\t\t\t\t<\/div>\n\t\t\t\t<\/div>\n\t\t\t\t<div class=\"elementor-element elementor-element-83ec898 elementor-widget elementor-widget-text-editor\" data-id=\"83ec898\" data-element_type=\"widget\" data-e-type=\"widget\" data-widget_type=\"text-editor.default\">\n\t\t\t\t<div class=\"elementor-widget-container\">\n\t\t\t\t\t\t\t\t\t<p>Der Zuschlag zum Kindergeld in Deutschland, der sog Kinderzuschlag ist eine zus\u00e4tzliche Sozialleistung, die Eltern mit geringem Einkommen erhalten k\u00f6nnen. Der Kinderzuschlag wurde eingef\u00fchrt, damit Eltern sich haupts\u00e4chlich auf die Erziehung ihrer Kinder konzentrieren k\u00f6nnen, ohne gleichzeitig hart arbeiten zu m\u00fcssen.<\/p>\t\t\t\t\t\t\t\t<\/div>\n\t\t\t\t<\/div>\n\t\t\t\t\t\t<\/div>\r\n\t\t\t\t<\/div>\r\n\t\t\t\t\t\t\t\t<\/div>\r\n\t\t\t<\/section>\r\n\t\t\t\t\t\t\t<\/div>\r\n\t\t\t\t<\/div>\r\n\t\t\t\t\t\t\t\t<\/div>\r\n\t\t\t<\/section>\r\n\t\t\t\t\t<section class=\" elementor-section elementor-top-section elementor-element elementor-element-a5ed042 elementor-section-boxed elementor-section-height-default elementor-section-height-default smart-sticky-default\" data-id=\"a5ed042\" data-element_type=\"section\" data-e-type=\"section\">\r\n\t\t\t\t\t\t\t\t<div class=\"elementor-container elementor-column-gap-default\">\r\n\t\t\t\t\r\n\t\t\t\t\t\t\t\t<div class=\" elementor-column elementor-col-100 elementor-top-column elementor-element elementor-element-104dc89 \" data-id=\"104dc89\" data-element_type=\"column\" data-e-type=\"column\">\r\n\r\n\t\t\t\t\r\n\t\t\t\t<div class=\"elementor-widget-wrap elementor-element-populated\">\r\n\t\t\t\t\t\t\t\t\t\t\r\n\t\t\t\t\t\t<div class=\"elementor-element elementor-element-84ef42c elementor-widget elementor-widget-udesign_widget_heading\" data-id=\"84ef42c\" data-element_type=\"widget\" data-e-type=\"widget\" data-widget_type=\"udesign_widget_heading.default\">\n\t\t\t\t<div class=\"elementor-widget-container\">\n\t\t\t\t\t<div class=\"title-wrapper  title-left\"><h2 class=\"title elementor-heading-title\">Wer kann in Deutschland Kinderzuschlag beantragen?<\/h2><\/div>\t\t\t\t<\/div>\n\t\t\t\t<\/div>\n\t\t\t\t<div class=\"elementor-element elementor-element-df4e334 elementor-widget elementor-widget-text-editor\" data-id=\"df4e334\" data-element_type=\"widget\" data-e-type=\"widget\" data-widget_type=\"text-editor.default\">\n\t\t\t\t<div class=\"elementor-widget-container\">\n\t\t\t\t\t\t\t\t\t<p>Der Kinderzuschlag wird in Deutschland an Eltern f\u00fcr die mit ihnen im Haushalt lebenden Kinder gezahlt, sofern deren Einkommen nicht ausreicht, um den Bedarf aus der Erziehung minderj\u00e4hriger Kinder zu decken. Um den Kinderzuschlag zu erhalten, m\u00fcssen au\u00dferdem folgende Voraussetzungen erf\u00fcllt sein:<\/p>\t\t\t\t\t\t\t\t<\/div>\n\t\t\t\t<\/div>\n\t\t\t\t<div class=\"elementor-element elementor-element-11c200a elementor-widget elementor-widget-udesign_widget_iconbox\" data-id=\"11c200a\" data-element_type=\"widget\" data-e-type=\"widget\" data-widget_type=\"udesign_widget_iconbox.default\">\n\t\t\t\t<div class=\"elementor-widget-container\">\n\t\t\t\t\t<div class=\"icon-box icon-box-side position-left icon-framed shape-circle\"><div class=\"icon-box-feature\"><i class=\"fas fa-arrow-right\"><\/i><\/div><div class=\"icon-box-content\"><p class=\"icon-box-desc\">Sie sollten Kindergeld beziehen,<\/p><\/div><\/div>\t\t\t\t<\/div>\n\t\t\t\t<\/div>\n\t\t\t\t<div class=\"elementor-element elementor-element-78bac15 elementor-widget elementor-widget-udesign_widget_iconbox\" data-id=\"78bac15\" data-element_type=\"widget\" data-e-type=\"widget\" data-widget_type=\"udesign_widget_iconbox.default\">\n\t\t\t\t<div class=\"elementor-widget-container\">\n\t\t\t\t\t<div class=\"icon-box icon-box-side position-left icon-framed shape-circle\"><div class=\"icon-box-feature\"><i class=\"fas fa-arrow-right\"><\/i><\/div><div class=\"icon-box-content\"><p class=\"icon-box-desc\">as Gesamteinkommen beider Elternteile muss mindestens 900 Euro brutto betragen (bei Alleinerziehenden mindestens 600 Euro brutto),<\/p><\/div><\/div>\t\t\t\t<\/div>\n\t\t\t\t<\/div>\n\t\t\t\t<div class=\"elementor-element elementor-element-c0fcac4 elementor-widget elementor-widget-udesign_widget_iconbox\" data-id=\"c0fcac4\" data-element_type=\"widget\" data-e-type=\"widget\" data-widget_type=\"udesign_widget_iconbox.default\">\n\t\t\t\t<div class=\"elementor-widget-container\">\n\t\t\t\t\t<div class=\"icon-box icon-box-side position-left icon-framed shape-circle\"><div class=\"icon-box-feature\"><i class=\"fas fa-arrow-right\"><\/i><\/div><div class=\"icon-box-content\"><p class=\"icon-box-desc\">ab dem 1. April 2020 entf\u00e4llt die Einkommensobergrenze nach den Vorschriften des Sozialgesetzbuches,<\/p><\/div><\/div>\t\t\t\t<\/div>\n\t\t\t\t<\/div>\n\t\t\t\t<div class=\"elementor-element elementor-element-ba22a46 elementor-widget elementor-widget-udesign_widget_iconbox\" data-id=\"ba22a46\" data-element_type=\"widget\" data-e-type=\"widget\" data-widget_type=\"udesign_widget_iconbox.default\">\n\t\t\t\t<div class=\"elementor-widget-container\">\n\t\t\t\t\t<div class=\"icon-box icon-box-side position-left icon-framed shape-circle\"><div class=\"icon-box-feature\"><i class=\"fas fa-arrow-right\"><\/i><\/div><div class=\"icon-box-content\"><p class=\"icon-box-desc\">die Kinder d\u00fcrfen nicht \u00e4lter als 25 Jahre sein,<\/p><\/div><\/div>\t\t\t\t<\/div>\n\t\t\t\t<\/div>\n\t\t\t\t<div class=\"elementor-element elementor-element-f0e6b0a elementor-widget elementor-widget-udesign_widget_iconbox\" data-id=\"f0e6b0a\" data-element_type=\"widget\" data-e-type=\"widget\" data-widget_type=\"udesign_widget_iconbox.default\">\n\t\t\t\t<div class=\"elementor-widget-container\">\n\t\t\t\t\t<div class=\"icon-box icon-box-side position-left icon-framed shape-circle\"><div class=\"icon-box-feature\"><i class=\"fas fa-arrow-right\"><\/i><\/div><div class=\"icon-box-content\"><p class=\"icon-box-desc\">Durch die Gew\u00e4hrung des Kinderzuschlags verbessert sich die finanzielle Situation der Familie so weit, dass der Bezug von Arbeitslosengeld nicht mehr erforderlich ist.<\/p><\/div><\/div>\t\t\t\t<\/div>\n\t\t\t\t<\/div>\n\t\t\t\t<div class=\"elementor-element elementor-element-9d24388 elementor-widget elementor-widget-text-editor\" data-id=\"9d24388\" data-element_type=\"widget\" data-e-type=\"widget\" data-widget_type=\"text-editor.default\">\n\t\t\t\t<div class=\"elementor-widget-container\">\n\t\t\t\t\t\t\t\t\t<p><strong>Wie hoch ist der Kinderzuschlag in Deutschland?<\/strong><\/p><p>Durch die Abschaffung der Einkommensobergrenzen zum 1. Januar 2020 haben mehr Eltern Anspruch auf den deutschen Kinderzuschlag. Der Kinderzuschlag wird monatlich von der Familienkasse ausgezahlt und betr\u00e4gt bis zu 185 Euro pro Kind.<\/p>\t\t\t\t\t\t\t\t<\/div>\n\t\t\t\t<\/div>\n\t\t\t\t\t\t<\/div>\r\n\t\t\t\t<\/div>\r\n\t\t\t\t\t\t\t\t<\/div>\r\n\t\t\t<\/section>\r\n\t\t\t\t\t<section class=\" elementor-section elementor-top-section elementor-element elementor-element-d1a21e1 elementor-section-boxed elementor-section-height-default elementor-section-height-default smart-sticky-default\" data-id=\"d1a21e1\" data-element_type=\"section\" data-e-type=\"section\">\r\n\t\t\t\t\t\t\t\t<div class=\"elementor-container elementor-column-gap-default\">\r\n\t\t\t\t\r\n\t\t\t\t\t\t\t\t<div class=\" elementor-column elementor-col-100 elementor-top-column elementor-element elementor-element-9076414 \" data-id=\"9076414\" data-element_type=\"column\" data-e-type=\"column\">\r\n\r\n\t\t\t\t\r\n\t\t\t\t<div class=\"elementor-widget-wrap elementor-element-populated\">\r\n\t\t\t\t\t\t\t\t\t\t\r\n\t\t\t\t\t\t<div class=\"elementor-element elementor-element-13b9d3d elementor-widget elementor-widget-text-editor\" data-id=\"13b9d3d\" data-element_type=\"widget\" data-e-type=\"widget\" data-widget_type=\"text-editor.default\">\n\t\t\t\t<div class=\"elementor-widget-container\">\n\t\t\t\t\t\t\t\t\t<h3><strong>Welche Unterlagen sind f\u00fcr die Beantragung von Kinderzuschlag in Deutschland erforderlich?<\/strong><\/h3><ol><li>Sie m\u00fcssen Kindergeld beziehen &#8211; Bewilligungsbescheid KG + KG-Nr.<\/li><li>Monatliche Lohnbescheinigungen in Deutschland (Lohnabrechnung) vom letzten Monat<\/li><li>Verdienstbescheinigung des Arbeitgebers<\/li><li>Arbeitsvertrag in Deutschland<\/li><li>Schulausbildungsnachweis des Kindes, wenn das Kind \u00fcber 18 Jahre alt ist.<\/li><li>Anmeldung in Deutschland\/Mietvertrag<\/li><li>Versicherungsbest\u00e4tigung in Deutschland (z.B. Kopie der Sozialversicherungskarte, Kopie der Krankenkassenkarte, Meldung zur Sozialversicherung, A1)<\/li><li>Kontoverbindung, auf das die Leistung \u00fcberwiesen werden soll (IBAN + BIC\/SWIFT, vorzugsweise ein W\u00e4hrungskonto in EUR)<\/li><\/ol><h3><strong>Wo finde ich die Kinderzuschlagantr\u00e4ge?<\/strong><\/h3><p>Alle relevanten Kinderzuschlagantr\u00e4ge und Formulare sind bei TKTRANSLATE in der Str. Staszica 12\/1, Krosno\/Polen, erh\u00e4ltlich. S\u00e4mtlichen Informationen erteilen wir auch gerne telefonische <a href=\"tel:+48134932575\">+48 13 49 32 575<\/a> bzw. per E-Mail <a href=\"mailto:biuro@tktranslate.pl\">biuro@tktranslate.pl<\/a><\/p><p>Wir k\u00fcmmern uns laufend um alle Formalit\u00e4ten f\u00fcr Sie und \u00fcberwachen den Status Ihres Kinderzuschlagantrags bei der deutschen Beh\u00f6rde.<\/p><p>PROBIEREN SIE UNS!<\/p><p>Quellen:<\/p><p><a href=\"https:\/\/www.arbeitsagentur.de\/familie-und-kinder\/kinderzuschlag-anspruch-hoehe-dauer\">www.arbeitsagentur.de<\/a><\/p><p><a href=\"http:\/\/www.gesetze-im-internet.de\/\" target=\"_blank\" rel=\"noopener\">http:\/\/www.gesetze-im-internet.de<\/a><\/p><p><a href=\"https:\/\/euro-tax.pl\/blog\/www.bmfsfj.de\" target=\"_blank\" rel=\"noopener\">www.bmfsfj.de<\/a><\/p>\t\t\t\t\t\t\t\t<\/div>\n\t\t\t\t<\/div>\n\t\t\t\t\t\t<\/div>\r\n\t\t\t\t<\/div>\r\n\t\t\t\t\t\t\t\t<\/div>\r\n\t\t\t<\/section>\r\n\t\t\t\t\t<section class=\" elementor-section elementor-top-section elementor-element elementor-element-63ed22e wyslij-zapytanie elementor-section-boxed elementor-section-height-default elementor-section-height-default smart-sticky-default\" data-id=\"63ed22e\" data-element_type=\"section\" data-e-type=\"section\">\r\n\t\t\t\t\t\t\t\t<div class=\"elementor-container elementor-column-gap-default\">\r\n\t\t\t\t\r\n\t\t\t\t\t\t\t\t<div class=\" elementor-column elementor-col-50 elementor-top-column elementor-element elementor-element-69e9344 \" data-id=\"69e9344\" data-element_type=\"column\" data-e-type=\"column\">\r\n\r\n\t\t\t\t\r\n\t\t\t\t<div class=\"elementor-widget-wrap elementor-element-populated\">\r\n\t\t\t\t\t\t\t\t\t\t\r\n\t\t\t\t\t\t<div class=\"elementor-element elementor-element-8f6f689 animated-slow elementor-invisible elementor-widget elementor-widget-udesign_widget_heading\" data-id=\"8f6f689\" data-element_type=\"widget\" data-e-type=\"widget\" data-settings=\"{&quot;_animation&quot;:&quot;fadeInRightShorter&quot;,&quot;_animation_delay&quot;:200}\" data-widget_type=\"udesign_widget_heading.default\">\n\t\t\t\t<div class=\"elementor-widget-container\">\n\t\t\t\t\t<div class=\"title-wrapper  title-left title-md-center\"><h2 class=\"title elementor-heading-title\">Ben\u00f6tigen Sie eine professionelle \u00dcbersetzung?<\/h2><\/div>\t\t\t\t<\/div>\n\t\t\t\t<\/div>\n\t\t\t\t\t\t<\/div>\r\n\t\t\t\t<\/div>\r\n\t\t\t\t\t\t\t\t\t<div class=\" elementor-column elementor-col-50 elementor-top-column elementor-element elementor-element-422d102 \" data-id=\"422d102\" data-element_type=\"column\" data-e-type=\"column\">\r\n\r\n\t\t\t\t\r\n\t\t\t\t<div class=\"elementor-widget-wrap elementor-element-populated\">\r\n\t\t\t\t\t\t\t\t\t\t\r\n\t\t\t\t\t\t<div class=\"elementor-element elementor-element-eab759d elementor-widget elementor-widget-udesign_widget_button\" data-id=\"eab759d\" data-element_type=\"widget\" data-e-type=\"widget\" data-widget_type=\"udesign_widget_button.default\">\n\t\t\t\t<div class=\"elementor-widget-container\">\n\t\t\t\t\t<a class=\"btn btn-outline btn-lg btn-ellipse btn-primary btn-icon btn-icon-right\" href=\"\/de\/kostenloses-angebotsformular\/\" ><span >Anfrage absenden<\/span><i class=\"  u-icon-long-arrow-right\"><\/i><\/a>\t\t\t\t<\/div>\n\t\t\t\t<\/div>\n\t\t\t\t\t\t<\/div>\r\n\t\t\t\t<\/div>\r\n\t\t\t\t\t\t\t\t<\/div>\r\n\t\t\t<\/section>\r\n\t\t\t\t\t<\/div>\n\t\t","protected":false},"excerpt":{"rendered":"<p>Kinderzuschlag Der Zuschlag zum Kindergeld in Deutschland, der sog Kinderzuschlag ist eine zus\u00e4tzliche Sozialleistung, die Eltern mit geringem Einkommen erhalten [&hellip;]<\/p>\n","protected":false},"author":1,"featured_media":0,"parent":11893,"menu_order":0,"comment_status":"closed","ping_status":"closed","template":"","meta":{"_acf_changed":false,"footnotes":""},"class_list":["post-11968","page","type-page","status-publish","hentry"],"acf":[],"yoast_head":"<!-- This site is optimized with the Yoast SEO plugin v26.9 - https:\/\/yoast.com\/product\/yoast-seo-wordpress\/ -->\n<title>Deutsche Familienleistungen - Kinderzuschlag - TKTRANSLATE Biuro T\u0142umacze\u0144 Krosno<\/title>\n<meta name=\"robots\" content=\"index, follow, max-snippet:-1, max-image-preview:large, max-video-preview:-1\" \/>\n<link rel=\"canonical\" href=\"https:\/\/www.tktranslate.pl\/oferta\/zasilki-z-zagranicy\/zasilek-z-niemiec-kinderzuschlag\/\" \/>\n<meta property=\"og:locale\" content=\"de_DE\" \/>\n<meta property=\"og:type\" content=\"article\" \/>\n<meta property=\"og:title\" content=\"Deutsche Familienleistungen - Kinderzuschlag - TKTRANSLATE Biuro T\u0142umacze\u0144 Krosno\" \/>\n<meta property=\"og:description\" content=\"Kinderzuschlag Der Zuschlag zum Kindergeld in Deutschland, der sog Kinderzuschlag ist eine zus\u00e4tzliche Sozialleistung, die Eltern mit geringem Einkommen erhalten [&hellip;]\" \/>\n<meta property=\"og:url\" content=\"https:\/\/www.tktranslate.pl\/oferta\/zasilki-z-zagranicy\/zasilek-z-niemiec-kinderzuschlag\/\" \/>\n<meta property=\"og:site_name\" content=\"TKTRANSLATE Biuro T\u0142umacze\u0144 Krosno\" \/>\n<meta property=\"article:modified_time\" content=\"2023-10-30T13:02:41+00:00\" \/>\n<meta property=\"og:image\" content=\"https:\/\/www.tktranslate.pl\/wp-content\/uploads\/2023\/06\/788_788_resize_q90_26-kindergeld-2020.jpg\" \/>\n<meta name=\"twitter:card\" content=\"summary_large_image\" \/>\n<meta name=\"twitter:label1\" content=\"Gesch\u00e4tzte Lesezeit\" \/>\n\t<meta name=\"twitter:data1\" content=\"3\u00a0Minuten\" \/>\n<script type=\"application\/ld+json\" class=\"yoast-schema-graph\">{\"@context\":\"https:\/\/schema.org\",\"@graph\":[{\"@type\":\"WebPage\",\"@id\":\"https:\/\/www.tktranslate.pl\/oferta\/zasilki-z-zagranicy\/zasilek-z-niemiec-kinderzuschlag\/\",\"url\":\"https:\/\/www.tktranslate.pl\/oferta\/zasilki-z-zagranicy\/zasilek-z-niemiec-kinderzuschlag\/\",\"name\":\"Deutsche Familienleistungen - Kinderzuschlag - TKTRANSLATE Biuro T\u0142umacze\u0144 Krosno\",\"isPartOf\":{\"@id\":\"https:\/\/www.tktranslate.pl\/#website\"},\"primaryImageOfPage\":{\"@id\":\"https:\/\/www.tktranslate.pl\/oferta\/zasilki-z-zagranicy\/zasilek-z-niemiec-kinderzuschlag\/#primaryimage\"},\"image\":{\"@id\":\"https:\/\/www.tktranslate.pl\/oferta\/zasilki-z-zagranicy\/zasilek-z-niemiec-kinderzuschlag\/#primaryimage\"},\"thumbnailUrl\":\"https:\/\/www.tktranslate.pl\/wp-content\/uploads\/2023\/06\/788_788_resize_q90_26-kindergeld-2020.jpg\",\"datePublished\":\"2023-06-22T14:38:51+00:00\",\"dateModified\":\"2023-10-30T13:02:41+00:00\",\"breadcrumb\":{\"@id\":\"https:\/\/www.tktranslate.pl\/oferta\/zasilki-z-zagranicy\/zasilek-z-niemiec-kinderzuschlag\/#breadcrumb\"},\"inLanguage\":\"de\",\"potentialAction\":[{\"@type\":\"ReadAction\",\"target\":[\"https:\/\/www.tktranslate.pl\/oferta\/zasilki-z-zagranicy\/zasilek-z-niemiec-kinderzuschlag\/\"]}]},{\"@type\":\"ImageObject\",\"inLanguage\":\"de\",\"@id\":\"https:\/\/www.tktranslate.pl\/oferta\/zasilki-z-zagranicy\/zasilek-z-niemiec-kinderzuschlag\/#primaryimage\",\"url\":\"https:\/\/www.tktranslate.pl\/wp-content\/uploads\/2023\/06\/788_788_resize_q90_26-kindergeld-2020.jpg\",\"contentUrl\":\"https:\/\/www.tktranslate.pl\/wp-content\/uploads\/2023\/06\/788_788_resize_q90_26-kindergeld-2020.jpg\"},{\"@type\":\"BreadcrumbList\",\"@id\":\"https:\/\/www.tktranslate.pl\/oferta\/zasilki-z-zagranicy\/zasilek-z-niemiec-kinderzuschlag\/#breadcrumb\",\"itemListElement\":[{\"@type\":\"ListItem\",\"position\":1,\"name\":\"Strona g\u0142\u00f3wna\",\"item\":\"https:\/\/www.tktranslate.pl\/\"},{\"@type\":\"ListItem\",\"position\":2,\"name\":\"Angebot\",\"item\":\"https:\/\/www.tktranslate.pl\/oferta\/\"},{\"@type\":\"ListItem\",\"position\":3,\"name\":\"Ausl\u00e4ndische Familienleistungen\",\"item\":\"https:\/\/www.tktranslate.pl\/oferta\/zasilki-z-zagranicy\/\"},{\"@type\":\"ListItem\",\"position\":4,\"name\":\"Deutsche Familienleistungen &#8211; Kinderzuschlag\"}]},{\"@type\":\"WebSite\",\"@id\":\"https:\/\/www.tktranslate.pl\/#website\",\"url\":\"https:\/\/www.tktranslate.pl\/\",\"name\":\"TKTRANSLATE Biuro T\u0142umacze\u0144 Krosno\",\"description\":\"Profesjonalne biuro t\u0142umacze\u0144\",\"publisher\":{\"@id\":\"https:\/\/www.tktranslate.pl\/#organization\"},\"potentialAction\":[{\"@type\":\"SearchAction\",\"target\":{\"@type\":\"EntryPoint\",\"urlTemplate\":\"https:\/\/www.tktranslate.pl\/?s={search_term_string}\"},\"query-input\":{\"@type\":\"PropertyValueSpecification\",\"valueRequired\":true,\"valueName\":\"search_term_string\"}}],\"inLanguage\":\"de\"},{\"@type\":\"Organization\",\"@id\":\"https:\/\/www.tktranslate.pl\/#organization\",\"name\":\"TKTRANSLATE Biuro T\u0142umacze\u0144 Krosno\",\"url\":\"https:\/\/www.tktranslate.pl\/\",\"logo\":{\"@type\":\"ImageObject\",\"inLanguage\":\"de\",\"@id\":\"https:\/\/www.tktranslate.pl\/#\/schema\/logo\/image\/\",\"url\":\"https:\/\/www.tktranslate.pl\/wp-content\/uploads\/2023\/07\/tr-trnslate-logo-no-bg.png\",\"contentUrl\":\"https:\/\/www.tktranslate.pl\/wp-content\/uploads\/2023\/07\/tr-trnslate-logo-no-bg.png\",\"width\":600,\"height\":108,\"caption\":\"TKTRANSLATE Biuro T\u0142umacze\u0144 Krosno\"},\"image\":{\"@id\":\"https:\/\/www.tktranslate.pl\/#\/schema\/logo\/image\/\"}}]}<\/script>\n<!-- \/ Yoast SEO plugin. -->","yoast_head_json":{"title":"Deutsche Familienleistungen - Kinderzuschlag - TKTRANSLATE Biuro T\u0142umacze\u0144 Krosno","robots":{"index":"index","follow":"follow","max-snippet":"max-snippet:-1","max-image-preview":"max-image-preview:large","max-video-preview":"max-video-preview:-1"},"canonical":"https:\/\/www.tktranslate.pl\/oferta\/zasilki-z-zagranicy\/zasilek-z-niemiec-kinderzuschlag\/","og_locale":"de_DE","og_type":"article","og_title":"Deutsche Familienleistungen - Kinderzuschlag - TKTRANSLATE Biuro T\u0142umacze\u0144 Krosno","og_description":"Kinderzuschlag Der Zuschlag zum Kindergeld in Deutschland, der sog Kinderzuschlag ist eine zus\u00e4tzliche Sozialleistung, die Eltern mit geringem Einkommen erhalten [&hellip;]","og_url":"https:\/\/www.tktranslate.pl\/oferta\/zasilki-z-zagranicy\/zasilek-z-niemiec-kinderzuschlag\/","og_site_name":"TKTRANSLATE Biuro T\u0142umacze\u0144 Krosno","article_modified_time":"2023-10-30T13:02:41+00:00","og_image":[{"url":"https:\/\/www.tktranslate.pl\/wp-content\/uploads\/2023\/06\/788_788_resize_q90_26-kindergeld-2020.jpg","type":"","width":"","height":""}],"twitter_card":"summary_large_image","twitter_misc":{"Gesch\u00e4tzte Lesezeit":"3\u00a0Minuten"},"schema":{"@context":"https:\/\/schema.org","@graph":[{"@type":"WebPage","@id":"https:\/\/www.tktranslate.pl\/oferta\/zasilki-z-zagranicy\/zasilek-z-niemiec-kinderzuschlag\/","url":"https:\/\/www.tktranslate.pl\/oferta\/zasilki-z-zagranicy\/zasilek-z-niemiec-kinderzuschlag\/","name":"Deutsche Familienleistungen - Kinderzuschlag - TKTRANSLATE Biuro T\u0142umacze\u0144 Krosno","isPartOf":{"@id":"https:\/\/www.tktranslate.pl\/#website"},"primaryImageOfPage":{"@id":"https:\/\/www.tktranslate.pl\/oferta\/zasilki-z-zagranicy\/zasilek-z-niemiec-kinderzuschlag\/#primaryimage"},"image":{"@id":"https:\/\/www.tktranslate.pl\/oferta\/zasilki-z-zagranicy\/zasilek-z-niemiec-kinderzuschlag\/#primaryimage"},"thumbnailUrl":"https:\/\/www.tktranslate.pl\/wp-content\/uploads\/2023\/06\/788_788_resize_q90_26-kindergeld-2020.jpg","datePublished":"2023-06-22T14:38:51+00:00","dateModified":"2023-10-30T13:02:41+00:00","breadcrumb":{"@id":"https:\/\/www.tktranslate.pl\/oferta\/zasilki-z-zagranicy\/zasilek-z-niemiec-kinderzuschlag\/#breadcrumb"},"inLanguage":"de","potentialAction":[{"@type":"ReadAction","target":["https:\/\/www.tktranslate.pl\/oferta\/zasilki-z-zagranicy\/zasilek-z-niemiec-kinderzuschlag\/"]}]},{"@type":"ImageObject","inLanguage":"de","@id":"https:\/\/www.tktranslate.pl\/oferta\/zasilki-z-zagranicy\/zasilek-z-niemiec-kinderzuschlag\/#primaryimage","url":"https:\/\/www.tktranslate.pl\/wp-content\/uploads\/2023\/06\/788_788_resize_q90_26-kindergeld-2020.jpg","contentUrl":"https:\/\/www.tktranslate.pl\/wp-content\/uploads\/2023\/06\/788_788_resize_q90_26-kindergeld-2020.jpg"},{"@type":"BreadcrumbList","@id":"https:\/\/www.tktranslate.pl\/oferta\/zasilki-z-zagranicy\/zasilek-z-niemiec-kinderzuschlag\/#breadcrumb","itemListElement":[{"@type":"ListItem","position":1,"name":"Strona g\u0142\u00f3wna","item":"https:\/\/www.tktranslate.pl\/"},{"@type":"ListItem","position":2,"name":"Angebot","item":"https:\/\/www.tktranslate.pl\/oferta\/"},{"@type":"ListItem","position":3,"name":"Ausl\u00e4ndische Familienleistungen","item":"https:\/\/www.tktranslate.pl\/oferta\/zasilki-z-zagranicy\/"},{"@type":"ListItem","position":4,"name":"Deutsche Familienleistungen &#8211; Kinderzuschlag"}]},{"@type":"WebSite","@id":"https:\/\/www.tktranslate.pl\/#website","url":"https:\/\/www.tktranslate.pl\/","name":"TKTRANSLATE Biuro T\u0142umacze\u0144 Krosno","description":"Profesjonalne biuro t\u0142umacze\u0144","publisher":{"@id":"https:\/\/www.tktranslate.pl\/#organization"},"potentialAction":[{"@type":"SearchAction","target":{"@type":"EntryPoint","urlTemplate":"https:\/\/www.tktranslate.pl\/?s={search_term_string}"},"query-input":{"@type":"PropertyValueSpecification","valueRequired":true,"valueName":"search_term_string"}}],"inLanguage":"de"},{"@type":"Organization","@id":"https:\/\/www.tktranslate.pl\/#organization","name":"TKTRANSLATE Biuro T\u0142umacze\u0144 Krosno","url":"https:\/\/www.tktranslate.pl\/","logo":{"@type":"ImageObject","inLanguage":"de","@id":"https:\/\/www.tktranslate.pl\/#\/schema\/logo\/image\/","url":"https:\/\/www.tktranslate.pl\/wp-content\/uploads\/2023\/07\/tr-trnslate-logo-no-bg.png","contentUrl":"https:\/\/www.tktranslate.pl\/wp-content\/uploads\/2023\/07\/tr-trnslate-logo-no-bg.png","width":600,"height":108,"caption":"TKTRANSLATE Biuro T\u0142umacze\u0144 Krosno"},"image":{"@id":"https:\/\/www.tktranslate.pl\/#\/schema\/logo\/image\/"}}]}},"_links":{"self":[{"href":"https:\/\/www.tktranslate.pl\/de\/wp-json\/wp\/v2\/pages\/11968","targetHints":{"allow":["GET"]}}],"collection":[{"href":"https:\/\/www.tktranslate.pl\/de\/wp-json\/wp\/v2\/pages"}],"about":[{"href":"https:\/\/www.tktranslate.pl\/de\/wp-json\/wp\/v2\/types\/page"}],"author":[{"embeddable":true,"href":"https:\/\/www.tktranslate.pl\/de\/wp-json\/wp\/v2\/users\/1"}],"replies":[{"embeddable":true,"href":"https:\/\/www.tktranslate.pl\/de\/wp-json\/wp\/v2\/comments?post=11968"}],"version-history":[{"count":4,"href":"https:\/\/www.tktranslate.pl\/de\/wp-json\/wp\/v2\/pages\/11968\/revisions"}],"predecessor-version":[{"id":11972,"href":"https:\/\/www.tktranslate.pl\/de\/wp-json\/wp\/v2\/pages\/11968\/revisions\/11972"}],"up":[{"embeddable":true,"href":"https:\/\/www.tktranslate.pl\/de\/wp-json\/wp\/v2\/pages\/11893"}],"wp:attachment":[{"href":"https:\/\/www.tktranslate.pl\/de\/wp-json\/wp\/v2\/media?parent=11968"}],"curies":[{"name":"wp","href":"https:\/\/api.w.org\/{rel}","templated":true}]}}