{"id":11909,"date":"2023-06-22T18:59:57","date_gmt":"2023-06-22T16:59:57","guid":{"rendered":"https:\/\/www.tktranslate.pl\/angebot\/auslandische-familienleistungen\/zasilki-z-niemiec\/"},"modified":"2023-10-30T13:15:59","modified_gmt":"2023-10-30T12:15:59","slug":"deutsche-familienleistungen","status":"publish","type":"page","link":"https:\/\/www.tktranslate.pl\/de\/angebot\/auslandische-familienleistungen\/deutsche-familienleistungen\/","title":{"rendered":"Deutsche Familienleistungen"},"content":{"rendered":"\t\t<div data-elementor-type=\"wp-page\" data-elementor-id=\"11909\" class=\"elementor elementor-11909\">\n\t\t\t\t\t\t<section class=\" elementor-section elementor-top-section elementor-element elementor-element-624797f elementor-section-boxed elementor-section-height-default elementor-section-height-default smart-sticky-default\" data-id=\"624797f\" data-element_type=\"section\" data-e-type=\"section\">\r\n\t\t\t\t\t\t\t\t<div class=\"elementor-container elementor-column-gap-default\">\r\n\t\t\t\t\r\n\t\t\t\t\t\t\t\t<div class=\" elementor-column elementor-col-100 elementor-top-column elementor-element elementor-element-4bed592 \" data-id=\"4bed592\" data-element_type=\"column\" data-e-type=\"column\">\r\n\r\n\t\t\t\t\r\n\t\t\t\t<div class=\"elementor-widget-wrap elementor-element-populated\">\r\n\t\t\t\t\t\t\t\t\t\t\r\n\t\t\t\t\t\t<div class=\"elementor-element elementor-element-3edf6b1 elementor-widget elementor-widget-udesign_widget_heading\" data-id=\"3edf6b1\" data-element_type=\"widget\" data-e-type=\"widget\" data-widget_type=\"udesign_widget_heading.default\">\n\t\t\t\t<div class=\"elementor-widget-container\">\n\t\t\t\t\t<div class=\"title-wrapper  title-cross title-center\"><h2 class=\"title elementor-heading-title\">Deutsche Familienleistungen<\/h2><\/div>\t\t\t\t<\/div>\n\t\t\t\t<\/div>\n\t\t\t\t\t\t<\/div>\r\n\t\t\t\t<\/div>\r\n\t\t\t\t\t\t\t\t<\/div>\r\n\t\t\t<\/section>\r\n\t\t\t\t\t<section class=\" elementor-section elementor-top-section elementor-element elementor-element-fad7ea0 elementor-section-boxed elementor-section-height-default elementor-section-height-default smart-sticky-default\" data-id=\"fad7ea0\" data-element_type=\"section\" data-e-type=\"section\" data-settings=\"{&quot;background_background&quot;:&quot;classic&quot;}\">\r\n\t\t\t\t\t\t\t\t<div class=\"elementor-container elementor-column-gap-default\">\r\n\t\t\t\t\r\n\t\t\t\t\t\t\t\t<div class=\" elementor-column elementor-col-33 elementor-top-column elementor-element elementor-element-9364518 \" data-id=\"9364518\" data-element_type=\"column\" data-e-type=\"column\">\r\n\r\n\t\t\t\t\r\n\t\t\t\t<div class=\"elementor-widget-wrap elementor-element-populated\">\r\n\t\t\t\t\t\t\t\t\t\t\r\n\t\t\t\t\t\t<div class=\"elementor-element elementor-element-470c3e5 elementor-invisible elementor-widget elementor-widget-udesign_widget_imagebox\" data-id=\"470c3e5\" data-element_type=\"widget\" data-e-type=\"widget\" data-settings=\"{&quot;_animation&quot;:&quot;fadeInUpShorter&quot;}\" data-widget_type=\"udesign_widget_imagebox.default\">\n\t\t\t\t<div class=\"elementor-widget-container\">\n\t\t\t\t\t<div class=\"image-box position-top\"><figure class=\"has-link\"><img fetchpriority=\"high\" decoding=\"async\" width=\"788\" height=\"525\" src=\"https:\/\/www.tktranslate.pl\/wp-content\/uploads\/2023\/06\/788_788_resize_q90_e54d6e1bd171ff9ddc74d11af7c63485e1e61998f11ceb1a.jpg\" class=\"attachment-full size-full wp-image-8809\" alt=\"\" srcset=\"https:\/\/www.tktranslate.pl\/wp-content\/uploads\/2023\/06\/788_788_resize_q90_e54d6e1bd171ff9ddc74d11af7c63485e1e61998f11ceb1a.jpg 788w, https:\/\/www.tktranslate.pl\/wp-content\/uploads\/2023\/06\/788_788_resize_q90_e54d6e1bd171ff9ddc74d11af7c63485e1e61998f11ceb1a-768x512.jpg 768w\" sizes=\"(max-width: 788px) 100vw, 788px\" \/><a href=\"\/de\/angebot\/auslandische-familienleistungen\/deutsche-familienleistungen-kindergeld\" aria-label=\"Image\"><\/a><\/figure><div class=\"image-box-content\"><h3 class=\"title\"><a href=\"\/de\/angebot\/auslandische-familienleistungen\/deutsche-familienleistungen-kindergeld\" aria-label=\"Image\">Kindergeld<\/a><\/h3><p class=\"content\">Seit dem Beitritt Polens zur Europ\u00e4ischen Union k\u00f6nnen polnische Staatsb\u00fcrger, die in Deutschland leben und arbeiten, das Kindergeld beantragen. Hierbei handelt es sich um eine Geldleistung f\u00fcr Kinder, die von der Familienkasse ausgezahlt wird. Nachfolgend erfahren Sie, wer Leistungen beantragen kann, wie hoch das Kindergeld ist, welche Unterlagen ben\u00f6tigt werden und viele weitere wertvolle Informationen zum deutschen Kindergeld.<\/p><a class=\"btn btn-md btn-primary btn-icon btn-icon-right\" href=\"\/de\/angebot\/auslandische-familienleistungen\/deutsche-familienleistungen-kindergeld\" ><span >Mehr...<\/span><i class=\"a-icon-long-arrow-right\"><\/i><\/a><\/div><\/div>\t\t\t\t<\/div>\n\t\t\t\t<\/div>\n\t\t\t\t\t\t<\/div>\r\n\t\t\t\t<\/div>\r\n\t\t\t\t\t\t\t\t\t<div class=\" elementor-column elementor-col-33 elementor-top-column elementor-element elementor-element-3335ebc \" data-id=\"3335ebc\" data-element_type=\"column\" data-e-type=\"column\">\r\n\r\n\t\t\t\t\r\n\t\t\t\t<div class=\"elementor-widget-wrap elementor-element-populated\">\r\n\t\t\t\t\t\t\t\t\t\t\r\n\t\t\t\t\t\t<div class=\"elementor-element elementor-element-fe046d1 elementor-invisible elementor-widget elementor-widget-udesign_widget_imagebox\" data-id=\"fe046d1\" data-element_type=\"widget\" data-e-type=\"widget\" data-settings=\"{&quot;_animation&quot;:&quot;fadeInUpShorter&quot;}\" data-widget_type=\"udesign_widget_imagebox.default\">\n\t\t\t\t<div class=\"elementor-widget-container\">\n\t\t\t\t\t<div class=\"image-box position-top\"><figure class=\"has-link\"><img decoding=\"async\" width=\"788\" height=\"525\" src=\"https:\/\/www.tktranslate.pl\/wp-content\/uploads\/2023\/06\/788_788_resize_q90_familienbeihilfe-1.jpg\" class=\"attachment-full size-full wp-image-8845\" alt=\"\" srcset=\"https:\/\/www.tktranslate.pl\/wp-content\/uploads\/2023\/06\/788_788_resize_q90_familienbeihilfe-1.jpg 788w, https:\/\/www.tktranslate.pl\/wp-content\/uploads\/2023\/06\/788_788_resize_q90_familienbeihilfe-1-768x512.jpg 768w\" sizes=\"(max-width: 788px) 100vw, 788px\" \/><a href=\"\/de\/angebot\/auslandische-familienleistungen\/deutsche-familienleistungen-elterngeld\" aria-label=\"Image\"><\/a><\/figure><div class=\"image-box-content\"><h3 class=\"title\"><a href=\"\/de\/angebot\/auslandische-familienleistungen\/deutsche-familienleistungen-elterngeld\" aria-label=\"Image\">Elterngeld<\/a><\/h3><p class=\"content\">Das Elterngeld in Deutschland ist eine vom Kindergeld unabh\u00e4ngige Geldleistung, die M\u00fcttern\/V\u00e4tern von Kindern in den ersten 14 Monaten (oder l\u00e4nger) nach der Geburt des Kindes gezahlt wird. Diese Leistung wurde eingef\u00fchrt, damit Eltern sich ausschlie\u00dflich auf die Erziehung ihrer kleinen Kinder konzentrieren k\u00f6nnen und nicht gleichzeitig arbeiten m\u00fcssen.<\/p><a class=\"btn btn-md btn-primary btn-icon btn-icon-right\" href=\"\/de\/angebot\/auslandische-familienleistungen\/deutsche-familienleistungen-elterngeld\" ><span >Mehr...<\/span><i class=\"a-icon-long-arrow-right\"><\/i><\/a><\/div><\/div>\t\t\t\t<\/div>\n\t\t\t\t<\/div>\n\t\t\t\t\t\t<\/div>\r\n\t\t\t\t<\/div>\r\n\t\t\t\t\t\t\t\t\t<div class=\" elementor-column elementor-col-33 elementor-top-column elementor-element elementor-element-c05a5e1 \" data-id=\"c05a5e1\" data-element_type=\"column\" data-e-type=\"column\">\r\n\r\n\t\t\t\t\r\n\t\t\t\t<div class=\"elementor-widget-wrap elementor-element-populated\">\r\n\t\t\t\t\t\t\t\t\t\t\r\n\t\t\t\t\t\t<div class=\"elementor-element elementor-element-9ac81f4 elementor-invisible elementor-widget elementor-widget-udesign_widget_imagebox\" data-id=\"9ac81f4\" data-element_type=\"widget\" data-e-type=\"widget\" data-settings=\"{&quot;_animation&quot;:&quot;fadeInUpShorter&quot;}\" data-widget_type=\"udesign_widget_imagebox.default\">\n\t\t\t\t<div class=\"elementor-widget-container\">\n\t\t\t\t\t<div class=\"image-box position-top\"><figure class=\"has-link\"><img decoding=\"async\" width=\"788\" height=\"525\" src=\"https:\/\/www.tktranslate.pl\/wp-content\/uploads\/2023\/06\/788_788_resize_q90_26-kindergeld-2020.jpg\" class=\"attachment-full size-full wp-image-8795\" alt=\"\" srcset=\"https:\/\/www.tktranslate.pl\/wp-content\/uploads\/2023\/06\/788_788_resize_q90_26-kindergeld-2020.jpg 788w, https:\/\/www.tktranslate.pl\/wp-content\/uploads\/2023\/06\/788_788_resize_q90_26-kindergeld-2020-768x512.jpg 768w\" sizes=\"(max-width: 788px) 100vw, 788px\" \/><a href=\"\/de\/angebot\/auslandische-familienleistungen\/deutsche-familienleistungen-kinderzuschlag\" aria-label=\"Image\"><\/a><\/figure><div class=\"image-box-content\"><h3 class=\"title\"><a href=\"\/de\/angebot\/auslandische-familienleistungen\/deutsche-familienleistungen-kinderzuschlag\" aria-label=\"Image\">Kinderzuschlag<\/a><\/h3><p class=\"content\">Der Zuschlag zum Kindergeld in Deutschland, der sog Kinderzuschlag ist eine zus\u00e4tzliche Sozialleistung, die Eltern mit geringem Einkommen erhalten k\u00f6nnen. Der Kinderzuschlag wurde eingef\u00fchrt, damit Eltern sich haupts\u00e4chlich auf die Erziehung ihrer Kinder konzentrieren k\u00f6nnen, ohne gleichzeitig hart arbeiten zu m\u00fcssen.<\/p><a class=\"btn btn-md btn-primary btn-icon btn-icon-right\" href=\"\/de\/angebot\/auslandische-familienleistungen\/deutsche-familienleistungen-kinderzuschlag\" ><span >Mehr...<\/span><i class=\"a-icon-long-arrow-right\"><\/i><\/a><\/div><\/div>\t\t\t\t<\/div>\n\t\t\t\t<\/div>\n\t\t\t\t\t\t<\/div>\r\n\t\t\t\t<\/div>\r\n\t\t\t\t\t\t\t\t<\/div>\r\n\t\t\t<\/section>\r\n\t\t\t\t\t<section class=\" elementor-section elementor-top-section elementor-element elementor-element-c7fd50d elementor-section-boxed elementor-section-height-default elementor-section-height-default smart-sticky-default\" data-id=\"c7fd50d\" data-element_type=\"section\" data-e-type=\"section\">\r\n\t\t\t\t\t\t\t\t<div class=\"elementor-container elementor-column-gap-default\">\r\n\t\t\t\t\r\n\t\t\t\t\t\t\t\t<div class=\" elementor-column elementor-col-100 elementor-top-column elementor-element elementor-element-647a802 \" data-id=\"647a802\" data-element_type=\"column\" data-e-type=\"column\">\r\n\r\n\t\t\t\t\r\n\t\t\t\t<div class=\"elementor-widget-wrap\">\r\n\t\t\t\t\t\t\t\t\t\t\r\n\t\t\t\t\t\t\t\t<\/div>\r\n\t\t\t\t<\/div>\r\n\t\t\t\t\t\t\t\t<\/div>\r\n\t\t\t<\/section>\r\n\t\t\t\t\t<\/div>\n\t\t","protected":false},"excerpt":{"rendered":"<p>Deutsche Familienleistungen Kindergeld Seit dem Beitritt Polens zur Europ\u00e4ischen Union k\u00f6nnen polnische Staatsb\u00fcrger, die in Deutschland leben und arbeiten, das [&hellip;]<\/p>\n","protected":false},"author":1,"featured_media":0,"parent":11893,"menu_order":0,"comment_status":"closed","ping_status":"closed","template":"","meta":{"_acf_changed":false,"footnotes":""},"class_list":["post-11909","page","type-page","status-publish","hentry"],"acf":[],"yoast_head":"<!-- This site is optimized with the Yoast SEO plugin v26.9 - https:\/\/yoast.com\/product\/yoast-seo-wordpress\/ -->\n<title>Deutsche Familienleistungen - TKTRANSLATE Biuro T\u0142umacze\u0144 Krosno<\/title>\n<meta name=\"robots\" content=\"index, follow, max-snippet:-1, max-image-preview:large, max-video-preview:-1\" \/>\n<link rel=\"canonical\" href=\"https:\/\/www.tktranslate.pl\/oferta\/zasilki-z-zagranicy\/zasilki-z-niemiec\/\" \/>\n<meta property=\"og:locale\" content=\"de_DE\" \/>\n<meta property=\"og:type\" content=\"article\" \/>\n<meta property=\"og:title\" content=\"Deutsche Familienleistungen - TKTRANSLATE Biuro T\u0142umacze\u0144 Krosno\" \/>\n<meta property=\"og:description\" content=\"Deutsche Familienleistungen Kindergeld Seit dem Beitritt Polens zur Europ\u00e4ischen Union k\u00f6nnen polnische Staatsb\u00fcrger, die in Deutschland leben und arbeiten, das [&hellip;]\" \/>\n<meta property=\"og:url\" content=\"https:\/\/www.tktranslate.pl\/oferta\/zasilki-z-zagranicy\/zasilki-z-niemiec\/\" \/>\n<meta property=\"og:site_name\" content=\"TKTRANSLATE Biuro T\u0142umacze\u0144 Krosno\" \/>\n<meta property=\"article:modified_time\" content=\"2023-10-30T12:15:59+00:00\" \/>\n<meta property=\"og:image\" content=\"https:\/\/www.tktranslate.pl\/wp-content\/uploads\/2023\/06\/788_788_resize_q90_e54d6e1bd171ff9ddc74d11af7c63485e1e61998f11ceb1a.jpg\" \/>\n<meta name=\"twitter:card\" content=\"summary_large_image\" \/>\n<meta name=\"twitter:label1\" content=\"Gesch\u00e4tzte Lesezeit\" \/>\n\t<meta name=\"twitter:data1\" content=\"2\u00a0Minuten\" \/>\n<script type=\"application\/ld+json\" class=\"yoast-schema-graph\">{\"@context\":\"https:\/\/schema.org\",\"@graph\":[{\"@type\":\"WebPage\",\"@id\":\"https:\/\/www.tktranslate.pl\/oferta\/zasilki-z-zagranicy\/zasilki-z-niemiec\/\",\"url\":\"https:\/\/www.tktranslate.pl\/oferta\/zasilki-z-zagranicy\/zasilki-z-niemiec\/\",\"name\":\"Deutsche Familienleistungen - TKTRANSLATE Biuro T\u0142umacze\u0144 Krosno\",\"isPartOf\":{\"@id\":\"https:\/\/www.tktranslate.pl\/#website\"},\"primaryImageOfPage\":{\"@id\":\"https:\/\/www.tktranslate.pl\/oferta\/zasilki-z-zagranicy\/zasilki-z-niemiec\/#primaryimage\"},\"image\":{\"@id\":\"https:\/\/www.tktranslate.pl\/oferta\/zasilki-z-zagranicy\/zasilki-z-niemiec\/#primaryimage\"},\"thumbnailUrl\":\"https:\/\/www.tktranslate.pl\/wp-content\/uploads\/2023\/06\/788_788_resize_q90_e54d6e1bd171ff9ddc74d11af7c63485e1e61998f11ceb1a.jpg\",\"datePublished\":\"2023-06-22T16:59:57+00:00\",\"dateModified\":\"2023-10-30T12:15:59+00:00\",\"breadcrumb\":{\"@id\":\"https:\/\/www.tktranslate.pl\/oferta\/zasilki-z-zagranicy\/zasilki-z-niemiec\/#breadcrumb\"},\"inLanguage\":\"de\",\"potentialAction\":[{\"@type\":\"ReadAction\",\"target\":[\"https:\/\/www.tktranslate.pl\/oferta\/zasilki-z-zagranicy\/zasilki-z-niemiec\/\"]}]},{\"@type\":\"ImageObject\",\"inLanguage\":\"de\",\"@id\":\"https:\/\/www.tktranslate.pl\/oferta\/zasilki-z-zagranicy\/zasilki-z-niemiec\/#primaryimage\",\"url\":\"https:\/\/www.tktranslate.pl\/wp-content\/uploads\/2023\/06\/788_788_resize_q90_e54d6e1bd171ff9ddc74d11af7c63485e1e61998f11ceb1a.jpg\",\"contentUrl\":\"https:\/\/www.tktranslate.pl\/wp-content\/uploads\/2023\/06\/788_788_resize_q90_e54d6e1bd171ff9ddc74d11af7c63485e1e61998f11ceb1a.jpg\"},{\"@type\":\"BreadcrumbList\",\"@id\":\"https:\/\/www.tktranslate.pl\/oferta\/zasilki-z-zagranicy\/zasilki-z-niemiec\/#breadcrumb\",\"itemListElement\":[{\"@type\":\"ListItem\",\"position\":1,\"name\":\"Strona g\u0142\u00f3wna\",\"item\":\"https:\/\/www.tktranslate.pl\/\"},{\"@type\":\"ListItem\",\"position\":2,\"name\":\"Angebot\",\"item\":\"https:\/\/www.tktranslate.pl\/oferta\/\"},{\"@type\":\"ListItem\",\"position\":3,\"name\":\"Ausl\u00e4ndische Familienleistungen\",\"item\":\"https:\/\/www.tktranslate.pl\/oferta\/zasilki-z-zagranicy\/\"},{\"@type\":\"ListItem\",\"position\":4,\"name\":\"Deutsche Familienleistungen\"}]},{\"@type\":\"WebSite\",\"@id\":\"https:\/\/www.tktranslate.pl\/#website\",\"url\":\"https:\/\/www.tktranslate.pl\/\",\"name\":\"TKTRANSLATE Biuro T\u0142umacze\u0144 Krosno\",\"description\":\"Profesjonalne biuro t\u0142umacze\u0144\",\"publisher\":{\"@id\":\"https:\/\/www.tktranslate.pl\/#organization\"},\"potentialAction\":[{\"@type\":\"SearchAction\",\"target\":{\"@type\":\"EntryPoint\",\"urlTemplate\":\"https:\/\/www.tktranslate.pl\/?s={search_term_string}\"},\"query-input\":{\"@type\":\"PropertyValueSpecification\",\"valueRequired\":true,\"valueName\":\"search_term_string\"}}],\"inLanguage\":\"de\"},{\"@type\":\"Organization\",\"@id\":\"https:\/\/www.tktranslate.pl\/#organization\",\"name\":\"TKTRANSLATE Biuro T\u0142umacze\u0144 Krosno\",\"url\":\"https:\/\/www.tktranslate.pl\/\",\"logo\":{\"@type\":\"ImageObject\",\"inLanguage\":\"de\",\"@id\":\"https:\/\/www.tktranslate.pl\/#\/schema\/logo\/image\/\",\"url\":\"https:\/\/www.tktranslate.pl\/wp-content\/uploads\/2023\/07\/tr-trnslate-logo-no-bg.png\",\"contentUrl\":\"https:\/\/www.tktranslate.pl\/wp-content\/uploads\/2023\/07\/tr-trnslate-logo-no-bg.png\",\"width\":600,\"height\":108,\"caption\":\"TKTRANSLATE Biuro T\u0142umacze\u0144 Krosno\"},\"image\":{\"@id\":\"https:\/\/www.tktranslate.pl\/#\/schema\/logo\/image\/\"}}]}<\/script>\n<!-- \/ Yoast SEO plugin. -->","yoast_head_json":{"title":"Deutsche Familienleistungen - TKTRANSLATE Biuro T\u0142umacze\u0144 Krosno","robots":{"index":"index","follow":"follow","max-snippet":"max-snippet:-1","max-image-preview":"max-image-preview:large","max-video-preview":"max-video-preview:-1"},"canonical":"https:\/\/www.tktranslate.pl\/oferta\/zasilki-z-zagranicy\/zasilki-z-niemiec\/","og_locale":"de_DE","og_type":"article","og_title":"Deutsche Familienleistungen - TKTRANSLATE Biuro T\u0142umacze\u0144 Krosno","og_description":"Deutsche Familienleistungen Kindergeld Seit dem Beitritt Polens zur Europ\u00e4ischen Union k\u00f6nnen polnische Staatsb\u00fcrger, die in Deutschland leben und arbeiten, das [&hellip;]","og_url":"https:\/\/www.tktranslate.pl\/oferta\/zasilki-z-zagranicy\/zasilki-z-niemiec\/","og_site_name":"TKTRANSLATE Biuro T\u0142umacze\u0144 Krosno","article_modified_time":"2023-10-30T12:15:59+00:00","og_image":[{"url":"https:\/\/www.tktranslate.pl\/wp-content\/uploads\/2023\/06\/788_788_resize_q90_e54d6e1bd171ff9ddc74d11af7c63485e1e61998f11ceb1a.jpg","type":"","width":"","height":""}],"twitter_card":"summary_large_image","twitter_misc":{"Gesch\u00e4tzte Lesezeit":"2\u00a0Minuten"},"schema":{"@context":"https:\/\/schema.org","@graph":[{"@type":"WebPage","@id":"https:\/\/www.tktranslate.pl\/oferta\/zasilki-z-zagranicy\/zasilki-z-niemiec\/","url":"https:\/\/www.tktranslate.pl\/oferta\/zasilki-z-zagranicy\/zasilki-z-niemiec\/","name":"Deutsche Familienleistungen - TKTRANSLATE Biuro T\u0142umacze\u0144 Krosno","isPartOf":{"@id":"https:\/\/www.tktranslate.pl\/#website"},"primaryImageOfPage":{"@id":"https:\/\/www.tktranslate.pl\/oferta\/zasilki-z-zagranicy\/zasilki-z-niemiec\/#primaryimage"},"image":{"@id":"https:\/\/www.tktranslate.pl\/oferta\/zasilki-z-zagranicy\/zasilki-z-niemiec\/#primaryimage"},"thumbnailUrl":"https:\/\/www.tktranslate.pl\/wp-content\/uploads\/2023\/06\/788_788_resize_q90_e54d6e1bd171ff9ddc74d11af7c63485e1e61998f11ceb1a.jpg","datePublished":"2023-06-22T16:59:57+00:00","dateModified":"2023-10-30T12:15:59+00:00","breadcrumb":{"@id":"https:\/\/www.tktranslate.pl\/oferta\/zasilki-z-zagranicy\/zasilki-z-niemiec\/#breadcrumb"},"inLanguage":"de","potentialAction":[{"@type":"ReadAction","target":["https:\/\/www.tktranslate.pl\/oferta\/zasilki-z-zagranicy\/zasilki-z-niemiec\/"]}]},{"@type":"ImageObject","inLanguage":"de","@id":"https:\/\/www.tktranslate.pl\/oferta\/zasilki-z-zagranicy\/zasilki-z-niemiec\/#primaryimage","url":"https:\/\/www.tktranslate.pl\/wp-content\/uploads\/2023\/06\/788_788_resize_q90_e54d6e1bd171ff9ddc74d11af7c63485e1e61998f11ceb1a.jpg","contentUrl":"https:\/\/www.tktranslate.pl\/wp-content\/uploads\/2023\/06\/788_788_resize_q90_e54d6e1bd171ff9ddc74d11af7c63485e1e61998f11ceb1a.jpg"},{"@type":"BreadcrumbList","@id":"https:\/\/www.tktranslate.pl\/oferta\/zasilki-z-zagranicy\/zasilki-z-niemiec\/#breadcrumb","itemListElement":[{"@type":"ListItem","position":1,"name":"Strona g\u0142\u00f3wna","item":"https:\/\/www.tktranslate.pl\/"},{"@type":"ListItem","position":2,"name":"Angebot","item":"https:\/\/www.tktranslate.pl\/oferta\/"},{"@type":"ListItem","position":3,"name":"Ausl\u00e4ndische Familienleistungen","item":"https:\/\/www.tktranslate.pl\/oferta\/zasilki-z-zagranicy\/"},{"@type":"ListItem","position":4,"name":"Deutsche Familienleistungen"}]},{"@type":"WebSite","@id":"https:\/\/www.tktranslate.pl\/#website","url":"https:\/\/www.tktranslate.pl\/","name":"TKTRANSLATE Biuro T\u0142umacze\u0144 Krosno","description":"Profesjonalne biuro t\u0142umacze\u0144","publisher":{"@id":"https:\/\/www.tktranslate.pl\/#organization"},"potentialAction":[{"@type":"SearchAction","target":{"@type":"EntryPoint","urlTemplate":"https:\/\/www.tktranslate.pl\/?s={search_term_string}"},"query-input":{"@type":"PropertyValueSpecification","valueRequired":true,"valueName":"search_term_string"}}],"inLanguage":"de"},{"@type":"Organization","@id":"https:\/\/www.tktranslate.pl\/#organization","name":"TKTRANSLATE Biuro T\u0142umacze\u0144 Krosno","url":"https:\/\/www.tktranslate.pl\/","logo":{"@type":"ImageObject","inLanguage":"de","@id":"https:\/\/www.tktranslate.pl\/#\/schema\/logo\/image\/","url":"https:\/\/www.tktranslate.pl\/wp-content\/uploads\/2023\/07\/tr-trnslate-logo-no-bg.png","contentUrl":"https:\/\/www.tktranslate.pl\/wp-content\/uploads\/2023\/07\/tr-trnslate-logo-no-bg.png","width":600,"height":108,"caption":"TKTRANSLATE Biuro T\u0142umacze\u0144 Krosno"},"image":{"@id":"https:\/\/www.tktranslate.pl\/#\/schema\/logo\/image\/"}}]}},"_links":{"self":[{"href":"https:\/\/www.tktranslate.pl\/de\/wp-json\/wp\/v2\/pages\/11909","targetHints":{"allow":["GET"]}}],"collection":[{"href":"https:\/\/www.tktranslate.pl\/de\/wp-json\/wp\/v2\/pages"}],"about":[{"href":"https:\/\/www.tktranslate.pl\/de\/wp-json\/wp\/v2\/types\/page"}],"author":[{"embeddable":true,"href":"https:\/\/www.tktranslate.pl\/de\/wp-json\/wp\/v2\/users\/1"}],"replies":[{"embeddable":true,"href":"https:\/\/www.tktranslate.pl\/de\/wp-json\/wp\/v2\/comments?post=11909"}],"version-history":[{"count":13,"href":"https:\/\/www.tktranslate.pl\/de\/wp-json\/wp\/v2\/pages\/11909\/revisions"}],"predecessor-version":[{"id":11933,"href":"https:\/\/www.tktranslate.pl\/de\/wp-json\/wp\/v2\/pages\/11909\/revisions\/11933"}],"up":[{"embeddable":true,"href":"https:\/\/www.tktranslate.pl\/de\/wp-json\/wp\/v2\/pages\/11893"}],"wp:attachment":[{"href":"https:\/\/www.tktranslate.pl\/de\/wp-json\/wp\/v2\/media?parent=11909"}],"curies":[{"name":"wp","href":"https:\/\/api.w.org\/{rel}","templated":true}]}}