{"id":11867,"date":"2023-06-21T17:03:46","date_gmt":"2023-06-21T15:03:46","guid":{"rendered":"https:\/\/www.tktranslate.pl\/angebot\/auslandische-steuererklarung\/austria\/"},"modified":"2023-10-30T12:58:45","modified_gmt":"2023-10-30T11:58:45","slug":"osterreich","status":"publish","type":"page","link":"https:\/\/www.tktranslate.pl\/de\/angebot\/auslandische-steuererklarung\/osterreich\/","title":{"rendered":"\u00d6sterreich"},"content":{"rendered":"\t\t<div data-elementor-type=\"wp-page\" data-elementor-id=\"11867\" class=\"elementor elementor-11867\">\n\t\t\t\t\t\t<section class=\" elementor-section elementor-top-section elementor-element elementor-element-2e41c98 elementor-section-content-middle elementor-section-boxed elementor-section-height-default elementor-section-height-default smart-sticky-default\" data-id=\"2e41c98\" data-element_type=\"section\" data-e-type=\"section\">\r\n\t\t\t\t\t\t\t\t<div class=\"elementor-container container-fluid elementor-column-gap-default\">\r\n\t\t\t\t\r\n\t\t\t\t\t\t\t\t<div class=\" elementor-column elementor-col-50 elementor-top-column elementor-element elementor-element-b94de49 elementor-hidden-mobile \" data-id=\"b94de49\" data-element_type=\"column\" data-e-type=\"column\">\r\n\r\n\t\t\t\t\r\n\t\t\t\t<div class=\"elementor-widget-wrap elementor-element-populated\">\r\n\t\t\t\t\t\t\t\t\t\t\r\n\t\t\t\t\t\t<div class=\"elementor-element elementor-element-55413c6 elementor-widget elementor-widget-image\" data-id=\"55413c6\" data-element_type=\"widget\" data-e-type=\"widget\" data-widget_type=\"image.default\">\n\t\t\t\t<div class=\"elementor-widget-container\">\n\t\t\t\t\t\t\t\t\t\t\t\t\t\t\t<img decoding=\"async\" src=\"https:\/\/www.tktranslate.pl\/wp-content\/uploads\/elementor\/thumbs\/tk-translate-podatki-austria-qieq6t3tna0v5whhv1wpxsjh221qx9j7reizn86dxc.png\" title=\"tk-translate-podatki-austria\" alt=\"tk-translate-podatki-austria\" loading=\"lazy\" \/>\t\t\t\t\t\t\t\t\t\t\t\t\t\t\t<\/div>\n\t\t\t\t<\/div>\n\t\t\t\t\t\t<\/div>\r\n\t\t\t\t<\/div>\r\n\t\t\t\t\t\t\t\t\t<div class=\" elementor-column elementor-col-50 elementor-top-column elementor-element elementor-element-d5607ec \" data-id=\"d5607ec\" data-element_type=\"column\" data-e-type=\"column\">\r\n\r\n\t\t\t\t\r\n\t\t\t\t<div class=\"elementor-widget-wrap elementor-element-populated\">\r\n\t\t\t\t\t\t\t\t\t\t\r\n\t\t\t\t\t\t<section class=\" elementor-section elementor-inner-section elementor-element elementor-element-afe3484 elementor-section-boxed elementor-section-height-default elementor-section-height-default smart-sticky-default\" data-id=\"afe3484\" data-element_type=\"section\" data-e-type=\"section\">\r\n\t\t\t\t\t\t\t\t<div class=\"elementor-container elementor-column-gap-default\">\r\n\t\t\t\t\r\n\t\t\t\t\t\t\t\t<div class=\" elementor-column elementor-col-100 elementor-inner-column elementor-element elementor-element-7b410de \" data-id=\"7b410de\" data-element_type=\"column\" data-e-type=\"column\">\r\n\r\n\t\t\t\t\r\n\t\t\t\t<div class=\"elementor-widget-wrap elementor-element-populated\">\r\n\t\t\t\t\t\t\t\t\t\t\r\n\t\t\t\t\t\t<div class=\"elementor-element elementor-element-83ec898 elementor-widget elementor-widget-text-editor\" data-id=\"83ec898\" data-element_type=\"widget\" data-e-type=\"widget\" data-widget_type=\"text-editor.default\">\n\t\t\t\t<div class=\"elementor-widget-container\">\n\t\t\t\t\t\t\t\t\t<p><strong>Haben Sie in \u00d6sterreich gearbeitet und m\u00f6chten zu viel gezahlte Steuern zur\u00fcckfordern?<\/strong><\/p><p>Wir k\u00fcmmern und professionell um Ihre Steuerveranlagung in \u00d6sterreich. Wir erstellen f\u00fcr Sie eine kostenlose Berechnung Ihrer Steuererstattung.<\/p><p>Sie k\u00f6nnen uns Dokumente elektronisch zusenden oder unser B\u00fcro in Krosno\/Polen besuchen.<\/p>\t\t\t\t\t\t\t\t<\/div>\n\t\t\t\t<\/div>\n\t\t\t\t\t\t<\/div>\r\n\t\t\t\t<\/div>\r\n\t\t\t\t\t\t\t\t<\/div>\r\n\t\t\t<\/section>\r\n\t\t\t\t\t\t\t<\/div>\r\n\t\t\t\t<\/div>\r\n\t\t\t\t\t\t\t\t<\/div>\r\n\t\t\t<\/section>\r\n\t\t\t\t\t<section class=\" elementor-section elementor-top-section elementor-element elementor-element-75e0430 elementor-section-boxed elementor-section-height-default elementor-section-height-default smart-sticky-default\" data-id=\"75e0430\" data-element_type=\"section\" data-e-type=\"section\">\r\n\t\t\t\t\t\t\t\t<div class=\"elementor-container elementor-column-gap-default\">\r\n\t\t\t\t\r\n\t\t\t\t\t\t\t\t<div class=\" elementor-column elementor-col-100 elementor-top-column elementor-element elementor-element-f65e73a \" data-id=\"f65e73a\" data-element_type=\"column\" data-e-type=\"column\">\r\n\r\n\t\t\t\t\r\n\t\t\t\t<div class=\"elementor-widget-wrap elementor-element-populated\">\r\n\t\t\t\t\t\t\t\t\t\t\r\n\t\t\t\t\t\t<div class=\"elementor-element elementor-element-477ba58 elementor-widget elementor-widget-udesign_widget_heading\" data-id=\"477ba58\" data-element_type=\"widget\" data-e-type=\"widget\" data-widget_type=\"udesign_widget_heading.default\">\n\t\t\t\t<div class=\"elementor-widget-container\">\n\t\t\t\t\t<div class=\"title-wrapper  title-left\"><h2 class=\"title elementor-heading-title\">Warum lohnt es sich, uns Ihre \u00f6sterreichische Steuererkl\u00e4rung anzuvertrauen?<\/h2><\/div>\t\t\t\t<\/div>\n\t\t\t\t<\/div>\n\t\t\t\t<div class=\"elementor-element elementor-element-2ef4df3 elementor-widget elementor-widget-udesign_widget_iconbox\" data-id=\"2ef4df3\" data-element_type=\"widget\" data-e-type=\"widget\" data-widget_type=\"udesign_widget_iconbox.default\">\n\t\t\t\t<div class=\"elementor-widget-container\">\n\t\t\t\t\t<div class=\"icon-box icon-box-side position-left icon-framed shape-circle\"><div class=\"icon-box-feature\"><i class=\"  u-icon-check\"><\/i><\/div><div class=\"icon-box-content\"><p class=\"icon-box-desc\">Wir berechnen keine prozentuale Provision \u2013 die Kosten f\u00fcr die Erstellung einer Lohnsteuererkl\u00e4rung betragen einen Fixbetrag, unabh\u00e4ngig von der H\u00f6he der erhaltenen Steuerr\u00fcckerstattung.<\/p><\/div><\/div>\t\t\t\t<\/div>\n\t\t\t\t<\/div>\n\t\t\t\t<div class=\"elementor-element elementor-element-4b898e4 elementor-widget elementor-widget-udesign_widget_iconbox\" data-id=\"4b898e4\" data-element_type=\"widget\" data-e-type=\"widget\" data-widget_type=\"udesign_widget_iconbox.default\">\n\t\t\t\t<div class=\"elementor-widget-container\">\n\t\t\t\t\t<div class=\"icon-box icon-box-side position-left icon-framed shape-circle\"><div class=\"icon-box-feature\"><i class=\"  u-icon-check\"><\/i><\/div><div class=\"icon-box-content\"><p class=\"icon-box-desc\">Alle Formalit\u00e4ten k\u00f6nnen per E-Mail oder pers\u00f6nlich in unserem B\u00fcro in Krosno\/Polen erledigt werden<\/p><\/div><\/div>\t\t\t\t<\/div>\n\t\t\t\t<\/div>\n\t\t\t\t<div class=\"elementor-element elementor-element-e602732 elementor-widget elementor-widget-text-editor\" data-id=\"e602732\" data-element_type=\"widget\" data-e-type=\"widget\" data-widget_type=\"text-editor.default\">\n\t\t\t\t<div class=\"elementor-widget-container\">\n\t\t\t\t\t\t\t\t\tLink zum Herunterladen der Liste der erforderlichen Dokumente &#8211;\u00a0<strong><a title=\"Dokumenty Podatek Austria\" href=\"\/wp-content\/uploads\/2023\/06\/Podatek-Austria-Dokumenty-Zaswiadczenie-o-dochodach_1.pdf\">Steuererkl\u00e4rung in \u00d6sterreich Erforderliche Unterlagen<\/a><\/strong>\t\t\t\t\t\t\t\t<\/div>\n\t\t\t\t<\/div>\n\t\t\t\t\t\t<\/div>\r\n\t\t\t\t<\/div>\r\n\t\t\t\t\t\t\t\t<\/div>\r\n\t\t\t<\/section>\r\n\t\t\t\t\t<\/div>\n\t\t","protected":false},"excerpt":{"rendered":"<p>Haben Sie in \u00d6sterreich gearbeitet und m\u00f6chten zu viel gezahlte Steuern zur\u00fcckfordern? Wir k\u00fcmmern und professionell um Ihre Steuerveranlagung in [&hellip;]<\/p>\n","protected":false},"author":1,"featured_media":0,"parent":11843,"menu_order":0,"comment_status":"closed","ping_status":"closed","template":"","meta":{"_acf_changed":false,"footnotes":""},"class_list":["post-11867","page","type-page","status-publish","hentry"],"acf":[],"yoast_head":"<!-- This site is optimized with the Yoast SEO plugin v26.9 - https:\/\/yoast.com\/product\/yoast-seo-wordpress\/ -->\n<title>\u00d6sterreich - TKTRANSLATE Biuro T\u0142umacze\u0144 Krosno<\/title>\n<meta name=\"robots\" content=\"index, follow, max-snippet:-1, max-image-preview:large, max-video-preview:-1\" \/>\n<link rel=\"canonical\" href=\"https:\/\/www.tktranslate.pl\/oferta\/podatek-z-zagranicy\/austria\/\" \/>\n<meta property=\"og:locale\" content=\"de_DE\" \/>\n<meta property=\"og:type\" content=\"article\" \/>\n<meta property=\"og:title\" content=\"\u00d6sterreich - TKTRANSLATE Biuro T\u0142umacze\u0144 Krosno\" \/>\n<meta property=\"og:description\" content=\"Haben Sie in \u00d6sterreich gearbeitet und m\u00f6chten zu viel gezahlte Steuern zur\u00fcckfordern? Wir k\u00fcmmern und professionell um Ihre Steuerveranlagung in [&hellip;]\" \/>\n<meta property=\"og:url\" content=\"https:\/\/www.tktranslate.pl\/oferta\/podatek-z-zagranicy\/austria\/\" \/>\n<meta property=\"og:site_name\" content=\"TKTRANSLATE Biuro T\u0142umacze\u0144 Krosno\" \/>\n<meta property=\"article:modified_time\" content=\"2023-10-30T11:58:45+00:00\" \/>\n<meta property=\"og:image\" content=\"https:\/\/www.tktranslate.pl\/wp-content\/uploads\/elementor\/thumbs\/tk-translate-podatki-austria-qb8kk3gt4nxwan41u0shsjog5yi48kzx84lvvji9kw.png\" \/>\n<meta name=\"twitter:card\" content=\"summary_large_image\" \/>\n<meta name=\"twitter:label1\" content=\"Gesch\u00e4tzte Lesezeit\" \/>\n\t<meta name=\"twitter:data1\" content=\"1\u00a0Minute\" \/>\n<script type=\"application\/ld+json\" class=\"yoast-schema-graph\">{\"@context\":\"https:\/\/schema.org\",\"@graph\":[{\"@type\":\"WebPage\",\"@id\":\"https:\/\/www.tktranslate.pl\/oferta\/podatek-z-zagranicy\/austria\/\",\"url\":\"https:\/\/www.tktranslate.pl\/oferta\/podatek-z-zagranicy\/austria\/\",\"name\":\"\u00d6sterreich - TKTRANSLATE Biuro T\u0142umacze\u0144 Krosno\",\"isPartOf\":{\"@id\":\"https:\/\/www.tktranslate.pl\/#website\"},\"primaryImageOfPage\":{\"@id\":\"https:\/\/www.tktranslate.pl\/oferta\/podatek-z-zagranicy\/austria\/#primaryimage\"},\"image\":{\"@id\":\"https:\/\/www.tktranslate.pl\/oferta\/podatek-z-zagranicy\/austria\/#primaryimage\"},\"thumbnailUrl\":\"https:\/\/www.tktranslate.pl\/wp-content\/uploads\/elementor\/thumbs\/tk-translate-podatki-austria-qb8kk3gt4nxwan41u0shsjog5yi48kzx84lvvji9kw.png\",\"datePublished\":\"2023-06-21T15:03:46+00:00\",\"dateModified\":\"2023-10-30T11:58:45+00:00\",\"breadcrumb\":{\"@id\":\"https:\/\/www.tktranslate.pl\/oferta\/podatek-z-zagranicy\/austria\/#breadcrumb\"},\"inLanguage\":\"de\",\"potentialAction\":[{\"@type\":\"ReadAction\",\"target\":[\"https:\/\/www.tktranslate.pl\/oferta\/podatek-z-zagranicy\/austria\/\"]}]},{\"@type\":\"ImageObject\",\"inLanguage\":\"de\",\"@id\":\"https:\/\/www.tktranslate.pl\/oferta\/podatek-z-zagranicy\/austria\/#primaryimage\",\"url\":\"https:\/\/www.tktranslate.pl\/wp-content\/uploads\/elementor\/thumbs\/tk-translate-podatki-austria-qb8kk3gt4nxwan41u0shsjog5yi48kzx84lvvji9kw.png\",\"contentUrl\":\"https:\/\/www.tktranslate.pl\/wp-content\/uploads\/elementor\/thumbs\/tk-translate-podatki-austria-qb8kk3gt4nxwan41u0shsjog5yi48kzx84lvvji9kw.png\"},{\"@type\":\"BreadcrumbList\",\"@id\":\"https:\/\/www.tktranslate.pl\/oferta\/podatek-z-zagranicy\/austria\/#breadcrumb\",\"itemListElement\":[{\"@type\":\"ListItem\",\"position\":1,\"name\":\"Strona g\u0142\u00f3wna\",\"item\":\"https:\/\/www.tktranslate.pl\/\"},{\"@type\":\"ListItem\",\"position\":2,\"name\":\"Angebot\",\"item\":\"https:\/\/www.tktranslate.pl\/oferta\/\"},{\"@type\":\"ListItem\",\"position\":3,\"name\":\"Ausl\u00e4ndische Steuererkl\u00e4rung\",\"item\":\"https:\/\/www.tktranslate.pl\/oferta\/podatek-z-zagranicy\/\"},{\"@type\":\"ListItem\",\"position\":4,\"name\":\"\u00d6sterreich\"}]},{\"@type\":\"WebSite\",\"@id\":\"https:\/\/www.tktranslate.pl\/#website\",\"url\":\"https:\/\/www.tktranslate.pl\/\",\"name\":\"TKTRANSLATE Biuro T\u0142umacze\u0144 Krosno\",\"description\":\"Profesjonalne biuro t\u0142umacze\u0144\",\"publisher\":{\"@id\":\"https:\/\/www.tktranslate.pl\/#organization\"},\"potentialAction\":[{\"@type\":\"SearchAction\",\"target\":{\"@type\":\"EntryPoint\",\"urlTemplate\":\"https:\/\/www.tktranslate.pl\/?s={search_term_string}\"},\"query-input\":{\"@type\":\"PropertyValueSpecification\",\"valueRequired\":true,\"valueName\":\"search_term_string\"}}],\"inLanguage\":\"de\"},{\"@type\":\"Organization\",\"@id\":\"https:\/\/www.tktranslate.pl\/#organization\",\"name\":\"TKTRANSLATE Biuro T\u0142umacze\u0144 Krosno\",\"url\":\"https:\/\/www.tktranslate.pl\/\",\"logo\":{\"@type\":\"ImageObject\",\"inLanguage\":\"de\",\"@id\":\"https:\/\/www.tktranslate.pl\/#\/schema\/logo\/image\/\",\"url\":\"https:\/\/www.tktranslate.pl\/wp-content\/uploads\/2023\/07\/tr-trnslate-logo-no-bg.png\",\"contentUrl\":\"https:\/\/www.tktranslate.pl\/wp-content\/uploads\/2023\/07\/tr-trnslate-logo-no-bg.png\",\"width\":600,\"height\":108,\"caption\":\"TKTRANSLATE Biuro T\u0142umacze\u0144 Krosno\"},\"image\":{\"@id\":\"https:\/\/www.tktranslate.pl\/#\/schema\/logo\/image\/\"}}]}<\/script>\n<!-- \/ Yoast SEO plugin. -->","yoast_head_json":{"title":"\u00d6sterreich - TKTRANSLATE Biuro T\u0142umacze\u0144 Krosno","robots":{"index":"index","follow":"follow","max-snippet":"max-snippet:-1","max-image-preview":"max-image-preview:large","max-video-preview":"max-video-preview:-1"},"canonical":"https:\/\/www.tktranslate.pl\/oferta\/podatek-z-zagranicy\/austria\/","og_locale":"de_DE","og_type":"article","og_title":"\u00d6sterreich - TKTRANSLATE Biuro T\u0142umacze\u0144 Krosno","og_description":"Haben Sie in \u00d6sterreich gearbeitet und m\u00f6chten zu viel gezahlte Steuern zur\u00fcckfordern? Wir k\u00fcmmern und professionell um Ihre Steuerveranlagung in [&hellip;]","og_url":"https:\/\/www.tktranslate.pl\/oferta\/podatek-z-zagranicy\/austria\/","og_site_name":"TKTRANSLATE Biuro T\u0142umacze\u0144 Krosno","article_modified_time":"2023-10-30T11:58:45+00:00","og_image":[{"url":"https:\/\/www.tktranslate.pl\/wp-content\/uploads\/elementor\/thumbs\/tk-translate-podatki-austria-qb8kk3gt4nxwan41u0shsjog5yi48kzx84lvvji9kw.png","type":"","width":"","height":""}],"twitter_card":"summary_large_image","twitter_misc":{"Gesch\u00e4tzte Lesezeit":"1\u00a0Minute"},"schema":{"@context":"https:\/\/schema.org","@graph":[{"@type":"WebPage","@id":"https:\/\/www.tktranslate.pl\/oferta\/podatek-z-zagranicy\/austria\/","url":"https:\/\/www.tktranslate.pl\/oferta\/podatek-z-zagranicy\/austria\/","name":"\u00d6sterreich - TKTRANSLATE Biuro T\u0142umacze\u0144 Krosno","isPartOf":{"@id":"https:\/\/www.tktranslate.pl\/#website"},"primaryImageOfPage":{"@id":"https:\/\/www.tktranslate.pl\/oferta\/podatek-z-zagranicy\/austria\/#primaryimage"},"image":{"@id":"https:\/\/www.tktranslate.pl\/oferta\/podatek-z-zagranicy\/austria\/#primaryimage"},"thumbnailUrl":"https:\/\/www.tktranslate.pl\/wp-content\/uploads\/elementor\/thumbs\/tk-translate-podatki-austria-qb8kk3gt4nxwan41u0shsjog5yi48kzx84lvvji9kw.png","datePublished":"2023-06-21T15:03:46+00:00","dateModified":"2023-10-30T11:58:45+00:00","breadcrumb":{"@id":"https:\/\/www.tktranslate.pl\/oferta\/podatek-z-zagranicy\/austria\/#breadcrumb"},"inLanguage":"de","potentialAction":[{"@type":"ReadAction","target":["https:\/\/www.tktranslate.pl\/oferta\/podatek-z-zagranicy\/austria\/"]}]},{"@type":"ImageObject","inLanguage":"de","@id":"https:\/\/www.tktranslate.pl\/oferta\/podatek-z-zagranicy\/austria\/#primaryimage","url":"https:\/\/www.tktranslate.pl\/wp-content\/uploads\/elementor\/thumbs\/tk-translate-podatki-austria-qb8kk3gt4nxwan41u0shsjog5yi48kzx84lvvji9kw.png","contentUrl":"https:\/\/www.tktranslate.pl\/wp-content\/uploads\/elementor\/thumbs\/tk-translate-podatki-austria-qb8kk3gt4nxwan41u0shsjog5yi48kzx84lvvji9kw.png"},{"@type":"BreadcrumbList","@id":"https:\/\/www.tktranslate.pl\/oferta\/podatek-z-zagranicy\/austria\/#breadcrumb","itemListElement":[{"@type":"ListItem","position":1,"name":"Strona g\u0142\u00f3wna","item":"https:\/\/www.tktranslate.pl\/"},{"@type":"ListItem","position":2,"name":"Angebot","item":"https:\/\/www.tktranslate.pl\/oferta\/"},{"@type":"ListItem","position":3,"name":"Ausl\u00e4ndische Steuererkl\u00e4rung","item":"https:\/\/www.tktranslate.pl\/oferta\/podatek-z-zagranicy\/"},{"@type":"ListItem","position":4,"name":"\u00d6sterreich"}]},{"@type":"WebSite","@id":"https:\/\/www.tktranslate.pl\/#website","url":"https:\/\/www.tktranslate.pl\/","name":"TKTRANSLATE Biuro T\u0142umacze\u0144 Krosno","description":"Profesjonalne biuro t\u0142umacze\u0144","publisher":{"@id":"https:\/\/www.tktranslate.pl\/#organization"},"potentialAction":[{"@type":"SearchAction","target":{"@type":"EntryPoint","urlTemplate":"https:\/\/www.tktranslate.pl\/?s={search_term_string}"},"query-input":{"@type":"PropertyValueSpecification","valueRequired":true,"valueName":"search_term_string"}}],"inLanguage":"de"},{"@type":"Organization","@id":"https:\/\/www.tktranslate.pl\/#organization","name":"TKTRANSLATE Biuro T\u0142umacze\u0144 Krosno","url":"https:\/\/www.tktranslate.pl\/","logo":{"@type":"ImageObject","inLanguage":"de","@id":"https:\/\/www.tktranslate.pl\/#\/schema\/logo\/image\/","url":"https:\/\/www.tktranslate.pl\/wp-content\/uploads\/2023\/07\/tr-trnslate-logo-no-bg.png","contentUrl":"https:\/\/www.tktranslate.pl\/wp-content\/uploads\/2023\/07\/tr-trnslate-logo-no-bg.png","width":600,"height":108,"caption":"TKTRANSLATE Biuro T\u0142umacze\u0144 Krosno"},"image":{"@id":"https:\/\/www.tktranslate.pl\/#\/schema\/logo\/image\/"}}]}},"_links":{"self":[{"href":"https:\/\/www.tktranslate.pl\/de\/wp-json\/wp\/v2\/pages\/11867","targetHints":{"allow":["GET"]}}],"collection":[{"href":"https:\/\/www.tktranslate.pl\/de\/wp-json\/wp\/v2\/pages"}],"about":[{"href":"https:\/\/www.tktranslate.pl\/de\/wp-json\/wp\/v2\/types\/page"}],"author":[{"embeddable":true,"href":"https:\/\/www.tktranslate.pl\/de\/wp-json\/wp\/v2\/users\/1"}],"replies":[{"embeddable":true,"href":"https:\/\/www.tktranslate.pl\/de\/wp-json\/wp\/v2\/comments?post=11867"}],"version-history":[{"count":4,"href":"https:\/\/www.tktranslate.pl\/de\/wp-json\/wp\/v2\/pages\/11867\/revisions"}],"predecessor-version":[{"id":11879,"href":"https:\/\/www.tktranslate.pl\/de\/wp-json\/wp\/v2\/pages\/11867\/revisions\/11879"}],"up":[{"embeddable":true,"href":"https:\/\/www.tktranslate.pl\/de\/wp-json\/wp\/v2\/pages\/11843"}],"wp:attachment":[{"href":"https:\/\/www.tktranslate.pl\/de\/wp-json\/wp\/v2\/media?parent=11867"}],"curies":[{"name":"wp","href":"https:\/\/api.w.org\/{rel}","templated":true}]}}