{"id":11851,"date":"2023-06-21T17:03:07","date_gmt":"2023-06-21T15:03:07","guid":{"rendered":"https:\/\/www.tktranslate.pl\/angebot\/auslandische-steuererklarung\/niemcy\/"},"modified":"2023-10-30T12:52:57","modified_gmt":"2023-10-30T11:52:57","slug":"deutschland","status":"publish","type":"page","link":"https:\/\/www.tktranslate.pl\/de\/angebot\/auslandische-steuererklarung\/deutschland\/","title":{"rendered":"Deutschland"},"content":{"rendered":"\t\t<div data-elementor-type=\"wp-page\" data-elementor-id=\"11851\" class=\"elementor elementor-11851\">\n\t\t\t\t\t\t<section class=\" elementor-section elementor-top-section elementor-element elementor-element-2e41c98 elementor-section-content-middle elementor-section-boxed elementor-section-height-default elementor-section-height-default smart-sticky-default\" data-id=\"2e41c98\" data-element_type=\"section\" data-e-type=\"section\">\r\n\t\t\t\t\t\t\t\t<div class=\"elementor-container container-fluid elementor-column-gap-default\">\r\n\t\t\t\t\r\n\t\t\t\t\t\t\t\t<div class=\" elementor-column elementor-col-50 elementor-top-column elementor-element elementor-element-b94de49 elementor-hidden-mobile \" data-id=\"b94de49\" data-element_type=\"column\" data-e-type=\"column\">\r\n\r\n\t\t\t\t\r\n\t\t\t\t<div class=\"elementor-widget-wrap elementor-element-populated\">\r\n\t\t\t\t\t\t\t\t\t\t\r\n\t\t\t\t\t\t<div class=\"elementor-element elementor-element-55413c6 elementor-widget elementor-widget-image\" data-id=\"55413c6\" data-element_type=\"widget\" data-e-type=\"widget\" data-widget_type=\"image.default\">\n\t\t\t\t<div class=\"elementor-widget-container\">\n\t\t\t\t\t\t\t\t\t\t\t\t\t\t\t<img fetchpriority=\"high\" decoding=\"async\" width=\"680\" height=\"454\" src=\"https:\/\/www.tktranslate.pl\/wp-content\/uploads\/2023\/07\/tk-translate-podatek-niemcy.jpg\" class=\"attachment-full size-full wp-image-10528\" alt=\"\" \/>\t\t\t\t\t\t\t\t\t\t\t\t\t\t\t<\/div>\n\t\t\t\t<\/div>\n\t\t\t\t\t\t<\/div>\r\n\t\t\t\t<\/div>\r\n\t\t\t\t\t\t\t\t\t<div class=\" elementor-column elementor-col-50 elementor-top-column elementor-element elementor-element-d5607ec \" data-id=\"d5607ec\" data-element_type=\"column\" data-e-type=\"column\">\r\n\r\n\t\t\t\t\r\n\t\t\t\t<div class=\"elementor-widget-wrap elementor-element-populated\">\r\n\t\t\t\t\t\t\t\t\t\t\r\n\t\t\t\t\t\t<section class=\" elementor-section elementor-inner-section elementor-element elementor-element-afe3484 elementor-section-boxed elementor-section-height-default elementor-section-height-default smart-sticky-default\" data-id=\"afe3484\" data-element_type=\"section\" data-e-type=\"section\">\r\n\t\t\t\t\t\t\t\t<div class=\"elementor-container elementor-column-gap-default\">\r\n\t\t\t\t\r\n\t\t\t\t\t\t\t\t<div class=\" elementor-column elementor-col-100 elementor-inner-column elementor-element elementor-element-7b410de \" data-id=\"7b410de\" data-element_type=\"column\" data-e-type=\"column\">\r\n\r\n\t\t\t\t\r\n\t\t\t\t<div class=\"elementor-widget-wrap elementor-element-populated\">\r\n\t\t\t\t\t\t\t\t\t\t\r\n\t\t\t\t\t\t<div class=\"elementor-element elementor-element-83ec898 elementor-widget elementor-widget-text-editor\" data-id=\"83ec898\" data-element_type=\"widget\" data-e-type=\"widget\" data-widget_type=\"text-editor.default\">\n\t\t\t\t<div class=\"elementor-widget-container\">\n\t\t\t\t\t\t\t\t\t<p><strong>Wenn Sie legal in Deutschland als Angestellter oder Einzelunternehmen arbeiten oder gearbeitet haben, m\u00f6chten Sie m\u00f6glicherweise zu viel gezahlte Steuern zur\u00fcckerhalten. In den meisten F\u00e4llen ist die Abgabe von Steuererkl\u00e4rung in Deutschland nicht pflichtig, lohnt sich jedoch, wenn Sie eine Steuerr\u00fcckerstattung bekommen m\u00f6chten. Sie haben jedes Recht dazu! Erfahren Sie, wie Sie zu viel gezahlte Steuern zur\u00fcckfordern k\u00f6nnen und wie wir Ihnen dabei helfen kann.<\/strong><\/p>\t\t\t\t\t\t\t\t<\/div>\n\t\t\t\t<\/div>\n\t\t\t\t\t\t<\/div>\r\n\t\t\t\t<\/div>\r\n\t\t\t\t\t\t\t\t<\/div>\r\n\t\t\t<\/section>\r\n\t\t\t\t\t\t\t<\/div>\r\n\t\t\t\t<\/div>\r\n\t\t\t\t\t\t\t\t<\/div>\r\n\t\t\t<\/section>\r\n\t\t\t\t\t<section class=\" elementor-section elementor-top-section elementor-element elementor-element-a438b55 elementor-section-content-middle elementor-section-boxed elementor-section-height-default elementor-section-height-default smart-sticky-default\" data-id=\"a438b55\" data-element_type=\"section\" data-e-type=\"section\">\r\n\t\t\t\t\t\t\t\t<div class=\"elementor-container container-fluid elementor-column-gap-default\">\r\n\t\t\t\t\r\n\t\t\t\t\t\t\t\t<div class=\" elementor-column elementor-col-100 elementor-top-column elementor-element elementor-element-31ed4b8 \" data-id=\"31ed4b8\" data-element_type=\"column\" data-e-type=\"column\">\r\n\r\n\t\t\t\t\r\n\t\t\t\t<div class=\"elementor-widget-wrap elementor-element-populated\">\r\n\t\t\t\t\t\t\t\t\t\t\r\n\t\t\t\t\t\t<div class=\"elementor-element elementor-element-7e1a4ea elementor-widget elementor-widget-text-editor\" data-id=\"7e1a4ea\" data-element_type=\"widget\" data-e-type=\"widget\" data-widget_type=\"text-editor.default\">\n\t\t\t\t<div class=\"elementor-widget-container\">\n\t\t\t\t\t\t\t\t\t<p>Unser B\u00fcro k\u00fcmmert sich professionell um die Abwicklung von Steuern aus Deutschland, aber auch aus anderen europ\u00e4ischen L\u00e4ndern, in denen Polen arbeiten. Wir haben Erfahrung darin, das gesamte Verfahren erfolgreich abzuschlie\u00dfen. Gerne \u00fcbernehmen wir f\u00fcr Sie die Erledigung s\u00e4mtlicher Formalit\u00e4ten. Sie m\u00fcssen uns lediglich die notwendigen Unterlagen zur Verf\u00fcgung stellen und wir k\u00fcmmern uns um den Rest. Wir erstellen f\u00fcr Sie eine kostenlose Berechnung Ihrer Steuererstattung. Das bedeutet, dass Sie zu Beginn der Zusammenarbeit wissen, wie hoch der R\u00fcckerstattungsbetrag ist und ob es sich lohnt, das Geld zu beantragen.<\/p><p>Wir wissen, wie frustrierend offizielle Formalit\u00e4ten sein k\u00f6nnen und wie effektiv sie Menschen davon abhalten k\u00f6nnen, ihre Steuern selbst zu begleichen. Deshalb haben wir unser Angebot zur Unterst\u00fctzung unserer Kunden in diesem Bereich erweitert. Wir helfen Ihnen unabh\u00e4ngig davon, ob Ihre deutsche Steuererkl\u00e4rung individuell oder gemeinsam mit Ihrem Ehegatten erfolgt. Sie m\u00fcssen lediglich die von uns erstellte Erkl\u00e4rung unterschreiben und an das zust\u00e4ndige deutsche Finanzamt senden.<\/p><p>Sie k\u00f6nnen uns Dokumente elektronisch zusenden oder unser B\u00fcro in Krosno\/Polen besuchen.<\/p>\t\t\t\t\t\t\t\t<\/div>\n\t\t\t\t<\/div>\n\t\t\t\t\t\t<\/div>\r\n\t\t\t\t<\/div>\r\n\t\t\t\t\t\t\t\t<\/div>\r\n\t\t\t<\/section>\r\n\t\t\t\t\t<section class=\" elementor-section elementor-top-section elementor-element elementor-element-a5ed042 elementor-section-boxed elementor-section-height-default elementor-section-height-default smart-sticky-default\" data-id=\"a5ed042\" data-element_type=\"section\" data-e-type=\"section\">\r\n\t\t\t\t\t\t\t\t<div class=\"elementor-container elementor-column-gap-default\">\r\n\t\t\t\t\r\n\t\t\t\t\t\t\t\t<div class=\" elementor-column elementor-col-100 elementor-top-column elementor-element elementor-element-104dc89 \" data-id=\"104dc89\" data-element_type=\"column\" data-e-type=\"column\">\r\n\r\n\t\t\t\t\r\n\t\t\t\t<div class=\"elementor-widget-wrap elementor-element-populated\">\r\n\t\t\t\t\t\t\t\t\t\t\r\n\t\t\t\t\t\t<div class=\"elementor-element elementor-element-a13a3ca elementor-widget elementor-widget-udesign_widget_heading\" data-id=\"a13a3ca\" data-element_type=\"widget\" data-e-type=\"widget\" data-widget_type=\"udesign_widget_heading.default\">\n\t\t\t\t<div class=\"elementor-widget-container\">\n\t\t\t\t\t<div class=\"title-wrapper  title-left\"><h2 class=\"title elementor-heading-title\">Warum lohnt es sich, uns Ihre deutsche Steuererkl\u00e4rung anzuvertrauen?<\/h2><\/div>\t\t\t\t<\/div>\n\t\t\t\t<\/div>\n\t\t\t\t<div class=\"elementor-element elementor-element-8e77062 elementor-widget elementor-widget-udesign_widget_iconbox\" data-id=\"8e77062\" data-element_type=\"widget\" data-e-type=\"widget\" data-widget_type=\"udesign_widget_iconbox.default\">\n\t\t\t\t<div class=\"elementor-widget-container\">\n\t\t\t\t\t<div class=\"icon-box icon-box-side position-left icon-framed shape-circle\"><div class=\"icon-box-feature\"><i class=\"  u-icon-check\"><\/i><\/div><div class=\"icon-box-content\"><p class=\"icon-box-desc\">Wir berechnen keine prozentuale Provision \u2013 die Kosten f\u00fcr die Erstellung einer Lohnsteuererkl\u00e4rung betragen einen Fixbetrag, unabh\u00e4ngig von der H\u00f6he der erhaltenen Steuerr\u00fcckerstattung. Bei der n\u00e4chsten Steuererkl\u00e4rung bei und erhalten Sie attraktive Rabatte, darunter: 50 PLN Rabatt auf Ihre n\u00e4chste Steuererkl\u00e4rung in unserem B\u00fcro.<\/p><\/div><\/div>\t\t\t\t<\/div>\n\t\t\t\t<\/div>\n\t\t\t\t<div class=\"elementor-element elementor-element-fefda95 elementor-widget elementor-widget-udesign_widget_iconbox\" data-id=\"fefda95\" data-element_type=\"widget\" data-e-type=\"widget\" data-widget_type=\"udesign_widget_iconbox.default\">\n\t\t\t\t<div class=\"elementor-widget-container\">\n\t\t\t\t\t<div class=\"icon-box icon-box-side position-left icon-framed shape-circle\"><div class=\"icon-box-feature\"><i class=\"  u-icon-check\"><\/i><\/div><div class=\"icon-box-content\"><p class=\"icon-box-desc\">Wir verf\u00fcgen \u00fcber erfahrene und spezialisierte Mitarbeiter in diesem Bereich, was sich sowohl auf die h\u00f6chste Qualit\u00e4t der von uns erbrachten Dienstleistungen als auch auf die Freundlichkeit im Kontakt mit dem Kunden auswirkt.<\/p><\/div><\/div>\t\t\t\t<\/div>\n\t\t\t\t<\/div>\n\t\t\t\t<div class=\"elementor-element elementor-element-9eb9276 elementor-widget elementor-widget-udesign_widget_iconbox\" data-id=\"9eb9276\" data-element_type=\"widget\" data-e-type=\"widget\" data-widget_type=\"udesign_widget_iconbox.default\">\n\t\t\t\t<div class=\"elementor-widget-container\">\n\t\t\t\t\t<div class=\"icon-box icon-box-side position-left icon-framed shape-circle\"><div class=\"icon-box-feature\"><i class=\"  u-icon-check\"><\/i><\/div><div class=\"icon-box-content\"><p class=\"icon-box-desc\">S\u00e4mtliche Formalit\u00e4ten k\u00f6nnen pers\u00f6nlich in unserem B\u00fcro in Krosno\/Polen oder elektronisch erledigt werden, sodass jeder unsere Dienstleistungen unabh\u00e4ngig von seinem Wohnort nutzen kann, ohne das Haus verlassen zu m\u00fcssen.<\/p><\/div><\/div>\t\t\t\t<\/div>\n\t\t\t\t<\/div>\n\t\t\t\t<div class=\"elementor-element elementor-element-22bcf03 elementor-widget elementor-widget-udesign_widget_iconbox\" data-id=\"22bcf03\" data-element_type=\"widget\" data-e-type=\"widget\" data-widget_type=\"udesign_widget_iconbox.default\">\n\t\t\t\t<div class=\"elementor-widget-container\">\n\t\t\t\t\t<div class=\"icon-box icon-box-side position-left icon-framed shape-circle\"><div class=\"icon-box-feature\"><i class=\"  u-icon-check\"><\/i><\/div><div class=\"icon-box-content\"><p class=\"icon-box-desc\">Wir stehen unseren Mandanten w\u00e4hrend des gesamten deutschen Steuerabwicklungsprozesses zur Verf\u00fcgung, informieren sie \u00fcber den Fortschritt und beantworten alle Zweifel und Fragen.<\/p><\/div><\/div>\t\t\t\t<\/div>\n\t\t\t\t<\/div>\n\t\t\t\t<div class=\"elementor-element elementor-element-2d7f54e elementor-widget elementor-widget-text-editor\" data-id=\"2d7f54e\" data-element_type=\"widget\" data-e-type=\"widget\" data-widget_type=\"text-editor.default\">\n\t\t\t\t<div class=\"elementor-widget-container\">\n\t\t\t\t\t\t\t\t\tNachfolgend finden Sie eine Liste der erforderlichen Unterlagen f\u00fcr die Beantragung einer Steuerr\u00fcckerstattung aus Deutschland &#8211; <strong><a title=\"Steuererkl\u00e4rung in Deutschland Erforderliche Unterlagen\" href=\"\/wp-content\/uploads\/2023\/06\/Podatek-Niemcy-dokumenty-i-formularz-o-dochodach_1.pdf\">Steuererkl\u00e4rung in Deutschland Erforderliche Unterlagen<\/a><\/strong>\t\t\t\t\t\t\t\t<\/div>\n\t\t\t\t<\/div>\n\t\t\t\t\t\t<\/div>\r\n\t\t\t\t<\/div>\r\n\t\t\t\t\t\t\t\t<\/div>\r\n\t\t\t<\/section>\r\n\t\t\t\t\t<\/div>\n\t\t","protected":false},"excerpt":{"rendered":"<p>Wenn Sie legal in Deutschland als Angestellter oder Einzelunternehmen arbeiten oder gearbeitet haben, m\u00f6chten Sie m\u00f6glicherweise zu viel gezahlte Steuern [&hellip;]<\/p>\n","protected":false},"author":1,"featured_media":0,"parent":11843,"menu_order":0,"comment_status":"closed","ping_status":"closed","template":"","meta":{"_acf_changed":false,"footnotes":""},"class_list":["post-11851","page","type-page","status-publish","hentry"],"acf":[],"yoast_head":"<!-- This site is optimized with the Yoast SEO plugin v26.9 - https:\/\/yoast.com\/product\/yoast-seo-wordpress\/ -->\n<title>Deutschland - TKTRANSLATE Biuro T\u0142umacze\u0144 Krosno<\/title>\n<meta name=\"robots\" content=\"index, follow, max-snippet:-1, max-image-preview:large, max-video-preview:-1\" \/>\n<link rel=\"canonical\" href=\"https:\/\/www.tktranslate.pl\/oferta\/podatek-z-zagranicy\/niemcy\/\" \/>\n<meta property=\"og:locale\" content=\"de_DE\" \/>\n<meta property=\"og:type\" content=\"article\" \/>\n<meta property=\"og:title\" content=\"Deutschland - TKTRANSLATE Biuro T\u0142umacze\u0144 Krosno\" \/>\n<meta property=\"og:description\" content=\"Wenn Sie legal in Deutschland als Angestellter oder Einzelunternehmen arbeiten oder gearbeitet haben, m\u00f6chten Sie m\u00f6glicherweise zu viel gezahlte Steuern [&hellip;]\" \/>\n<meta property=\"og:url\" content=\"https:\/\/www.tktranslate.pl\/oferta\/podatek-z-zagranicy\/niemcy\/\" \/>\n<meta property=\"og:site_name\" content=\"TKTRANSLATE Biuro T\u0142umacze\u0144 Krosno\" \/>\n<meta property=\"article:modified_time\" content=\"2023-10-30T11:52:57+00:00\" \/>\n<meta property=\"og:image\" content=\"https:\/\/www.tktranslate.pl\/wp-content\/uploads\/2023\/07\/tk-translate-podatek-niemcy.jpg\" \/>\n<meta name=\"twitter:card\" content=\"summary_large_image\" \/>\n<meta name=\"twitter:label1\" content=\"Gesch\u00e4tzte Lesezeit\" \/>\n\t<meta name=\"twitter:data1\" content=\"3\u00a0Minuten\" \/>\n<script type=\"application\/ld+json\" class=\"yoast-schema-graph\">{\"@context\":\"https:\/\/schema.org\",\"@graph\":[{\"@type\":\"WebPage\",\"@id\":\"https:\/\/www.tktranslate.pl\/oferta\/podatek-z-zagranicy\/niemcy\/\",\"url\":\"https:\/\/www.tktranslate.pl\/oferta\/podatek-z-zagranicy\/niemcy\/\",\"name\":\"Deutschland - TKTRANSLATE Biuro T\u0142umacze\u0144 Krosno\",\"isPartOf\":{\"@id\":\"https:\/\/www.tktranslate.pl\/#website\"},\"primaryImageOfPage\":{\"@id\":\"https:\/\/www.tktranslate.pl\/oferta\/podatek-z-zagranicy\/niemcy\/#primaryimage\"},\"image\":{\"@id\":\"https:\/\/www.tktranslate.pl\/oferta\/podatek-z-zagranicy\/niemcy\/#primaryimage\"},\"thumbnailUrl\":\"https:\/\/www.tktranslate.pl\/wp-content\/uploads\/2023\/07\/tk-translate-podatek-niemcy.jpg\",\"datePublished\":\"2023-06-21T15:03:07+00:00\",\"dateModified\":\"2023-10-30T11:52:57+00:00\",\"breadcrumb\":{\"@id\":\"https:\/\/www.tktranslate.pl\/oferta\/podatek-z-zagranicy\/niemcy\/#breadcrumb\"},\"inLanguage\":\"de\",\"potentialAction\":[{\"@type\":\"ReadAction\",\"target\":[\"https:\/\/www.tktranslate.pl\/oferta\/podatek-z-zagranicy\/niemcy\/\"]}]},{\"@type\":\"ImageObject\",\"inLanguage\":\"de\",\"@id\":\"https:\/\/www.tktranslate.pl\/oferta\/podatek-z-zagranicy\/niemcy\/#primaryimage\",\"url\":\"https:\/\/www.tktranslate.pl\/wp-content\/uploads\/2023\/07\/tk-translate-podatek-niemcy.jpg\",\"contentUrl\":\"https:\/\/www.tktranslate.pl\/wp-content\/uploads\/2023\/07\/tk-translate-podatek-niemcy.jpg\"},{\"@type\":\"BreadcrumbList\",\"@id\":\"https:\/\/www.tktranslate.pl\/oferta\/podatek-z-zagranicy\/niemcy\/#breadcrumb\",\"itemListElement\":[{\"@type\":\"ListItem\",\"position\":1,\"name\":\"Strona g\u0142\u00f3wna\",\"item\":\"https:\/\/www.tktranslate.pl\/\"},{\"@type\":\"ListItem\",\"position\":2,\"name\":\"Angebot\",\"item\":\"https:\/\/www.tktranslate.pl\/oferta\/\"},{\"@type\":\"ListItem\",\"position\":3,\"name\":\"Ausl\u00e4ndische Steuererkl\u00e4rung\",\"item\":\"https:\/\/www.tktranslate.pl\/oferta\/podatek-z-zagranicy\/\"},{\"@type\":\"ListItem\",\"position\":4,\"name\":\"Deutschland\"}]},{\"@type\":\"WebSite\",\"@id\":\"https:\/\/www.tktranslate.pl\/#website\",\"url\":\"https:\/\/www.tktranslate.pl\/\",\"name\":\"TKTRANSLATE Biuro T\u0142umacze\u0144 Krosno\",\"description\":\"Profesjonalne biuro t\u0142umacze\u0144\",\"publisher\":{\"@id\":\"https:\/\/www.tktranslate.pl\/#organization\"},\"potentialAction\":[{\"@type\":\"SearchAction\",\"target\":{\"@type\":\"EntryPoint\",\"urlTemplate\":\"https:\/\/www.tktranslate.pl\/?s={search_term_string}\"},\"query-input\":{\"@type\":\"PropertyValueSpecification\",\"valueRequired\":true,\"valueName\":\"search_term_string\"}}],\"inLanguage\":\"de\"},{\"@type\":\"Organization\",\"@id\":\"https:\/\/www.tktranslate.pl\/#organization\",\"name\":\"TKTRANSLATE Biuro T\u0142umacze\u0144 Krosno\",\"url\":\"https:\/\/www.tktranslate.pl\/\",\"logo\":{\"@type\":\"ImageObject\",\"inLanguage\":\"de\",\"@id\":\"https:\/\/www.tktranslate.pl\/#\/schema\/logo\/image\/\",\"url\":\"https:\/\/www.tktranslate.pl\/wp-content\/uploads\/2023\/07\/tr-trnslate-logo-no-bg.png\",\"contentUrl\":\"https:\/\/www.tktranslate.pl\/wp-content\/uploads\/2023\/07\/tr-trnslate-logo-no-bg.png\",\"width\":600,\"height\":108,\"caption\":\"TKTRANSLATE Biuro T\u0142umacze\u0144 Krosno\"},\"image\":{\"@id\":\"https:\/\/www.tktranslate.pl\/#\/schema\/logo\/image\/\"}}]}<\/script>\n<!-- \/ Yoast SEO plugin. -->","yoast_head_json":{"title":"Deutschland - TKTRANSLATE Biuro T\u0142umacze\u0144 Krosno","robots":{"index":"index","follow":"follow","max-snippet":"max-snippet:-1","max-image-preview":"max-image-preview:large","max-video-preview":"max-video-preview:-1"},"canonical":"https:\/\/www.tktranslate.pl\/oferta\/podatek-z-zagranicy\/niemcy\/","og_locale":"de_DE","og_type":"article","og_title":"Deutschland - TKTRANSLATE Biuro T\u0142umacze\u0144 Krosno","og_description":"Wenn Sie legal in Deutschland als Angestellter oder Einzelunternehmen arbeiten oder gearbeitet haben, m\u00f6chten Sie m\u00f6glicherweise zu viel gezahlte Steuern [&hellip;]","og_url":"https:\/\/www.tktranslate.pl\/oferta\/podatek-z-zagranicy\/niemcy\/","og_site_name":"TKTRANSLATE Biuro T\u0142umacze\u0144 Krosno","article_modified_time":"2023-10-30T11:52:57+00:00","og_image":[{"url":"https:\/\/www.tktranslate.pl\/wp-content\/uploads\/2023\/07\/tk-translate-podatek-niemcy.jpg","type":"","width":"","height":""}],"twitter_card":"summary_large_image","twitter_misc":{"Gesch\u00e4tzte Lesezeit":"3\u00a0Minuten"},"schema":{"@context":"https:\/\/schema.org","@graph":[{"@type":"WebPage","@id":"https:\/\/www.tktranslate.pl\/oferta\/podatek-z-zagranicy\/niemcy\/","url":"https:\/\/www.tktranslate.pl\/oferta\/podatek-z-zagranicy\/niemcy\/","name":"Deutschland - TKTRANSLATE Biuro T\u0142umacze\u0144 Krosno","isPartOf":{"@id":"https:\/\/www.tktranslate.pl\/#website"},"primaryImageOfPage":{"@id":"https:\/\/www.tktranslate.pl\/oferta\/podatek-z-zagranicy\/niemcy\/#primaryimage"},"image":{"@id":"https:\/\/www.tktranslate.pl\/oferta\/podatek-z-zagranicy\/niemcy\/#primaryimage"},"thumbnailUrl":"https:\/\/www.tktranslate.pl\/wp-content\/uploads\/2023\/07\/tk-translate-podatek-niemcy.jpg","datePublished":"2023-06-21T15:03:07+00:00","dateModified":"2023-10-30T11:52:57+00:00","breadcrumb":{"@id":"https:\/\/www.tktranslate.pl\/oferta\/podatek-z-zagranicy\/niemcy\/#breadcrumb"},"inLanguage":"de","potentialAction":[{"@type":"ReadAction","target":["https:\/\/www.tktranslate.pl\/oferta\/podatek-z-zagranicy\/niemcy\/"]}]},{"@type":"ImageObject","inLanguage":"de","@id":"https:\/\/www.tktranslate.pl\/oferta\/podatek-z-zagranicy\/niemcy\/#primaryimage","url":"https:\/\/www.tktranslate.pl\/wp-content\/uploads\/2023\/07\/tk-translate-podatek-niemcy.jpg","contentUrl":"https:\/\/www.tktranslate.pl\/wp-content\/uploads\/2023\/07\/tk-translate-podatek-niemcy.jpg"},{"@type":"BreadcrumbList","@id":"https:\/\/www.tktranslate.pl\/oferta\/podatek-z-zagranicy\/niemcy\/#breadcrumb","itemListElement":[{"@type":"ListItem","position":1,"name":"Strona g\u0142\u00f3wna","item":"https:\/\/www.tktranslate.pl\/"},{"@type":"ListItem","position":2,"name":"Angebot","item":"https:\/\/www.tktranslate.pl\/oferta\/"},{"@type":"ListItem","position":3,"name":"Ausl\u00e4ndische Steuererkl\u00e4rung","item":"https:\/\/www.tktranslate.pl\/oferta\/podatek-z-zagranicy\/"},{"@type":"ListItem","position":4,"name":"Deutschland"}]},{"@type":"WebSite","@id":"https:\/\/www.tktranslate.pl\/#website","url":"https:\/\/www.tktranslate.pl\/","name":"TKTRANSLATE Biuro T\u0142umacze\u0144 Krosno","description":"Profesjonalne biuro t\u0142umacze\u0144","publisher":{"@id":"https:\/\/www.tktranslate.pl\/#organization"},"potentialAction":[{"@type":"SearchAction","target":{"@type":"EntryPoint","urlTemplate":"https:\/\/www.tktranslate.pl\/?s={search_term_string}"},"query-input":{"@type":"PropertyValueSpecification","valueRequired":true,"valueName":"search_term_string"}}],"inLanguage":"de"},{"@type":"Organization","@id":"https:\/\/www.tktranslate.pl\/#organization","name":"TKTRANSLATE Biuro T\u0142umacze\u0144 Krosno","url":"https:\/\/www.tktranslate.pl\/","logo":{"@type":"ImageObject","inLanguage":"de","@id":"https:\/\/www.tktranslate.pl\/#\/schema\/logo\/image\/","url":"https:\/\/www.tktranslate.pl\/wp-content\/uploads\/2023\/07\/tr-trnslate-logo-no-bg.png","contentUrl":"https:\/\/www.tktranslate.pl\/wp-content\/uploads\/2023\/07\/tr-trnslate-logo-no-bg.png","width":600,"height":108,"caption":"TKTRANSLATE Biuro T\u0142umacze\u0144 Krosno"},"image":{"@id":"https:\/\/www.tktranslate.pl\/#\/schema\/logo\/image\/"}}]}},"_links":{"self":[{"href":"https:\/\/www.tktranslate.pl\/de\/wp-json\/wp\/v2\/pages\/11851","targetHints":{"allow":["GET"]}}],"collection":[{"href":"https:\/\/www.tktranslate.pl\/de\/wp-json\/wp\/v2\/pages"}],"about":[{"href":"https:\/\/www.tktranslate.pl\/de\/wp-json\/wp\/v2\/types\/page"}],"author":[{"embeddable":true,"href":"https:\/\/www.tktranslate.pl\/de\/wp-json\/wp\/v2\/users\/1"}],"replies":[{"embeddable":true,"href":"https:\/\/www.tktranslate.pl\/de\/wp-json\/wp\/v2\/comments?post=11851"}],"version-history":[{"count":4,"href":"https:\/\/www.tktranslate.pl\/de\/wp-json\/wp\/v2\/pages\/11851\/revisions"}],"predecessor-version":[{"id":11864,"href":"https:\/\/www.tktranslate.pl\/de\/wp-json\/wp\/v2\/pages\/11851\/revisions\/11864"}],"up":[{"embeddable":true,"href":"https:\/\/www.tktranslate.pl\/de\/wp-json\/wp\/v2\/pages\/11843"}],"wp:attachment":[{"href":"https:\/\/www.tktranslate.pl\/de\/wp-json\/wp\/v2\/media?parent=11851"}],"curies":[{"name":"wp","href":"https:\/\/api.w.org\/{rel}","templated":true}]}}