{"id":11805,"date":"2023-06-22T18:37:55","date_gmt":"2023-06-22T16:37:55","guid":{"rendered":"https:\/\/www.tktranslate.pl\/angebot\/tlumaczenie-dokumentow\/"},"modified":"2023-10-30T12:40:42","modified_gmt":"2023-10-30T11:40:42","slug":"ubersetzung-von-dokumenten","status":"publish","type":"page","link":"https:\/\/www.tktranslate.pl\/de\/angebot\/ubersetzung-von-dokumenten\/","title":{"rendered":"Professionelle \u00dcbersetzung von Dokumenten"},"content":{"rendered":"\t\t<div data-elementor-type=\"wp-page\" data-elementor-id=\"11805\" class=\"elementor elementor-11805\">\n\t\t\t\t\t\t<section class=\" elementor-section elementor-top-section elementor-element elementor-element-2e41c98 elementor-section-content-middle elementor-section-boxed elementor-section-height-default elementor-section-height-default smart-sticky-default\" data-id=\"2e41c98\" data-element_type=\"section\" data-e-type=\"section\">\r\n\t\t\t\t\t\t\t\t<div class=\"elementor-container container-fluid elementor-column-gap-default\">\r\n\t\t\t\t\r\n\t\t\t\t\t\t\t\t<div class=\" elementor-column elementor-col-50 elementor-top-column elementor-element elementor-element-b94de49 elementor-hidden-mobile \" data-id=\"b94de49\" data-element_type=\"column\" data-e-type=\"column\">\r\n\r\n\t\t\t\t\r\n\t\t\t\t<div class=\"elementor-widget-wrap elementor-element-populated\">\r\n\t\t\t\t\t\t\t\t\t\t\r\n\t\t\t\t\t\t<div class=\"elementor-element elementor-element-55413c6 elementor-widget elementor-widget-image\" data-id=\"55413c6\" data-element_type=\"widget\" data-e-type=\"widget\" data-widget_type=\"image.default\">\n\t\t\t\t<div class=\"elementor-widget-container\">\n\t\t\t\t\t\t\t\t\t\t\t\t\t\t\t<img fetchpriority=\"high\" decoding=\"async\" width=\"1024\" height=\"680\" src=\"https:\/\/www.tktranslate.pl\/wp-content\/uploads\/2023\/06\/tk-translate-25.jpg\" class=\"attachment-full size-full wp-image-9321\" alt=\"\" srcset=\"https:\/\/www.tktranslate.pl\/wp-content\/uploads\/2023\/06\/tk-translate-25.jpg 1024w, https:\/\/www.tktranslate.pl\/wp-content\/uploads\/2023\/06\/tk-translate-25-768x510.jpg 768w\" sizes=\"(max-width: 1024px) 100vw, 1024px\" \/>\t\t\t\t\t\t\t\t\t\t\t\t\t\t\t<\/div>\n\t\t\t\t<\/div>\n\t\t\t\t\t\t<\/div>\r\n\t\t\t\t<\/div>\r\n\t\t\t\t\t\t\t\t\t<div class=\" elementor-column elementor-col-50 elementor-top-column elementor-element elementor-element-d5607ec \" data-id=\"d5607ec\" data-element_type=\"column\" data-e-type=\"column\">\r\n\r\n\t\t\t\t\r\n\t\t\t\t<div class=\"elementor-widget-wrap elementor-element-populated\">\r\n\t\t\t\t\t\t\t\t\t\t\r\n\t\t\t\t\t\t<section class=\" elementor-section elementor-inner-section elementor-element elementor-element-afe3484 elementor-section-boxed elementor-section-height-default elementor-section-height-default smart-sticky-default\" data-id=\"afe3484\" data-element_type=\"section\" data-e-type=\"section\">\r\n\t\t\t\t\t\t\t\t<div class=\"elementor-container elementor-column-gap-default\">\r\n\t\t\t\t\r\n\t\t\t\t\t\t\t\t<div class=\" elementor-column elementor-col-100 elementor-inner-column elementor-element elementor-element-7b410de \" data-id=\"7b410de\" data-element_type=\"column\" data-e-type=\"column\">\r\n\r\n\t\t\t\t\r\n\t\t\t\t<div class=\"elementor-widget-wrap elementor-element-populated\">\r\n\t\t\t\t\t\t\t\t\t\t\r\n\t\t\t\t\t\t<div class=\"elementor-element elementor-element-6d6b5f9 elementor-invisible elementor-widget elementor-widget-udesign_widget_heading\" data-id=\"6d6b5f9\" data-element_type=\"widget\" data-e-type=\"widget\" data-settings=\"{&quot;_animation&quot;:&quot;fadeInLeftShorter&quot;,&quot;_animation_mobile&quot;:&quot;fadeInLeft&quot;}\" data-widget_type=\"udesign_widget_heading.default\">\n\t\t\t\t<div class=\"elementor-widget-container\">\n\t\t\t\t\t<div class=\"title-wrapper  title-underline title-underline2 title-left title-md-left\"><h2 class=\"title elementor-heading-title\">Professionelle \u00dcbersetzung von Dokumenten<\/h2><\/div>\t\t\t\t<\/div>\n\t\t\t\t<\/div>\n\t\t\t\t<div class=\"elementor-element elementor-element-83ec898 elementor-widget elementor-widget-text-editor\" data-id=\"83ec898\" data-element_type=\"widget\" data-e-type=\"widget\" data-widget_type=\"text-editor.default\">\n\t\t\t\t<div class=\"elementor-widget-container\">\n\t\t\t\t\t\t\t\t\t<p><strong>Die \u00dcbersetzung von Dokumenten ist eines der Spezialgebiete von TKTRANSLATE. In unserem Angebot finden Sie unter anderem: \u00dcbersetzung von Kfz-Zulassungspapieren oder \u00dcbersetzung von Betriebsanleitungen. Zu unserem Team geh\u00f6ren Personen mit entsprechender sprachlicher und inhaltlicher Vorbereitung. Wir bieten \u00dcbersetzungen in mehr als 30 Sprachen an, sowohl in die beliebtesten (Englisch, Deutsch, Franz\u00f6sisch, Russisch, Spanisch) als auch in Nischensprachen (Bulgarisch, Ungarisch, Isl\u00e4ndisch, Norwegisch, Schwedisch). Bevor jede unserer \u00dcbersetzungen beim Kunden eintrifft, wird sie im Rahmen der Qualit\u00e4tskontrolle von einem Muttersprachler oder einem Korrektor \u00fcberpr\u00fcft (hinsichtlich stilistischer, grammatikalischer und terminologischer Richtigkeit).<\/strong><\/p>\t\t\t\t\t\t\t\t<\/div>\n\t\t\t\t<\/div>\n\t\t\t\t\t\t<\/div>\r\n\t\t\t\t<\/div>\r\n\t\t\t\t\t\t\t\t<\/div>\r\n\t\t\t<\/section>\r\n\t\t\t\t\t\t\t<\/div>\r\n\t\t\t\t<\/div>\r\n\t\t\t\t\t\t\t\t<\/div>\r\n\t\t\t<\/section>\r\n\t\t\t\t\t<section class=\" elementor-section elementor-top-section elementor-element elementor-element-75e0430 elementor-section-boxed elementor-section-height-default elementor-section-height-default smart-sticky-default\" data-id=\"75e0430\" data-element_type=\"section\" data-e-type=\"section\">\r\n\t\t\t\t\t\t\t\t<div class=\"elementor-container elementor-column-gap-default\">\r\n\t\t\t\t\r\n\t\t\t\t\t\t\t\t<div class=\" elementor-column elementor-col-100 elementor-top-column elementor-element elementor-element-f65e73a \" data-id=\"f65e73a\" data-element_type=\"column\" data-e-type=\"column\">\r\n\r\n\t\t\t\t\r\n\t\t\t\t<div class=\"elementor-widget-wrap elementor-element-populated\">\r\n\t\t\t\t\t\t\t\t\t\t\r\n\t\t\t\t\t\t<div class=\"elementor-element elementor-element-314577b elementor-invisible elementor-widget elementor-widget-udesign_widget_heading\" data-id=\"314577b\" data-element_type=\"widget\" data-e-type=\"widget\" data-settings=\"{&quot;_animation&quot;:&quot;fadeInLeftShorter&quot;,&quot;_animation_mobile&quot;:&quot;fadeInLeft&quot;}\" data-widget_type=\"udesign_widget_heading.default\">\n\t\t\t\t<div class=\"elementor-widget-container\">\n\t\t\t\t\t<div class=\"title-wrapper  title-underline title-underline2 title-left title-md-left\"><h2 class=\"title elementor-heading-title\">\u00dcbersetzung von Fahrzeugpapieren<\/h2><\/div>\t\t\t\t<\/div>\n\t\t\t\t<\/div>\n\t\t\t\t<div class=\"elementor-element elementor-element-e602732 elementor-widget elementor-widget-text-editor\" data-id=\"e602732\" data-element_type=\"widget\" data-e-type=\"widget\" data-widget_type=\"text-editor.default\">\n\t\t\t\t<div class=\"elementor-widget-container\">\n\t\t\t\t\t\t\t\t\t<p>Eine der zahlreichen T\u00e4tigkeiten, die f\u00fcr die Anmeldung eines aus dem Ausland importierten Autos erforderlich sind, ist die \u00dcbersetzung von KFZ-Dokumenten. Bei TKTRANSLATE bieten wir umfassende Unterst\u00fctzung in diesem Bereich, die unter anderem Folgendes umfasst: \u00dcbersetzung einer Kfz-Versicherungsbescheinigung, \u00dcbersetzung einer Zulassungsbescheinigung und \u00dcbersetzung eines Kauf- und Verkaufsvertrages. Dank unseres gro\u00dfen Teams sind wir in der Lage, eine schnelle Auftragsabwicklung und einen mehrsprachigen Service zu bieten. Wir \u00fcbersetzen auch andere Kfz-Dokumente, z. B. Versicherungspolizzen oder F\u00fchrerscheinbescheinigungen.<\/p><p>Wir sind insbesondere auf die \u00dcbersetzung von Kfz-Dokumenten f\u00fcr aus Deutschland importierte Fahrzeuge spezialisiert (einschlie\u00dflich \u00dcbersetzungen deutscher Zulassungsbescheinigungen, Fahrzeugkarten). In dieser Hinsicht erf\u00fcllen wir die Erwartungen unserer Kunden, denn laut Untersuchungen von Institutionen, die den Automobilmarkt in Polen \u00fcberwachen, genie\u00dfen Fahrzeuge von au\u00dferhalb unserer Westgrenze das gr\u00f6\u00dfte Vertrauen. M\u00f6chten Sie wissen, mit welchen Kosten Sie rechnen m\u00fcssen? Kontaktieren Sie uns telefonisch oder \u00fcber das Online-Formular und wir erstellen Ihnen ein unverbindliches Angebot und sch\u00e4tzen die Kosten f\u00fcr die \u00dcbersetzung kompletter Fahrzeugpapiere. Wir garantieren g\u00fcnstige Preise!<\/p><p><strong>Unser offizieller Hauptsitz befindet sich in Krosno, wir sind jedoch offen f\u00fcr die Zusammenarbeit mit Kunden aus ganz Polen. Sie m\u00f6chten uns mit der \u00dcbersetzung von Fahrzeugpapieren beauftragen, kommen aber nicht aus der Gegend von Rzesz\u00f3w? Macht nichts! Sie k\u00f6nnen die M\u00f6glichkeit der Online-Zusammenarbeit nutzen, mit einem kostenlosen Angebot und der Expresszustellung der Texte zu Ihnen nach Hause oder ins B\u00fcro. Probieren Sie uns!<\/strong><\/p>\t\t\t\t\t\t\t\t<\/div>\n\t\t\t\t<\/div>\n\t\t\t\t\t\t<\/div>\r\n\t\t\t\t<\/div>\r\n\t\t\t\t\t\t\t\t<\/div>\r\n\t\t\t<\/section>\r\n\t\t\t\t\t<section class=\" elementor-section elementor-top-section elementor-element elementor-element-0dbf566 wyslij-zapytanie elementor-section-boxed elementor-section-height-default elementor-section-height-default smart-sticky-default\" data-id=\"0dbf566\" data-element_type=\"section\" data-e-type=\"section\">\r\n\t\t\t\t\t\t\t\t<div class=\"elementor-container elementor-column-gap-default\">\r\n\t\t\t\t\r\n\t\t\t\t\t\t\t\t<div class=\" elementor-column elementor-col-50 elementor-top-column elementor-element elementor-element-a4e2a96 \" data-id=\"a4e2a96\" data-element_type=\"column\" data-e-type=\"column\">\r\n\r\n\t\t\t\t\r\n\t\t\t\t<div class=\"elementor-widget-wrap elementor-element-populated\">\r\n\t\t\t\t\t\t\t\t\t\t\r\n\t\t\t\t\t\t<div class=\"elementor-element elementor-element-5e2a027 animated-slow elementor-invisible elementor-widget elementor-widget-udesign_widget_heading\" data-id=\"5e2a027\" data-element_type=\"widget\" data-e-type=\"widget\" data-settings=\"{&quot;_animation&quot;:&quot;fadeInRightShorter&quot;,&quot;_animation_delay&quot;:200}\" data-widget_type=\"udesign_widget_heading.default\">\n\t\t\t\t<div class=\"elementor-widget-container\">\n\t\t\t\t\t<div class=\"title-wrapper  title-left title-md-center\"><h2 class=\"title elementor-heading-title\">Ben\u00f6tigen Sie eine professionelle \u00dcbersetzung?<\/h2><\/div>\t\t\t\t<\/div>\n\t\t\t\t<\/div>\n\t\t\t\t\t\t<\/div>\r\n\t\t\t\t<\/div>\r\n\t\t\t\t\t\t\t\t\t<div class=\" elementor-column elementor-col-50 elementor-top-column elementor-element elementor-element-6954d4c \" data-id=\"6954d4c\" data-element_type=\"column\" data-e-type=\"column\">\r\n\r\n\t\t\t\t\r\n\t\t\t\t<div class=\"elementor-widget-wrap elementor-element-populated\">\r\n\t\t\t\t\t\t\t\t\t\t\r\n\t\t\t\t\t\t<div class=\"elementor-element elementor-element-e37da9c elementor-widget elementor-widget-udesign_widget_button\" data-id=\"e37da9c\" data-element_type=\"widget\" data-e-type=\"widget\" data-widget_type=\"udesign_widget_button.default\">\n\t\t\t\t<div class=\"elementor-widget-container\">\n\t\t\t\t\t<a class=\"btn btn-outline btn-lg btn-ellipse btn-primary btn-icon btn-icon-right\" href=\"\/de\/kostenloses-angebotsformular\/\" ><span >Anfrage absenden<\/span><i class=\"  u-icon-long-arrow-right\"><\/i><\/a>\t\t\t\t<\/div>\n\t\t\t\t<\/div>\n\t\t\t\t\t\t<\/div>\r\n\t\t\t\t<\/div>\r\n\t\t\t\t\t\t\t\t<\/div>\r\n\t\t\t<\/section>\r\n\t\t\t\t\t<\/div>\n\t\t","protected":false},"excerpt":{"rendered":"<p>Professionelle \u00dcbersetzung von Dokumenten Die \u00dcbersetzung von Dokumenten ist eines der Spezialgebiete von TKTRANSLATE. In unserem Angebot finden Sie unter [&hellip;]<\/p>\n","protected":false},"author":1,"featured_media":0,"parent":11782,"menu_order":0,"comment_status":"closed","ping_status":"closed","template":"","meta":{"_acf_changed":false,"footnotes":""},"class_list":["post-11805","page","type-page","status-publish","hentry"],"acf":[],"yoast_head":"<!-- This site is optimized with the Yoast SEO plugin v26.9 - https:\/\/yoast.com\/product\/yoast-seo-wordpress\/ -->\n<title>Professionelle \u00dcbersetzung von Dokumenten - TKTRANSLATE Biuro T\u0142umacze\u0144 Krosno<\/title>\n<meta name=\"robots\" content=\"index, follow, max-snippet:-1, max-image-preview:large, max-video-preview:-1\" \/>\n<link rel=\"canonical\" href=\"https:\/\/www.tktranslate.pl\/oferta\/tlumaczenie-dokumentow\/\" \/>\n<meta property=\"og:locale\" content=\"de_DE\" \/>\n<meta property=\"og:type\" content=\"article\" \/>\n<meta property=\"og:title\" content=\"Professionelle \u00dcbersetzung von Dokumenten - TKTRANSLATE Biuro T\u0142umacze\u0144 Krosno\" \/>\n<meta property=\"og:description\" content=\"Professionelle \u00dcbersetzung von Dokumenten Die \u00dcbersetzung von Dokumenten ist eines der Spezialgebiete von TKTRANSLATE. In unserem Angebot finden Sie unter [&hellip;]\" \/>\n<meta property=\"og:url\" content=\"https:\/\/www.tktranslate.pl\/oferta\/tlumaczenie-dokumentow\/\" \/>\n<meta property=\"og:site_name\" content=\"TKTRANSLATE Biuro T\u0142umacze\u0144 Krosno\" \/>\n<meta property=\"article:modified_time\" content=\"2023-10-30T11:40:42+00:00\" \/>\n<meta property=\"og:image\" content=\"https:\/\/www.tktranslate.pl\/wp-content\/uploads\/2023\/06\/tk-translate-25.jpg\" \/>\n<meta name=\"twitter:card\" content=\"summary_large_image\" \/>\n<meta name=\"twitter:label1\" content=\"Gesch\u00e4tzte Lesezeit\" \/>\n\t<meta name=\"twitter:data1\" content=\"3\u00a0Minuten\" \/>\n<script type=\"application\/ld+json\" class=\"yoast-schema-graph\">{\"@context\":\"https:\/\/schema.org\",\"@graph\":[{\"@type\":\"WebPage\",\"@id\":\"https:\/\/www.tktranslate.pl\/oferta\/tlumaczenie-dokumentow\/\",\"url\":\"https:\/\/www.tktranslate.pl\/oferta\/tlumaczenie-dokumentow\/\",\"name\":\"Professionelle \u00dcbersetzung von Dokumenten - TKTRANSLATE Biuro T\u0142umacze\u0144 Krosno\",\"isPartOf\":{\"@id\":\"https:\/\/www.tktranslate.pl\/#website\"},\"primaryImageOfPage\":{\"@id\":\"https:\/\/www.tktranslate.pl\/oferta\/tlumaczenie-dokumentow\/#primaryimage\"},\"image\":{\"@id\":\"https:\/\/www.tktranslate.pl\/oferta\/tlumaczenie-dokumentow\/#primaryimage\"},\"thumbnailUrl\":\"https:\/\/www.tktranslate.pl\/wp-content\/uploads\/2023\/06\/tk-translate-25.jpg\",\"datePublished\":\"2023-06-22T16:37:55+00:00\",\"dateModified\":\"2023-10-30T11:40:42+00:00\",\"breadcrumb\":{\"@id\":\"https:\/\/www.tktranslate.pl\/oferta\/tlumaczenie-dokumentow\/#breadcrumb\"},\"inLanguage\":\"de\",\"potentialAction\":[{\"@type\":\"ReadAction\",\"target\":[\"https:\/\/www.tktranslate.pl\/oferta\/tlumaczenie-dokumentow\/\"]}]},{\"@type\":\"ImageObject\",\"inLanguage\":\"de\",\"@id\":\"https:\/\/www.tktranslate.pl\/oferta\/tlumaczenie-dokumentow\/#primaryimage\",\"url\":\"https:\/\/www.tktranslate.pl\/wp-content\/uploads\/2023\/06\/tk-translate-25.jpg\",\"contentUrl\":\"https:\/\/www.tktranslate.pl\/wp-content\/uploads\/2023\/06\/tk-translate-25.jpg\"},{\"@type\":\"BreadcrumbList\",\"@id\":\"https:\/\/www.tktranslate.pl\/oferta\/tlumaczenie-dokumentow\/#breadcrumb\",\"itemListElement\":[{\"@type\":\"ListItem\",\"position\":1,\"name\":\"Strona g\u0142\u00f3wna\",\"item\":\"https:\/\/www.tktranslate.pl\/\"},{\"@type\":\"ListItem\",\"position\":2,\"name\":\"Angebot\",\"item\":\"https:\/\/www.tktranslate.pl\/oferta\/\"},{\"@type\":\"ListItem\",\"position\":3,\"name\":\"Professionelle \u00dcbersetzung von Dokumenten\"}]},{\"@type\":\"WebSite\",\"@id\":\"https:\/\/www.tktranslate.pl\/#website\",\"url\":\"https:\/\/www.tktranslate.pl\/\",\"name\":\"TKTRANSLATE Biuro T\u0142umacze\u0144 Krosno\",\"description\":\"Profesjonalne biuro t\u0142umacze\u0144\",\"publisher\":{\"@id\":\"https:\/\/www.tktranslate.pl\/#organization\"},\"potentialAction\":[{\"@type\":\"SearchAction\",\"target\":{\"@type\":\"EntryPoint\",\"urlTemplate\":\"https:\/\/www.tktranslate.pl\/?s={search_term_string}\"},\"query-input\":{\"@type\":\"PropertyValueSpecification\",\"valueRequired\":true,\"valueName\":\"search_term_string\"}}],\"inLanguage\":\"de\"},{\"@type\":\"Organization\",\"@id\":\"https:\/\/www.tktranslate.pl\/#organization\",\"name\":\"TKTRANSLATE Biuro T\u0142umacze\u0144 Krosno\",\"url\":\"https:\/\/www.tktranslate.pl\/\",\"logo\":{\"@type\":\"ImageObject\",\"inLanguage\":\"de\",\"@id\":\"https:\/\/www.tktranslate.pl\/#\/schema\/logo\/image\/\",\"url\":\"https:\/\/www.tktranslate.pl\/wp-content\/uploads\/2023\/07\/tr-trnslate-logo-no-bg.png\",\"contentUrl\":\"https:\/\/www.tktranslate.pl\/wp-content\/uploads\/2023\/07\/tr-trnslate-logo-no-bg.png\",\"width\":600,\"height\":108,\"caption\":\"TKTRANSLATE Biuro T\u0142umacze\u0144 Krosno\"},\"image\":{\"@id\":\"https:\/\/www.tktranslate.pl\/#\/schema\/logo\/image\/\"}}]}<\/script>\n<!-- \/ Yoast SEO plugin. -->","yoast_head_json":{"title":"Professionelle \u00dcbersetzung von Dokumenten - TKTRANSLATE Biuro T\u0142umacze\u0144 Krosno","robots":{"index":"index","follow":"follow","max-snippet":"max-snippet:-1","max-image-preview":"max-image-preview:large","max-video-preview":"max-video-preview:-1"},"canonical":"https:\/\/www.tktranslate.pl\/oferta\/tlumaczenie-dokumentow\/","og_locale":"de_DE","og_type":"article","og_title":"Professionelle \u00dcbersetzung von Dokumenten - TKTRANSLATE Biuro T\u0142umacze\u0144 Krosno","og_description":"Professionelle \u00dcbersetzung von Dokumenten Die \u00dcbersetzung von Dokumenten ist eines der Spezialgebiete von TKTRANSLATE. In unserem Angebot finden Sie unter [&hellip;]","og_url":"https:\/\/www.tktranslate.pl\/oferta\/tlumaczenie-dokumentow\/","og_site_name":"TKTRANSLATE Biuro T\u0142umacze\u0144 Krosno","article_modified_time":"2023-10-30T11:40:42+00:00","og_image":[{"url":"https:\/\/www.tktranslate.pl\/wp-content\/uploads\/2023\/06\/tk-translate-25.jpg","type":"","width":"","height":""}],"twitter_card":"summary_large_image","twitter_misc":{"Gesch\u00e4tzte Lesezeit":"3\u00a0Minuten"},"schema":{"@context":"https:\/\/schema.org","@graph":[{"@type":"WebPage","@id":"https:\/\/www.tktranslate.pl\/oferta\/tlumaczenie-dokumentow\/","url":"https:\/\/www.tktranslate.pl\/oferta\/tlumaczenie-dokumentow\/","name":"Professionelle \u00dcbersetzung von Dokumenten - TKTRANSLATE Biuro T\u0142umacze\u0144 Krosno","isPartOf":{"@id":"https:\/\/www.tktranslate.pl\/#website"},"primaryImageOfPage":{"@id":"https:\/\/www.tktranslate.pl\/oferta\/tlumaczenie-dokumentow\/#primaryimage"},"image":{"@id":"https:\/\/www.tktranslate.pl\/oferta\/tlumaczenie-dokumentow\/#primaryimage"},"thumbnailUrl":"https:\/\/www.tktranslate.pl\/wp-content\/uploads\/2023\/06\/tk-translate-25.jpg","datePublished":"2023-06-22T16:37:55+00:00","dateModified":"2023-10-30T11:40:42+00:00","breadcrumb":{"@id":"https:\/\/www.tktranslate.pl\/oferta\/tlumaczenie-dokumentow\/#breadcrumb"},"inLanguage":"de","potentialAction":[{"@type":"ReadAction","target":["https:\/\/www.tktranslate.pl\/oferta\/tlumaczenie-dokumentow\/"]}]},{"@type":"ImageObject","inLanguage":"de","@id":"https:\/\/www.tktranslate.pl\/oferta\/tlumaczenie-dokumentow\/#primaryimage","url":"https:\/\/www.tktranslate.pl\/wp-content\/uploads\/2023\/06\/tk-translate-25.jpg","contentUrl":"https:\/\/www.tktranslate.pl\/wp-content\/uploads\/2023\/06\/tk-translate-25.jpg"},{"@type":"BreadcrumbList","@id":"https:\/\/www.tktranslate.pl\/oferta\/tlumaczenie-dokumentow\/#breadcrumb","itemListElement":[{"@type":"ListItem","position":1,"name":"Strona g\u0142\u00f3wna","item":"https:\/\/www.tktranslate.pl\/"},{"@type":"ListItem","position":2,"name":"Angebot","item":"https:\/\/www.tktranslate.pl\/oferta\/"},{"@type":"ListItem","position":3,"name":"Professionelle \u00dcbersetzung von Dokumenten"}]},{"@type":"WebSite","@id":"https:\/\/www.tktranslate.pl\/#website","url":"https:\/\/www.tktranslate.pl\/","name":"TKTRANSLATE Biuro T\u0142umacze\u0144 Krosno","description":"Profesjonalne biuro t\u0142umacze\u0144","publisher":{"@id":"https:\/\/www.tktranslate.pl\/#organization"},"potentialAction":[{"@type":"SearchAction","target":{"@type":"EntryPoint","urlTemplate":"https:\/\/www.tktranslate.pl\/?s={search_term_string}"},"query-input":{"@type":"PropertyValueSpecification","valueRequired":true,"valueName":"search_term_string"}}],"inLanguage":"de"},{"@type":"Organization","@id":"https:\/\/www.tktranslate.pl\/#organization","name":"TKTRANSLATE Biuro T\u0142umacze\u0144 Krosno","url":"https:\/\/www.tktranslate.pl\/","logo":{"@type":"ImageObject","inLanguage":"de","@id":"https:\/\/www.tktranslate.pl\/#\/schema\/logo\/image\/","url":"https:\/\/www.tktranslate.pl\/wp-content\/uploads\/2023\/07\/tr-trnslate-logo-no-bg.png","contentUrl":"https:\/\/www.tktranslate.pl\/wp-content\/uploads\/2023\/07\/tr-trnslate-logo-no-bg.png","width":600,"height":108,"caption":"TKTRANSLATE Biuro T\u0142umacze\u0144 Krosno"},"image":{"@id":"https:\/\/www.tktranslate.pl\/#\/schema\/logo\/image\/"}}]}},"_links":{"self":[{"href":"https:\/\/www.tktranslate.pl\/de\/wp-json\/wp\/v2\/pages\/11805","targetHints":{"allow":["GET"]}}],"collection":[{"href":"https:\/\/www.tktranslate.pl\/de\/wp-json\/wp\/v2\/pages"}],"about":[{"href":"https:\/\/www.tktranslate.pl\/de\/wp-json\/wp\/v2\/types\/page"}],"author":[{"embeddable":true,"href":"https:\/\/www.tktranslate.pl\/de\/wp-json\/wp\/v2\/users\/1"}],"replies":[{"embeddable":true,"href":"https:\/\/www.tktranslate.pl\/de\/wp-json\/wp\/v2\/comments?post=11805"}],"version-history":[{"count":5,"href":"https:\/\/www.tktranslate.pl\/de\/wp-json\/wp\/v2\/pages\/11805\/revisions"}],"predecessor-version":[{"id":11834,"href":"https:\/\/www.tktranslate.pl\/de\/wp-json\/wp\/v2\/pages\/11805\/revisions\/11834"}],"up":[{"embeddable":true,"href":"https:\/\/www.tktranslate.pl\/de\/wp-json\/wp\/v2\/pages\/11782"}],"wp:attachment":[{"href":"https:\/\/www.tktranslate.pl\/de\/wp-json\/wp\/v2\/media?parent=11805"}],"curies":[{"name":"wp","href":"https:\/\/api.w.org\/{rel}","templated":true}]}}