{"id":11800,"date":"2023-06-22T18:37:37","date_gmt":"2023-06-22T16:37:37","guid":{"rendered":"https:\/\/www.tktranslate.pl\/angebot\/tlumacz-przysiegly-jezyka-niemieckiego\/"},"modified":"2023-10-30T12:40:03","modified_gmt":"2023-10-30T11:40:03","slug":"vereidigter-dolmetscher-und-ubersetzer-fur-deutsch","status":"publish","type":"page","link":"https:\/\/www.tktranslate.pl\/de\/angebot\/vereidigter-dolmetscher-und-ubersetzer-fur-deutsch\/","title":{"rendered":"Vereidigter Dolmetscher und \u00dcbersetzer f\u00fcr Deutsch"},"content":{"rendered":"\t\t<div data-elementor-type=\"wp-page\" data-elementor-id=\"11800\" class=\"elementor elementor-11800\">\n\t\t\t\t\t\t<section class=\" elementor-section elementor-top-section elementor-element elementor-element-2e41c98 elementor-section-content-middle elementor-section-boxed elementor-section-height-default elementor-section-height-default smart-sticky-default\" data-id=\"2e41c98\" data-element_type=\"section\" data-e-type=\"section\">\r\n\t\t\t\t\t\t\t\t<div class=\"elementor-container container-fluid elementor-column-gap-default\">\r\n\t\t\t\t\r\n\t\t\t\t\t\t\t\t<div class=\" elementor-column elementor-col-50 elementor-top-column elementor-element elementor-element-b94de49 elementor-hidden-mobile \" data-id=\"b94de49\" data-element_type=\"column\" data-e-type=\"column\">\r\n\r\n\t\t\t\t\r\n\t\t\t\t<div class=\"elementor-widget-wrap elementor-element-populated\">\r\n\t\t\t\t\t\t\t\t\t\t\r\n\t\t\t\t\t\t<div class=\"elementor-element elementor-element-55413c6 elementor-widget elementor-widget-image\" data-id=\"55413c6\" data-element_type=\"widget\" data-e-type=\"widget\" data-widget_type=\"image.default\">\n\t\t\t\t<div class=\"elementor-widget-container\">\n\t\t\t\t\t\t\t\t\t\t\t\t\t\t\t<img fetchpriority=\"high\" decoding=\"async\" width=\"788\" height=\"524\" src=\"https:\/\/www.tktranslate.pl\/wp-content\/uploads\/2023\/06\/788_788_resize_q90_5458cdd9de53d0afbd03d2e5db17d25db42a4c9234d89146.jpg\" class=\"attachment-full size-full wp-image-8699\" alt=\"\" srcset=\"https:\/\/www.tktranslate.pl\/wp-content\/uploads\/2023\/06\/788_788_resize_q90_5458cdd9de53d0afbd03d2e5db17d25db42a4c9234d89146.jpg 788w, https:\/\/www.tktranslate.pl\/wp-content\/uploads\/2023\/06\/788_788_resize_q90_5458cdd9de53d0afbd03d2e5db17d25db42a4c9234d89146-768x511.jpg 768w\" sizes=\"(max-width: 788px) 100vw, 788px\" \/>\t\t\t\t\t\t\t\t\t\t\t\t\t\t\t<\/div>\n\t\t\t\t<\/div>\n\t\t\t\t\t\t<\/div>\r\n\t\t\t\t<\/div>\r\n\t\t\t\t\t\t\t\t\t<div class=\" elementor-column elementor-col-50 elementor-top-column elementor-element elementor-element-d5607ec \" data-id=\"d5607ec\" data-element_type=\"column\" data-e-type=\"column\">\r\n\r\n\t\t\t\t\r\n\t\t\t\t<div class=\"elementor-widget-wrap elementor-element-populated\">\r\n\t\t\t\t\t\t\t\t\t\t\r\n\t\t\t\t\t\t<div class=\"elementor-element elementor-element-fe66d10 elementor-invisible elementor-widget elementor-widget-udesign_widget_heading\" data-id=\"fe66d10\" data-element_type=\"widget\" data-e-type=\"widget\" data-settings=\"{&quot;_animation&quot;:&quot;fadeInLeftShorter&quot;,&quot;_animation_mobile&quot;:&quot;fadeInLeft&quot;}\" data-widget_type=\"udesign_widget_heading.default\">\n\t\t\t\t<div class=\"elementor-widget-container\">\n\t\t\t\t\t<div class=\"title-wrapper  title-underline title-underline2 title-left title-md-left\"><h2 class=\"title elementor-heading-title\">Vereidigter Dolmetscher und \u00dcbersetzer f\u00fcr Deutsch<\/h2><\/div>\t\t\t\t<\/div>\n\t\t\t\t<\/div>\n\t\t\t\t<section class=\" elementor-section elementor-inner-section elementor-element elementor-element-afe3484 elementor-section-boxed elementor-section-height-default elementor-section-height-default smart-sticky-default\" data-id=\"afe3484\" data-element_type=\"section\" data-e-type=\"section\">\r\n\t\t\t\t\t\t\t\t<div class=\"elementor-container elementor-column-gap-default\">\r\n\t\t\t\t\r\n\t\t\t\t\t\t\t\t<div class=\" elementor-column elementor-col-100 elementor-inner-column elementor-element elementor-element-7b410de \" data-id=\"7b410de\" data-element_type=\"column\" data-e-type=\"column\">\r\n\r\n\t\t\t\t\r\n\t\t\t\t<div class=\"elementor-widget-wrap elementor-element-populated\">\r\n\t\t\t\t\t\t\t\t\t\t\r\n\t\t\t\t\t\t<div class=\"elementor-element elementor-element-83ec898 elementor-widget elementor-widget-text-editor\" data-id=\"83ec898\" data-element_type=\"widget\" data-e-type=\"widget\" data-widget_type=\"text-editor.default\">\n\t\t\t\t<div class=\"elementor-widget-container\">\n\t\t\t\t\t\t\t\t\t<strong>Sie haben ein Auto aus Deutschland importiert und ben\u00f6tigen eine \u00dcbersetzung der KFZ-Zulassungspapiere? Sie bewerben sich um Arbeit im Ausland und ben\u00f6tigen \u00dcbersetzungen Ihres Diploms oder Ihrer Zeugnisse? Die Person, die Ihnen helfen kann, ist ein vereidigter \u00dcbersetzer. Unser B\u00fcro besch\u00e4ftigt kompetente und erfahrene vereidigte \u00dcbersetzer f\u00fcr die deutsche Sprache, die Sie in allen Situationen unterst\u00fctzen, in denen eine professionelle \u00dcbersetzung erforderlich ist.\u00a0<\/strong>\t\t\t\t\t\t\t\t<\/div>\n\t\t\t\t<\/div>\n\t\t\t\t\t\t<\/div>\r\n\t\t\t\t<\/div>\r\n\t\t\t\t\t\t\t\t<\/div>\r\n\t\t\t<\/section>\r\n\t\t\t\t\t\t\t<\/div>\r\n\t\t\t\t<\/div>\r\n\t\t\t\t\t\t\t\t<\/div>\r\n\t\t\t<\/section>\r\n\t\t\t\t\t<section class=\" elementor-section elementor-top-section elementor-element elementor-element-75e0430 elementor-section-boxed elementor-section-height-default elementor-section-height-default smart-sticky-default\" data-id=\"75e0430\" data-element_type=\"section\" data-e-type=\"section\">\r\n\t\t\t\t\t\t\t\t<div class=\"elementor-container elementor-column-gap-default\">\r\n\t\t\t\t\r\n\t\t\t\t\t\t\t\t<div class=\" elementor-column elementor-col-100 elementor-top-column elementor-element elementor-element-f65e73a \" data-id=\"f65e73a\" data-element_type=\"column\" data-e-type=\"column\">\r\n\r\n\t\t\t\t\r\n\t\t\t\t<div class=\"elementor-widget-wrap elementor-element-populated\">\r\n\t\t\t\t\t\t\t\t\t\t\r\n\t\t\t\t\t\t<div class=\"elementor-element elementor-element-e602732 elementor-widget elementor-widget-text-editor\" data-id=\"e602732\" data-element_type=\"widget\" data-e-type=\"widget\" data-widget_type=\"text-editor.default\">\n\t\t\t\t<div class=\"elementor-widget-container\">\n\t\t\t\t\t\t\t\t\t<p>\u00dcbersetzungen, die von einem vereidigten \u00dcbersetzer angefertigt werden, unterscheiden sich in mehreren Aspekten von den einfachen \u00dcbersetzungen. Erstens sind zur Fertigung von vereidigten \u00dcbersetzungen nur Personen befugt, die das Staatsexamen bestanden haben und vom Justizminister die entsprechende Genehmigung erhalten haben. Zweitens \u00fcbernimmt ein vereidigter \u00dcbersetzer die rechtliche Verantwortung f\u00fcr die geleistete Arbeit, und wenn er seinen Verpflichtungen nicht nachkommt, k\u00f6nnen ihm Strafen auferlegt werden.\u00a0Unsere Mitarbeiter erf\u00fcllen diese Kriterien und bieten Ihnen fachliche oder technische \u00dcbersetzungsleistungen aus dem Deutschen auf h\u00f6chstem Niveau.\u00a0Nach polnischem Recht haben Kunden auch das Recht, Schadensersatz f\u00fcr Sch\u00e4den zu verlangen, die durch Fehler eines vereidigten \u00dcbersetzers entstehen. Aus diesem Grund ber\u00fccksichtigt die Preisliste f\u00fcr beglaubigte \u00dcbersetzungen die Verantwortung der \u00dcbersetzer, was in der Praxis dazu f\u00fchrt, dass Kunden mit h\u00f6heren Preisen rechnen m\u00fcssen.<\/p>\t\t\t\t\t\t\t\t<\/div>\n\t\t\t\t<\/div>\n\t\t\t\t\t\t<\/div>\r\n\t\t\t\t<\/div>\r\n\t\t\t\t\t\t\t\t<\/div>\r\n\t\t\t<\/section>\r\n\t\t\t\t\t<section class=\" elementor-section elementor-top-section elementor-element elementor-element-1fa39cc elementor-section-boxed elementor-section-height-default elementor-section-height-default smart-sticky-default\" data-id=\"1fa39cc\" data-element_type=\"section\" data-e-type=\"section\">\r\n\t\t\t\t\t\t\t\t<div class=\"elementor-container elementor-column-gap-default\">\r\n\t\t\t\t\r\n\t\t\t\t\t\t\t\t<div class=\" elementor-column elementor-col-100 elementor-top-column elementor-element elementor-element-5fcbcab \" data-id=\"5fcbcab\" data-element_type=\"column\" data-e-type=\"column\">\r\n\r\n\t\t\t\t\r\n\t\t\t\t<div class=\"elementor-widget-wrap elementor-element-populated\">\r\n\t\t\t\t\t\t\t\t\t\t\r\n\t\t\t\t\t\t<div class=\"elementor-element elementor-element-10ebd44 elementor-invisible elementor-widget elementor-widget-udesign_widget_heading\" data-id=\"10ebd44\" data-element_type=\"widget\" data-e-type=\"widget\" data-settings=\"{&quot;_animation&quot;:&quot;fadeInLeftShorter&quot;,&quot;_animation_mobile&quot;:&quot;fadeInLeft&quot;}\" data-widget_type=\"udesign_widget_heading.default\">\n\t\t\t\t<div class=\"elementor-widget-container\">\n\t\t\t\t\t<div class=\"title-wrapper  title-underline title-underline2 title-left title-md-left\"><h2 class=\"title elementor-heading-title\">Fach\u00fcbersetzungen, technische und beglaubigte \u00dcbersetzungen aus dem Deutschen<\/h2><\/div>\t\t\t\t<\/div>\n\t\t\t\t<\/div>\n\t\t\t\t<div class=\"elementor-element elementor-element-79a7bd1 elementor-widget elementor-widget-text-editor\" data-id=\"79a7bd1\" data-element_type=\"widget\" data-e-type=\"widget\" data-widget_type=\"text-editor.default\">\n\t\t\t\t<div class=\"elementor-widget-container\">\n\t\t\t\t\t\t\t\t\t<p>Unser B\u00fcro zeichnet sich durch Kompetenz in der \u00dcbersetzung von Fachtexten aus dem Deutschen aus den Bereichen Wirtschaft, Medizin und Pharmazie, Telekommunikation, Recht, Logistik, IT, Werbung und Marketing, Mechanik und Maschinenbau und vielen anderen aus. Mit unserer Hilfe k\u00f6nnen Sie schnell und einfach Kfz-Zulassungsdokumente oder Bedienungsanleitungen f\u00fcr die im Ausland gekauften Ger\u00e4te \u00fcbersetzen.\u00a0Die Kosten f\u00fcr beglaubigte \u00dcbersetzung aus dem Deutschen beinhalten das Korrekturlesen durch einen Muttersprachler. Die von unserem \u00dcbersetzungsb\u00fcro angenommene Abrechnungseinheit betr\u00e4gt 1.125 Zeichen mit Leerzeichen. Berechnet wird der Zieltext (nach der \u00dcbersetzung).\u00a0Die mit unserem B\u00fcro zusammenarbeitenden vereidigten Deutsch\u00fcbersetzer verf\u00fcgen \u00fcber ein umfangreiches Portfolio an abgeschlossenen Auftr\u00e4gen.\u00a0Wir sind uns bewusst, dass ein Kunde, der die Sprache, in die er einen bestimmten Text \u00fcbersetzen muss, nicht beherrscht, dem \u00dcbersetzer gro\u00dfes Vertrauen schenkt.\u00a0Wir garantieren, dass jede \u00dcbersetzung von einer Person mit Kenntnissen in einem bestimmten Bereich angefertigt wird.<\/p><p>Interessieren Sie sich f\u00fcr unser Angebot? M\u00f6chten Sie die genauen Kosten einer beglaubigten \u00dcbersetzung aus dem Deutschen oder einer anderen Sprache erfahren? Senden Sie uns eine Anfrage \u00fcber das Online-Formular und wir erstellen Ihnen innerhalb von 30 Minuten ein individuelles Angebot! Die Preise f\u00fcr beglaubigte \u00dcbersetzungen richten sich nach der Anzahl der Zeichen, dem Thema des Textes, seinem Schwierigkeitsgrad und der voraussichtlichen Frist f\u00fcr die Auftragserf\u00fcllung. Als eines der wenigen \u00dcbersetzungsb\u00fcros in Polen erheben wir keine Geb\u00fchren f\u00fcr sich wiederholende Texte und berechnen keine zus\u00e4tzlichen Kosten f\u00fcr die Express\u00fcbersetzungen!\u00a0Dar\u00fcber hinaus k\u00f6nnen die Dienste unseres vereidigten Deutsch-\u00dcbersetzers auch online in Anspruch genommen werden. Sie m\u00fcssen also nicht das Haus verlassen und pers\u00f6nlich zu uns kommen. Die gesamte Korrespondenz im Zusammenhang mit dem Auftrag und seiner Ausf\u00fchrung erfolgt per E-Mail.\u00a0Schauen Sie bei uns vorbei und finden Sie heraus, was wir sonst noch f\u00fcr Sie tun k\u00f6nnen!<\/p>\t\t\t\t\t\t\t\t<\/div>\n\t\t\t\t<\/div>\n\t\t\t\t\t\t<\/div>\r\n\t\t\t\t<\/div>\r\n\t\t\t\t\t\t\t\t<\/div>\r\n\t\t\t<\/section>\r\n\t\t\t\t\t<section class=\" elementor-section elementor-top-section elementor-element elementor-element-cc926ba wyslij-zapytanie elementor-section-boxed elementor-section-height-default elementor-section-height-default smart-sticky-default\" data-id=\"cc926ba\" data-element_type=\"section\" data-e-type=\"section\">\r\n\t\t\t\t\t\t\t\t<div class=\"elementor-container elementor-column-gap-default\">\r\n\t\t\t\t\r\n\t\t\t\t\t\t\t\t<div class=\" elementor-column elementor-col-50 elementor-top-column elementor-element elementor-element-58e23f7 \" data-id=\"58e23f7\" data-element_type=\"column\" data-e-type=\"column\">\r\n\r\n\t\t\t\t\r\n\t\t\t\t<div class=\"elementor-widget-wrap elementor-element-populated\">\r\n\t\t\t\t\t\t\t\t\t\t\r\n\t\t\t\t\t\t<div class=\"elementor-element elementor-element-66cf1c3 animated-slow elementor-invisible elementor-widget elementor-widget-udesign_widget_heading\" data-id=\"66cf1c3\" data-element_type=\"widget\" data-e-type=\"widget\" data-settings=\"{&quot;_animation&quot;:&quot;fadeInRightShorter&quot;,&quot;_animation_delay&quot;:200}\" data-widget_type=\"udesign_widget_heading.default\">\n\t\t\t\t<div class=\"elementor-widget-container\">\n\t\t\t\t\t<div class=\"title-wrapper  title-left title-md-center\"><h2 class=\"title elementor-heading-title\">Ben\u00f6tigen Sie eine professionelle \u00dcbersetzung?<\/h2><\/div>\t\t\t\t<\/div>\n\t\t\t\t<\/div>\n\t\t\t\t\t\t<\/div>\r\n\t\t\t\t<\/div>\r\n\t\t\t\t\t\t\t\t\t<div class=\" elementor-column elementor-col-50 elementor-top-column elementor-element elementor-element-d28817e \" data-id=\"d28817e\" data-element_type=\"column\" data-e-type=\"column\">\r\n\r\n\t\t\t\t\r\n\t\t\t\t<div class=\"elementor-widget-wrap elementor-element-populated\">\r\n\t\t\t\t\t\t\t\t\t\t\r\n\t\t\t\t\t\t<div class=\"elementor-element elementor-element-cd4f3f4 elementor-widget elementor-widget-udesign_widget_button\" data-id=\"cd4f3f4\" data-element_type=\"widget\" data-e-type=\"widget\" data-widget_type=\"udesign_widget_button.default\">\n\t\t\t\t<div class=\"elementor-widget-container\">\n\t\t\t\t\t<a class=\"btn btn-outline btn-lg btn-ellipse btn-primary btn-icon btn-icon-right\" href=\"\/de\/kostenloses-angebotsformular\/\" ><span >Anfrage absenden<\/span><i class=\"  u-icon-long-arrow-right\"><\/i><\/a>\t\t\t\t<\/div>\n\t\t\t\t<\/div>\n\t\t\t\t\t\t<\/div>\r\n\t\t\t\t<\/div>\r\n\t\t\t\t\t\t\t\t<\/div>\r\n\t\t\t<\/section>\r\n\t\t\t\t\t<\/div>\n\t\t","protected":false},"excerpt":{"rendered":"<p>Vereidigter Dolmetscher und \u00dcbersetzer f\u00fcr Deutsch Sie haben ein Auto aus Deutschland importiert und ben\u00f6tigen eine \u00dcbersetzung der KFZ-Zulassungspapiere? Sie [&hellip;]<\/p>\n","protected":false},"author":1,"featured_media":0,"parent":11782,"menu_order":0,"comment_status":"closed","ping_status":"closed","template":"","meta":{"_acf_changed":false,"footnotes":""},"class_list":["post-11800","page","type-page","status-publish","hentry"],"acf":[],"yoast_head":"<!-- This site is optimized with the Yoast SEO plugin v26.9 - https:\/\/yoast.com\/product\/yoast-seo-wordpress\/ -->\n<title>Vereidigter Dolmetscher und \u00dcbersetzer f\u00fcr Deutsch - TKTRANSLATE Biuro T\u0142umacze\u0144 Krosno<\/title>\n<meta name=\"robots\" content=\"index, follow, max-snippet:-1, max-image-preview:large, max-video-preview:-1\" \/>\n<link rel=\"canonical\" href=\"https:\/\/www.tktranslate.pl\/oferta\/tlumacz-przysiegly-jezyka-niemieckiego\/\" \/>\n<meta property=\"og:locale\" content=\"de_DE\" \/>\n<meta property=\"og:type\" content=\"article\" \/>\n<meta property=\"og:title\" content=\"Vereidigter Dolmetscher und \u00dcbersetzer f\u00fcr Deutsch - TKTRANSLATE Biuro T\u0142umacze\u0144 Krosno\" \/>\n<meta property=\"og:description\" content=\"Vereidigter Dolmetscher und \u00dcbersetzer f\u00fcr Deutsch Sie haben ein Auto aus Deutschland importiert und ben\u00f6tigen eine \u00dcbersetzung der KFZ-Zulassungspapiere? Sie [&hellip;]\" \/>\n<meta property=\"og:url\" content=\"https:\/\/www.tktranslate.pl\/oferta\/tlumacz-przysiegly-jezyka-niemieckiego\/\" \/>\n<meta property=\"og:site_name\" content=\"TKTRANSLATE Biuro T\u0142umacze\u0144 Krosno\" \/>\n<meta property=\"article:modified_time\" content=\"2023-10-30T11:40:03+00:00\" \/>\n<meta property=\"og:image\" content=\"https:\/\/www.tktranslate.pl\/wp-content\/uploads\/2023\/06\/788_788_resize_q90_5458cdd9de53d0afbd03d2e5db17d25db42a4c9234d89146.jpg\" \/>\n<meta name=\"twitter:card\" content=\"summary_large_image\" \/>\n<meta name=\"twitter:label1\" content=\"Gesch\u00e4tzte Lesezeit\" \/>\n\t<meta name=\"twitter:data1\" content=\"4\u00a0Minuten\" \/>\n<script type=\"application\/ld+json\" class=\"yoast-schema-graph\">{\"@context\":\"https:\/\/schema.org\",\"@graph\":[{\"@type\":\"WebPage\",\"@id\":\"https:\/\/www.tktranslate.pl\/oferta\/tlumacz-przysiegly-jezyka-niemieckiego\/\",\"url\":\"https:\/\/www.tktranslate.pl\/oferta\/tlumacz-przysiegly-jezyka-niemieckiego\/\",\"name\":\"Vereidigter Dolmetscher und \u00dcbersetzer f\u00fcr Deutsch - TKTRANSLATE Biuro T\u0142umacze\u0144 Krosno\",\"isPartOf\":{\"@id\":\"https:\/\/www.tktranslate.pl\/#website\"},\"primaryImageOfPage\":{\"@id\":\"https:\/\/www.tktranslate.pl\/oferta\/tlumacz-przysiegly-jezyka-niemieckiego\/#primaryimage\"},\"image\":{\"@id\":\"https:\/\/www.tktranslate.pl\/oferta\/tlumacz-przysiegly-jezyka-niemieckiego\/#primaryimage\"},\"thumbnailUrl\":\"https:\/\/www.tktranslate.pl\/wp-content\/uploads\/2023\/06\/788_788_resize_q90_5458cdd9de53d0afbd03d2e5db17d25db42a4c9234d89146.jpg\",\"datePublished\":\"2023-06-22T16:37:37+00:00\",\"dateModified\":\"2023-10-30T11:40:03+00:00\",\"breadcrumb\":{\"@id\":\"https:\/\/www.tktranslate.pl\/oferta\/tlumacz-przysiegly-jezyka-niemieckiego\/#breadcrumb\"},\"inLanguage\":\"de\",\"potentialAction\":[{\"@type\":\"ReadAction\",\"target\":[\"https:\/\/www.tktranslate.pl\/oferta\/tlumacz-przysiegly-jezyka-niemieckiego\/\"]}]},{\"@type\":\"ImageObject\",\"inLanguage\":\"de\",\"@id\":\"https:\/\/www.tktranslate.pl\/oferta\/tlumacz-przysiegly-jezyka-niemieckiego\/#primaryimage\",\"url\":\"https:\/\/www.tktranslate.pl\/wp-content\/uploads\/2023\/06\/788_788_resize_q90_5458cdd9de53d0afbd03d2e5db17d25db42a4c9234d89146.jpg\",\"contentUrl\":\"https:\/\/www.tktranslate.pl\/wp-content\/uploads\/2023\/06\/788_788_resize_q90_5458cdd9de53d0afbd03d2e5db17d25db42a4c9234d89146.jpg\"},{\"@type\":\"BreadcrumbList\",\"@id\":\"https:\/\/www.tktranslate.pl\/oferta\/tlumacz-przysiegly-jezyka-niemieckiego\/#breadcrumb\",\"itemListElement\":[{\"@type\":\"ListItem\",\"position\":1,\"name\":\"Strona g\u0142\u00f3wna\",\"item\":\"https:\/\/www.tktranslate.pl\/\"},{\"@type\":\"ListItem\",\"position\":2,\"name\":\"Angebot\",\"item\":\"https:\/\/www.tktranslate.pl\/oferta\/\"},{\"@type\":\"ListItem\",\"position\":3,\"name\":\"Vereidigter Dolmetscher und \u00dcbersetzer f\u00fcr Deutsch\"}]},{\"@type\":\"WebSite\",\"@id\":\"https:\/\/www.tktranslate.pl\/#website\",\"url\":\"https:\/\/www.tktranslate.pl\/\",\"name\":\"TKTRANSLATE Biuro T\u0142umacze\u0144 Krosno\",\"description\":\"Profesjonalne biuro t\u0142umacze\u0144\",\"publisher\":{\"@id\":\"https:\/\/www.tktranslate.pl\/#organization\"},\"potentialAction\":[{\"@type\":\"SearchAction\",\"target\":{\"@type\":\"EntryPoint\",\"urlTemplate\":\"https:\/\/www.tktranslate.pl\/?s={search_term_string}\"},\"query-input\":{\"@type\":\"PropertyValueSpecification\",\"valueRequired\":true,\"valueName\":\"search_term_string\"}}],\"inLanguage\":\"de\"},{\"@type\":\"Organization\",\"@id\":\"https:\/\/www.tktranslate.pl\/#organization\",\"name\":\"TKTRANSLATE Biuro T\u0142umacze\u0144 Krosno\",\"url\":\"https:\/\/www.tktranslate.pl\/\",\"logo\":{\"@type\":\"ImageObject\",\"inLanguage\":\"de\",\"@id\":\"https:\/\/www.tktranslate.pl\/#\/schema\/logo\/image\/\",\"url\":\"https:\/\/www.tktranslate.pl\/wp-content\/uploads\/2023\/07\/tr-trnslate-logo-no-bg.png\",\"contentUrl\":\"https:\/\/www.tktranslate.pl\/wp-content\/uploads\/2023\/07\/tr-trnslate-logo-no-bg.png\",\"width\":600,\"height\":108,\"caption\":\"TKTRANSLATE Biuro T\u0142umacze\u0144 Krosno\"},\"image\":{\"@id\":\"https:\/\/www.tktranslate.pl\/#\/schema\/logo\/image\/\"}}]}<\/script>\n<!-- \/ Yoast SEO plugin. -->","yoast_head_json":{"title":"Vereidigter Dolmetscher und \u00dcbersetzer f\u00fcr Deutsch - TKTRANSLATE Biuro T\u0142umacze\u0144 Krosno","robots":{"index":"index","follow":"follow","max-snippet":"max-snippet:-1","max-image-preview":"max-image-preview:large","max-video-preview":"max-video-preview:-1"},"canonical":"https:\/\/www.tktranslate.pl\/oferta\/tlumacz-przysiegly-jezyka-niemieckiego\/","og_locale":"de_DE","og_type":"article","og_title":"Vereidigter Dolmetscher und \u00dcbersetzer f\u00fcr Deutsch - TKTRANSLATE Biuro T\u0142umacze\u0144 Krosno","og_description":"Vereidigter Dolmetscher und \u00dcbersetzer f\u00fcr Deutsch Sie haben ein Auto aus Deutschland importiert und ben\u00f6tigen eine \u00dcbersetzung der KFZ-Zulassungspapiere? Sie [&hellip;]","og_url":"https:\/\/www.tktranslate.pl\/oferta\/tlumacz-przysiegly-jezyka-niemieckiego\/","og_site_name":"TKTRANSLATE Biuro T\u0142umacze\u0144 Krosno","article_modified_time":"2023-10-30T11:40:03+00:00","og_image":[{"url":"https:\/\/www.tktranslate.pl\/wp-content\/uploads\/2023\/06\/788_788_resize_q90_5458cdd9de53d0afbd03d2e5db17d25db42a4c9234d89146.jpg","type":"","width":"","height":""}],"twitter_card":"summary_large_image","twitter_misc":{"Gesch\u00e4tzte Lesezeit":"4\u00a0Minuten"},"schema":{"@context":"https:\/\/schema.org","@graph":[{"@type":"WebPage","@id":"https:\/\/www.tktranslate.pl\/oferta\/tlumacz-przysiegly-jezyka-niemieckiego\/","url":"https:\/\/www.tktranslate.pl\/oferta\/tlumacz-przysiegly-jezyka-niemieckiego\/","name":"Vereidigter Dolmetscher und \u00dcbersetzer f\u00fcr Deutsch - TKTRANSLATE Biuro T\u0142umacze\u0144 Krosno","isPartOf":{"@id":"https:\/\/www.tktranslate.pl\/#website"},"primaryImageOfPage":{"@id":"https:\/\/www.tktranslate.pl\/oferta\/tlumacz-przysiegly-jezyka-niemieckiego\/#primaryimage"},"image":{"@id":"https:\/\/www.tktranslate.pl\/oferta\/tlumacz-przysiegly-jezyka-niemieckiego\/#primaryimage"},"thumbnailUrl":"https:\/\/www.tktranslate.pl\/wp-content\/uploads\/2023\/06\/788_788_resize_q90_5458cdd9de53d0afbd03d2e5db17d25db42a4c9234d89146.jpg","datePublished":"2023-06-22T16:37:37+00:00","dateModified":"2023-10-30T11:40:03+00:00","breadcrumb":{"@id":"https:\/\/www.tktranslate.pl\/oferta\/tlumacz-przysiegly-jezyka-niemieckiego\/#breadcrumb"},"inLanguage":"de","potentialAction":[{"@type":"ReadAction","target":["https:\/\/www.tktranslate.pl\/oferta\/tlumacz-przysiegly-jezyka-niemieckiego\/"]}]},{"@type":"ImageObject","inLanguage":"de","@id":"https:\/\/www.tktranslate.pl\/oferta\/tlumacz-przysiegly-jezyka-niemieckiego\/#primaryimage","url":"https:\/\/www.tktranslate.pl\/wp-content\/uploads\/2023\/06\/788_788_resize_q90_5458cdd9de53d0afbd03d2e5db17d25db42a4c9234d89146.jpg","contentUrl":"https:\/\/www.tktranslate.pl\/wp-content\/uploads\/2023\/06\/788_788_resize_q90_5458cdd9de53d0afbd03d2e5db17d25db42a4c9234d89146.jpg"},{"@type":"BreadcrumbList","@id":"https:\/\/www.tktranslate.pl\/oferta\/tlumacz-przysiegly-jezyka-niemieckiego\/#breadcrumb","itemListElement":[{"@type":"ListItem","position":1,"name":"Strona g\u0142\u00f3wna","item":"https:\/\/www.tktranslate.pl\/"},{"@type":"ListItem","position":2,"name":"Angebot","item":"https:\/\/www.tktranslate.pl\/oferta\/"},{"@type":"ListItem","position":3,"name":"Vereidigter Dolmetscher und \u00dcbersetzer f\u00fcr Deutsch"}]},{"@type":"WebSite","@id":"https:\/\/www.tktranslate.pl\/#website","url":"https:\/\/www.tktranslate.pl\/","name":"TKTRANSLATE Biuro T\u0142umacze\u0144 Krosno","description":"Profesjonalne biuro t\u0142umacze\u0144","publisher":{"@id":"https:\/\/www.tktranslate.pl\/#organization"},"potentialAction":[{"@type":"SearchAction","target":{"@type":"EntryPoint","urlTemplate":"https:\/\/www.tktranslate.pl\/?s={search_term_string}"},"query-input":{"@type":"PropertyValueSpecification","valueRequired":true,"valueName":"search_term_string"}}],"inLanguage":"de"},{"@type":"Organization","@id":"https:\/\/www.tktranslate.pl\/#organization","name":"TKTRANSLATE Biuro T\u0142umacze\u0144 Krosno","url":"https:\/\/www.tktranslate.pl\/","logo":{"@type":"ImageObject","inLanguage":"de","@id":"https:\/\/www.tktranslate.pl\/#\/schema\/logo\/image\/","url":"https:\/\/www.tktranslate.pl\/wp-content\/uploads\/2023\/07\/tr-trnslate-logo-no-bg.png","contentUrl":"https:\/\/www.tktranslate.pl\/wp-content\/uploads\/2023\/07\/tr-trnslate-logo-no-bg.png","width":600,"height":108,"caption":"TKTRANSLATE Biuro T\u0142umacze\u0144 Krosno"},"image":{"@id":"https:\/\/www.tktranslate.pl\/#\/schema\/logo\/image\/"}}]}},"_links":{"self":[{"href":"https:\/\/www.tktranslate.pl\/de\/wp-json\/wp\/v2\/pages\/11800","targetHints":{"allow":["GET"]}}],"collection":[{"href":"https:\/\/www.tktranslate.pl\/de\/wp-json\/wp\/v2\/pages"}],"about":[{"href":"https:\/\/www.tktranslate.pl\/de\/wp-json\/wp\/v2\/types\/page"}],"author":[{"embeddable":true,"href":"https:\/\/www.tktranslate.pl\/de\/wp-json\/wp\/v2\/users\/1"}],"replies":[{"embeddable":true,"href":"https:\/\/www.tktranslate.pl\/de\/wp-json\/wp\/v2\/comments?post=11800"}],"version-history":[{"count":5,"href":"https:\/\/www.tktranslate.pl\/de\/wp-json\/wp\/v2\/pages\/11800\/revisions"}],"predecessor-version":[{"id":11832,"href":"https:\/\/www.tktranslate.pl\/de\/wp-json\/wp\/v2\/pages\/11800\/revisions\/11832"}],"up":[{"embeddable":true,"href":"https:\/\/www.tktranslate.pl\/de\/wp-json\/wp\/v2\/pages\/11782"}],"wp:attachment":[{"href":"https:\/\/www.tktranslate.pl\/de\/wp-json\/wp\/v2\/media?parent=11800"}],"curies":[{"name":"wp","href":"https:\/\/api.w.org\/{rel}","templated":true}]}}